{"id":3165,"date":"2017-12-12T12:46:57","date_gmt":"2017-12-12T11:46:57","guid":{"rendered":"http:\/\/www.cemastir.de\/?page_id=3165"},"modified":"2025-12-02T15:01:36","modified_gmt":"2025-12-02T14:01:36","slug":"%e9%9b%b6%e4%bb%b6%e6%b8%85%e6%b4%81","status":"publish","type":"page","link":"https:\/\/www.bremax.de\/zh\/teilereinigung\/","title":{"rendered":"\u90e8\u4ef6\u6e05\u6d01"},"content":{"rendered":"<div data-elementor-type=\"wp-page\" data-elementor-id=\"3165\" class=\"elementor elementor-3165\" data-elementor-post-type=\"page\">\n\t\t\t\t<div class=\"elementor-element elementor-element-bd7baad e-flex e-con-boxed e-con e-parent\" data-id=\"bd7baad\" data-element_type=\"container\" data-e-type=\"container\" data-settings=\"{&quot;background_background&quot;:&quot;classic&quot;}\">\n\t\t\t\t\t<div class=\"e-con-inner\">\n\t\t\t\t<div class=\"elementor-element elementor-element-515553c elementor-widget elementor-widget-heading\" data-id=\"515553c\" data-element_type=\"widget\" data-e-type=\"widget\" data-widget_type=\"heading.default\">\n\t\t\t\t\t<h1 class=\"elementor-heading-title elementor-size-default\">\u90e8\u4ef6\u6e05\u6d01<\/h1>\t\t\t\t<\/div>\n\t\t\t\t\t<\/div>\n\t\t\t\t<\/div>\n\t\t<div class=\"elementor-element elementor-element-222d961 e-flex e-con-boxed e-con e-parent\" data-id=\"222d961\" data-element_type=\"container\" data-e-type=\"container\">\n\t\t\t\t\t<div class=\"e-con-inner\">\n\t\t<div class=\"elementor-element elementor-element-5becd5e e-con-full e-flex e-con e-child\" data-id=\"5becd5e\" data-element_type=\"container\" data-e-type=\"container\" data-settings=\"{&quot;background_background&quot;:&quot;classic&quot;}\">\n\t\t\t\t<div class=\"elementor-element elementor-element-09208d2 elementor-widget elementor-widget-image\" data-id=\"09208d2\" data-element_type=\"widget\" data-e-type=\"widget\" data-widget_type=\"image.default\">\n\t\t\t\t\t\t\t\t\t\t\t\t\t\t\t\t<a href=\"https:\/\/www.bremax.de\/zh\/%e9%9b%b6%e4%bb%b6%e6%b8%85%e6%b4%81\/%e6%b0%b4%e5%9f%ba%e6%b8%85%e6%b4%97\/\">\n\t\t\t\t\t\t\t<img decoding=\"async\" src=\"https:\/\/www.bremax.de\/wp-content\/uploads\/elementor\/thumbs\/CEMASTIR_Ultraschall_Anlage-rb9f3jnlphbwpf20jjwg1ox4hsjwtk93738crdo1b4.jpg\" title=\"CEMASTIR \u8d85\u58f0\u7cfb\u7edf\" alt=\"CEMASTIR \u8d85\u58f0\u7cfb\u7edf\" loading=\"lazy\" \/>\t\t\t\t\t\t\t\t<\/a>\n\t\t\t\t\t\t\t\t\t\t\t\t\t\t\t<\/div>\n\t\t<div class=\"elementor-element elementor-element-5aca1fb e-con-full e-flex e-con e-child\" data-id=\"5aca1fb\" data-element_type=\"container\" data-e-type=\"container\">\n\t\t\t\t<div class=\"elementor-element elementor-element-92873fe elementor-position-left elementor-vertical-align-middle elementor-widget elementor-widget-image-box\" data-id=\"92873fe\" data-element_type=\"widget\" data-e-type=\"widget\" data-widget_type=\"image-box.default\">\n\t\t\t\t\t<div class=\"elementor-image-box-wrapper\"><figure class=\"elementor-image-box-img\"><a href=\"https:\/\/www.bremax.de\/zh\/%e9%9b%b6%e4%bb%b6%e6%b8%85%e6%b4%81\/%e6%b0%b4%e5%9f%ba%e6%b8%85%e6%b4%97\/\" tabindex=\"-1\"><img decoding=\"async\" width=\"128\" height=\"128\" src=\"https:\/\/www.bremax.de\/wp-content\/uploads\/2025\/09\/bubble.png\" class=\"attachment-full size-full wp-image-13152\" alt=\"\" \/><\/a><\/figure><div class=\"elementor-image-box-content\"><h3 class=\"elementor-image-box-title\"><a href=\"https:\/\/www.bremax.de\/zh\/%e9%9b%b6%e4%bb%b6%e6%b8%85%e6%b4%81\/%e6%b0%b4%e5%9f%ba%e6%b8%85%e6%b4%97\/\"> \u6c34\u6e05\u6d17<\/a><\/h3><p class=\"elementor-image-box-description\">\u7bb1\u5f0f\u7cfb\u7edf\u3001\u8fde\u7eed\u6d41\u7cfb\u7edf\u3001\u65cb\u8f6c\u4f20\u8f93\u7cfb\u7edf\u3001\u6d78\u5165\u5f0f\u7cfb\u7edf\u3001\u9ad8\u538b\u7cfb\u7edf\u3001\u7cbe\u7ec6\u8fc7\u6ee4<\/p><\/div><\/div>\t\t\t\t<\/div>\n\t\t\t\t<\/div>\n\t\t\t\t<\/div>\n\t\t<div class=\"elementor-element elementor-element-ec9b7e0 e-con-full e-flex e-con e-child\" data-id=\"ec9b7e0\" data-element_type=\"container\" data-e-type=\"container\" data-settings=\"{&quot;background_background&quot;:&quot;classic&quot;}\">\n\t\t\t\t<div class=\"elementor-element elementor-element-b918a36 elementor-widget elementor-widget-image\" data-id=\"b918a36\" data-element_type=\"widget\" data-e-type=\"widget\" data-widget_type=\"image.default\">\n\t\t\t\t\t\t\t\t\t\t\t\t\t\t\t\t<a href=\"https:\/\/www.bremax.de\/zh\/%e9%9b%b6%e4%bb%b6%e6%b8%85%e6%b4%81\/%e6%ba%b6%e5%89%82%e6%b8%85%e6%b4%97\/\">\n\t\t\t\t\t\t\t<img decoding=\"async\" src=\"https:\/\/www.bremax.de\/wp-content\/uploads\/elementor\/thumbs\/iLSA_Loesemittelanlage_Frei_BREMAX_Teilereinigung_lohnreinigung_Christian-Mahnken.001-rfkacusitl8skdl3597sheaocpwx8aaq5xpji7z2cg.jpeg\" title=\"iLSA_solvent_system_Free_BREMAX_parts_cleaning_contract_cleaning_Christian Mahnken.001\" alt=\"iLSA_solvent_system_Free_BREMAX_parts_cleaning_contract_cleaning_Christian Mahnken.001\" loading=\"lazy\" \/>\t\t\t\t\t\t\t\t<\/a>\n\t\t\t\t\t\t\t\t\t\t\t\t\t\t\t<\/div>\n\t\t<div class=\"elementor-element elementor-element-e390df6 e-con-full e-flex e-con e-child\" data-id=\"e390df6\" data-element_type=\"container\" data-e-type=\"container\">\n\t\t\t\t<div class=\"elementor-element elementor-element-d899a50 elementor-position-left elementor-vertical-align-middle elementor-widget elementor-widget-image-box\" data-id=\"d899a50\" data-element_type=\"widget\" data-e-type=\"widget\" data-widget_type=\"image-box.default\">\n\t\t\t\t\t<div class=\"elementor-image-box-wrapper\"><figure class=\"elementor-image-box-img\"><a href=\"https:\/\/www.bremax.de\/zh\/%e9%9b%b6%e4%bb%b6%e6%b8%85%e6%b4%81\/%e6%ba%b6%e5%89%82%e6%b8%85%e6%b4%97\/\" tabindex=\"-1\"><img decoding=\"async\" width=\"128\" height=\"128\" src=\"https:\/\/www.bremax.de\/wp-content\/uploads\/2025\/09\/chemical.png\" class=\"attachment-full size-full wp-image-13154\" alt=\"\" \/><\/a><\/figure><div class=\"elementor-image-box-content\"><h3 class=\"elementor-image-box-title\"><a href=\"https:\/\/www.bremax.de\/zh\/%e9%9b%b6%e4%bb%b6%e6%b8%85%e6%b4%81\/%e6%ba%b6%e5%89%82%e6%b8%85%e6%b4%97\/\">\u6eb6\u5242\u6e05\u6d17<\/a><\/h3><p class=\"elementor-image-box-description\">\u6539\u6027\u9152\u7cbe (KWL)\u3001\u5168\u6c2f\u4e59\u70ef (CHC)\u3001\u7279\u6b8a\u6eb6\u5242\u3001\u84b8\u6c7d\u8131\u8102\u5242\u3001\u7cbe\u7ec6\u8fc7\u6ee4<\/p><\/div><\/div>\t\t\t\t<\/div>\n\t\t\t\t<\/div>\n\t\t\t\t<\/div>\n\t\t<div class=\"elementor-element elementor-element-400f632 e-con-full e-flex e-con e-child\" data-id=\"400f632\" data-element_type=\"container\" data-e-type=\"container\" data-settings=\"{&quot;background_background&quot;:&quot;classic&quot;}\">\n\t\t\t\t<div class=\"elementor-element elementor-element-aeb4ac7 elementor-widget elementor-widget-image\" data-id=\"aeb4ac7\" data-element_type=\"widget\" data-e-type=\"widget\" data-widget_type=\"image.default\">\n\t\t\t\t\t\t\t\t\t\t\t\t\t\t\t\t<a href=\"https:\/\/www.bremax.de\/zh\/%e9%9b%b6%e4%bb%b6%e6%b8%85%e6%b4%81\/%e8%b6%85%e9%9f%b3%e6%b3%a2\/\">\n\t\t\t\t\t\t\t<img decoding=\"async\" src=\"https:\/\/www.bremax.de\/wp-content\/uploads\/elementor\/thumbs\/iLSA_Loesemittelanlage_Frei_BREMAX_Teilereinigung_lohnreinigung_waessrig_Christian-Mahnken.001.001-rfkaco7nhqzsb3un7odehxyg70tcqeklt1555a8tk0.jpeg\" title=\"iLSA_solvent_system_free_BREMAX_part_cleaning_contract_cleaning_aqueous_Christian Mahnken.001.001\" alt=\"iLSA_solvent_system_free_BREMAX_part_cleaning_contract_cleaning_aqueous_Christian Mahnken.001.001\" loading=\"lazy\" \/>\t\t\t\t\t\t\t\t<\/a>\n\t\t\t\t\t\t\t\t\t\t\t\t\t\t\t<\/div>\n\t\t<div class=\"elementor-element elementor-element-1a22cbe e-con-full e-flex e-con e-child\" data-id=\"1a22cbe\" data-element_type=\"container\" data-e-type=\"container\">\n\t\t\t\t<div class=\"elementor-element elementor-element-cbd384f elementor-position-left elementor-vertical-align-middle elementor-widget elementor-widget-image-box\" data-id=\"cbd384f\" data-element_type=\"widget\" data-e-type=\"widget\" data-widget_type=\"image-box.default\">\n\t\t\t\t\t<div class=\"elementor-image-box-wrapper\"><figure class=\"elementor-image-box-img\"><a href=\"https:\/\/www.bremax.de\/zh\/%e9%9b%b6%e4%bb%b6%e6%b8%85%e6%b4%81\/%e8%b6%85%e9%9f%b3%e6%b3%a2\/\" tabindex=\"-1\"><img decoding=\"async\" width=\"128\" height=\"128\" src=\"https:\/\/www.bremax.de\/wp-content\/uploads\/2025\/09\/ultrasonic.png\" class=\"attachment-full size-full wp-image-13155\" alt=\"\" \/><\/a><\/figure><div class=\"elementor-image-box-content\"><h3 class=\"elementor-image-box-title\"><a href=\"https:\/\/www.bremax.de\/zh\/%e9%9b%b6%e4%bb%b6%e6%b8%85%e6%b4%81\/%e8%b6%85%e9%9f%b3%e6%b3%a2\/\">\u8d85\u58f0\u6ce2\u6e05\u6d17<\/a><\/h3><p class=\"elementor-image-box-description\">\u7bb1\u5f0f\u7cfb\u7edf\u3001\u591a\u6d74\u69fd\u6d78\u5165\u5f0f\u7cfb\u7edf\u3001\u8fde\u7eed\u6d41\u7cfb\u7edf\u3001\u53f0\u5f0f\u8bbe\u5907<\/p><\/div><\/div>\t\t\t\t<\/div>\n\t\t\t\t<\/div>\n\t\t\t\t<\/div>\n\t\t<div class=\"elementor-element elementor-element-82aee38 e-con-full e-flex e-con e-child\" data-id=\"82aee38\" data-element_type=\"container\" data-e-type=\"container\" data-settings=\"{&quot;background_background&quot;:&quot;classic&quot;}\">\n\t\t\t\t<div class=\"elementor-element elementor-element-cf896fa elementor-widget elementor-widget-image\" data-id=\"cf896fa\" data-element_type=\"widget\" data-e-type=\"widget\" data-widget_type=\"image.default\">\n\t\t\t\t\t\t\t\t\t\t\t\t\t\t\t\t<a href=\"https:\/\/www.bremax.de\/zh\/%e9%9b%b6%e4%bb%b6%e6%b8%85%e6%b4%81\/%e5%b7%a5%e8%b5%84%e6%b8%85%e7%90%86\/\">\n\t\t\t\t\t\t\t<img decoding=\"async\" src=\"https:\/\/www.bremax.de\/wp-content\/uploads\/elementor\/thumbs\/teaser-4Loesemittelanlage_automatische-beschickung_Dampfentfetten_Destillation_modifizierter-Alkohol_KWL_Cemastir2-rb9f3a97t4z1hbfo2fu6craijxu8ol7rtsphym1z1c.jpg\" title=\"\u9884\u544a-4\u6eb6\u5242\u7cfb\u7edf_\u81ea\u52a8\u4f9b\u6599_\u84b8\u6c14\u8131\u8102_\u84b8\u998f_\u6539\u826f\u9152\u7cbe_KWL_Cemastir2\" alt=\"\u9884\u544a-4\u6eb6\u5242\u7cfb\u7edf_\u81ea\u52a8\u4f9b\u6599_\u84b8\u6c14\u8131\u8102_\u84b8\u998f_\u6539\u826f\u9152\u7cbe_KWL_Cemastir2\" loading=\"lazy\" \/>\t\t\t\t\t\t\t\t<\/a>\n\t\t\t\t\t\t\t\t\t\t\t\t\t\t\t<\/div>\n\t\t<div class=\"elementor-element elementor-element-edaa834 e-con-full e-flex e-con e-child\" data-id=\"edaa834\" data-element_type=\"container\" data-e-type=\"container\">\n\t\t\t\t<div class=\"elementor-element elementor-element-26818c0 elementor-position-left elementor-vertical-align-middle elementor-widget elementor-widget-image-box\" data-id=\"26818c0\" data-element_type=\"widget\" data-e-type=\"widget\" data-widget_type=\"image-box.default\">\n\t\t\t\t\t<div class=\"elementor-image-box-wrapper\"><figure class=\"elementor-image-box-img\"><a href=\"https:\/\/www.bremax.de\/zh\/%e9%9b%b6%e4%bb%b6%e6%b8%85%e6%b4%81\/%e5%b7%a5%e8%b5%84%e6%b8%85%e7%90%86\/\" tabindex=\"-1\"><img decoding=\"async\" width=\"128\" height=\"128\" src=\"https:\/\/www.bremax.de\/wp-content\/uploads\/2025\/09\/bubble.png\" class=\"attachment-full size-full wp-image-13152\" alt=\"\" \/><\/a><\/figure><div class=\"elementor-image-box-content\"><h3 class=\"elementor-image-box-title\"><a href=\"https:\/\/www.bremax.de\/zh\/%e9%9b%b6%e4%bb%b6%e6%b8%85%e6%b4%81\/%e5%b7%a5%e8%b5%84%e6%b8%85%e7%90%86\/\">\u5408\u540c\u6e05\u6d01<\/a><\/h3><p class=\"elementor-image-box-description\">\u6eb6\u5242\u578b\uff08\u84b8\u6c7d\u8131\u8102\u3001\u6e05\u6d01\u3001\u5e94\u529b\u6d88\u9664\u3001\u771f\u7a7a\u5e72\u71e5\u3001\u5305\u88c5\uff09<\/p><\/div><\/div>\t\t\t\t<\/div>\n\t\t\t\t<\/div>\n\t\t\t\t<\/div>\n\t\t<div class=\"elementor-element elementor-element-ab67d19 e-con-full e-flex e-con e-child\" data-id=\"ab67d19\" data-element_type=\"container\" data-e-type=\"container\" data-settings=\"{&quot;background_background&quot;:&quot;classic&quot;}\">\n\t\t\t\t<div class=\"elementor-element elementor-element-a110764 elementor-widget elementor-widget-image\" data-id=\"a110764\" data-element_type=\"widget\" data-e-type=\"widget\" data-widget_type=\"image.default\">\n\t\t\t\t\t\t\t\t\t\t\t\t\t\t\t\t<a href=\"https:\/\/www.bremax.de\/zh\/%e9%9b%b6%e4%bb%b6%e6%b8%85%e6%b4%81\/%e7%89%b9%e6%ae%8a%e7%b3%bb%e7%bb%9f\/\">\n\t\t\t\t\t\t\t<img decoding=\"async\" src=\"https:\/\/www.bremax.de\/wp-content\/uploads\/elementor\/thumbs\/Rundtaktanlage_hohe-Taktzeit_Cemastir-waessrig-rb9f3hrxbt9c274quj36wpe7b0t6e61mitxdstqtnk.jpg\" title=\"\u65cb\u8f6c\u8f93\u9001\u7cfb\u7edf_\u9ad8\u5faa\u73af_\u51ef\u9a6c\u65af\u8482\u5c14\u6c34\u5382\" alt=\"\u65cb\u8f6c\u8f93\u9001\u7cfb\u7edf_\u9ad8\u5faa\u73af_\u51ef\u9a6c\u65af\u8482\u5c14\u6c34\u5382\" loading=\"lazy\" \/>\t\t\t\t\t\t\t\t<\/a>\n\t\t\t\t\t\t\t\t\t\t\t\t\t\t\t<\/div>\n\t\t<div class=\"elementor-element elementor-element-1c9d842 e-con-full e-flex e-con e-child\" data-id=\"1c9d842\" data-element_type=\"container\" data-e-type=\"container\">\n\t\t\t\t<div class=\"elementor-element elementor-element-71caf39 elementor-position-left elementor-vertical-align-middle elementor-widget elementor-widget-image-box\" data-id=\"71caf39\" data-element_type=\"widget\" data-e-type=\"widget\" data-widget_type=\"image-box.default\">\n\t\t\t\t\t<div class=\"elementor-image-box-wrapper\"><figure class=\"elementor-image-box-img\"><a href=\"https:\/\/www.bremax.de\/zh\/%e9%9b%b6%e4%bb%b6%e6%b8%85%e6%b4%81\/%e7%89%b9%e6%ae%8a%e7%b3%bb%e7%bb%9f\/\" tabindex=\"-1\"><img loading=\"lazy\" decoding=\"async\" width=\"128\" height=\"128\" src=\"https:\/\/www.bremax.de\/wp-content\/uploads\/2025\/09\/contract.png\" class=\"attachment-full size-full wp-image-13156\" alt=\"\" \/><\/a><\/figure><div class=\"elementor-image-box-content\"><h3 class=\"elementor-image-box-title\"><a href=\"https:\/\/www.bremax.de\/zh\/%e9%9b%b6%e4%bb%b6%e6%b8%85%e6%b4%81\/%e7%89%b9%e6%ae%8a%e7%b3%bb%e7%bb%9f\/\"> \u7279\u6b8a\u88c5\u7f6e<\/a><\/h3><p class=\"elementor-image-box-description\">\u6c34\u6027\u548c\u6eb6\u5242\u578b\u3002\u60a8\u7684\u613f\u671b\u5c31\u662f\u6211\u4eec\u7684\u547d\u4ee4\u3002.<\/p><\/div><\/div>\t\t\t\t<\/div>\n\t\t\t\t<\/div>\n\t\t\t\t<\/div>\n\t\t<div class=\"elementor-element elementor-element-08f1142 e-con-full e-flex e-con e-child\" data-id=\"08f1142\" data-element_type=\"container\" data-e-type=\"container\" data-settings=\"{&quot;background_background&quot;:&quot;classic&quot;}\">\n\t\t\t\t<div class=\"elementor-element elementor-element-30cddca elementor-widget elementor-widget-image\" data-id=\"30cddca\" data-element_type=\"widget\" data-e-type=\"widget\" data-widget_type=\"image.default\">\n\t\t\t\t\t\t\t\t\t\t\t\t\t\t\t\t<a href=\"\/zh\/%e9%9b%b6%e4%bb%b6%e6%b8%85%e6%b4%81\/%e6%9c%8d%e5%8a%a1\/\">\n\t\t\t\t\t\t\t<img decoding=\"async\" src=\"https:\/\/www.bremax.de\/wp-content\/uploads\/elementor\/thumbs\/Bremax_Service_Lohne_Aftersale_parts2clean_ChatGPT-Image-28.-Nov.-2025-14_23_32-rfdfxyxvv9o6nb1gvrmdwxmgg9djqji0j4swmkx8kg.png\" title=\"Bremax_Service_Lohne_Aftersale_parts2clean_ChatGPT \u56fe\u7247 28. 2025 \u5e74 11 \u6708, 14_23_32\" alt=\"Bremax_Service_Lohne_Aftersale_parts2clean_ChatGPT \u56fe\u7247 28. 2025 \u5e74 11 \u6708, 14_23_32\" loading=\"lazy\" \/>\t\t\t\t\t\t\t\t<\/a>\n\t\t\t\t\t\t\t\t\t\t\t\t\t\t\t<\/div>\n\t\t<div class=\"elementor-element elementor-element-6a75d8a e-con-full e-flex e-con e-child\" data-id=\"6a75d8a\" data-element_type=\"container\" data-e-type=\"container\">\n\t\t\t\t<div class=\"elementor-element elementor-element-5ee2900 elementor-position-left elementor-vertical-align-middle elementor-widget elementor-widget-image-box\" data-id=\"5ee2900\" data-element_type=\"widget\" data-e-type=\"widget\" data-widget_type=\"image-box.default\">\n\t\t\t\t\t<div class=\"elementor-image-box-wrapper\"><figure class=\"elementor-image-box-img\"><a href=\"\/zh\/%e9%9b%b6%e4%bb%b6%e6%b8%85%e6%b4%81\/%e6%9c%8d%e5%8a%a1\/\" tabindex=\"-1\"><img loading=\"lazy\" decoding=\"async\" width=\"128\" height=\"128\" src=\"https:\/\/www.bremax.de\/wp-content\/uploads\/2025\/09\/solvent.png\" class=\"attachment-full size-full wp-image-13157\" alt=\"\" \/><\/a><\/figure><div class=\"elementor-image-box-content\"><h3 class=\"elementor-image-box-title\"><a href=\"\/zh\/%e9%9b%b6%e4%bb%b6%e6%b8%85%e6%b4%81\/%e6%9c%8d%e5%8a%a1\/\">\u670d\u52a1<\/a><\/h3><p class=\"elementor-image-box-description\">BREMAX \u662f\u60a8\u96f6\u90e8\u4ef6\u6e05\u6d17\u7684 \u201e\u5168\u65b9\u4f4d\u670d\u52a1\u5408\u4f5c\u4f19\u4f34\u201e\uff0c\u540c\u65f6\u8fd8\u62e5\u6709\u904d\u5e03\u6b27\u6d32\u7684\u670d\u52a1\u6280\u672f\u4eba\u5458\u7f51\u7edc\u3002.<\/p><\/div><\/div>\t\t\t\t<\/div>\n\t\t\t\t<\/div>\n\t\t\t\t<\/div>\n\t\t\t\t\t<\/div>\n\t\t\t\t<\/div>\n\t\t\t\t<\/div>","protected":false},"excerpt":{"rendered":"<p>Teilereinigung W\u00e4ssrige Reinigung Kammeranlagen, Durchlaufanlagen, Rundtaktanlagen, Tauchanlagen, Hochdruckanlagen, Feinfiltration L\u00f6semittelreinigung Modifizierter Alkohol (KWL), Perchlorethylen (CKW), Speziall\u00f6semittel, Dampfentfetten, Feinfiltration Ultraschallreinigung Kammeranlagen, Mehrbadtauchanlagen, Durchlaufanlagen, Tischger\u00e4te Lohnreinigung Auf L\u00f6semittelbasis ( Dampfentfetten, Reinigen, Entspanen, Vakuumtrocknung, Verpacken ) Sonderanlagen Auf w\u00e4ssriger- sowie auf L\u00f6semittelbasis. Your wish is our command. SERVICE BREMAX ist Ihr \u201eFull-Service Partner\u201e in der Teilereinigung und verf\u00fcgt [&hellip;]<\/p>\n","protected":false},"author":3,"featured_media":0,"parent":0,"menu_order":0,"comment_status":"closed","ping_status":"closed","template":"","meta":{"footnotes":""},"class_list":["post-3165","page","type-page","status-publish","hentry"],"yoast_head":"<!-- This site is optimized with the Yoast SEO plugin v27.4 - https:\/\/yoast.com\/product\/yoast-seo-wordpress\/ -->\n<title>Teilereinigung - BREMAX Germany<\/title>\n<meta name=\"robots\" content=\"index, follow, max-snippet:-1, max-image-preview:large, max-video-preview:-1\" \/>\n<link rel=\"canonical\" href=\"https:\/\/www.bremax.de\/zh\/\u96f6\u4ef6\u6e05\u6d01\/\" \/>\n<meta property=\"og:locale\" content=\"zh_CN\" \/>\n<meta property=\"og:type\" content=\"article\" \/>\n<meta property=\"og:title\" content=\"Teilereinigung - BREMAX Germany\" \/>\n<meta property=\"og:description\" content=\"Teilereinigung W\u00e4ssrige Reinigung Kammeranlagen, Durchlaufanlagen, Rundtaktanlagen, Tauchanlagen, Hochdruckanlagen, Feinfiltration L\u00f6semittelreinigung Modifizierter Alkohol (KWL), Perchlorethylen (CKW), Speziall\u00f6semittel, Dampfentfetten, Feinfiltration Ultraschallreinigung Kammeranlagen, Mehrbadtauchanlagen, Durchlaufanlagen, Tischger\u00e4te Lohnreinigung Auf L\u00f6semittelbasis ( Dampfentfetten, Reinigen, Entspanen, Vakuumtrocknung, Verpacken ) Sonderanlagen Auf w\u00e4ssriger- sowie auf L\u00f6semittelbasis. Your wish is our command. SERVICE BREMAX ist Ihr \u201eFull-Service Partner\u201e in der Teilereinigung und verf\u00fcgt [&hellip;]\" \/>\n<meta property=\"og:url\" content=\"https:\/\/www.bremax.de\/zh\/\u96f6\u4ef6\u6e05\u6d01\/\" \/>\n<meta property=\"og:site_name\" content=\"BREMAX\" \/>\n<meta property=\"article:publisher\" content=\"https:\/\/www.facebook.com\/CemastirGermany\/\" \/>\n<meta property=\"article:modified_time\" content=\"2025-12-02T14:01:36+00:00\" \/>\n<meta property=\"og:image\" content=\"https:\/\/www.bremax.de\/wp-content\/uploads\/elementor\/thumbs\/CEMASTIR_Ultraschall_Anlage-rb9f3jnlphbwpf20jjwg1ox4hsjwtk93738crdo1b4.jpg\" \/>\n<meta name=\"twitter:card\" content=\"summary_large_image\" \/>\n<script type=\"application\/ld+json\" class=\"yoast-schema-graph\">{\"@context\":\"https:\\\/\\\/schema.org\",\"@graph\":[{\"@type\":\"WebPage\",\"@id\":\"https:\\\/\\\/www.bremax.de\\\/teilereinigung\\\/\",\"url\":\"https:\\\/\\\/www.bremax.de\\\/teilereinigung\\\/\",\"name\":\"Teilereinigung - BREMAX Germany\",\"isPartOf\":{\"@id\":\"https:\\\/\\\/www.bremax.de\\\/#website\"},\"primaryImageOfPage\":{\"@id\":\"https:\\\/\\\/www.bremax.de\\\/teilereinigung\\\/#primaryimage\"},\"image\":{\"@id\":\"https:\\\/\\\/www.bremax.de\\\/teilereinigung\\\/#primaryimage\"},\"thumbnailUrl\":\"https:\\\/\\\/www.bremax.de\\\/wp-content\\\/uploads\\\/elementor\\\/thumbs\\\/CEMASTIR_Ultraschall_Anlage-rb9f3jnlphbwpf20jjwg1ox4hsjwtk93738crdo1b4.jpg\",\"datePublished\":\"2017-12-12T11:46:57+00:00\",\"dateModified\":\"2025-12-02T14:01:36+00:00\",\"breadcrumb\":{\"@id\":\"https:\\\/\\\/www.bremax.de\\\/teilereinigung\\\/#breadcrumb\"},\"inLanguage\":\"zh-Hans\",\"potentialAction\":[{\"@type\":\"ReadAction\",\"target\":[\"https:\\\/\\\/www.bremax.de\\\/teilereinigung\\\/\"]}]},{\"@type\":\"ImageObject\",\"inLanguage\":\"zh-Hans\",\"@id\":\"https:\\\/\\\/www.bremax.de\\\/teilereinigung\\\/#primaryimage\",\"url\":\"https:\\\/\\\/www.bremax.de\\\/wp-content\\\/uploads\\\/elementor\\\/thumbs\\\/CEMASTIR_Ultraschall_Anlage-rb9f3jnlphbwpf20jjwg1ox4hsjwtk93738crdo1b4.jpg\",\"contentUrl\":\"https:\\\/\\\/www.bremax.de\\\/wp-content\\\/uploads\\\/elementor\\\/thumbs\\\/CEMASTIR_Ultraschall_Anlage-rb9f3jnlphbwpf20jjwg1ox4hsjwtk93738crdo1b4.jpg\"},{\"@type\":\"BreadcrumbList\",\"@id\":\"https:\\\/\\\/www.bremax.de\\\/teilereinigung\\\/#breadcrumb\",\"itemListElement\":[{\"@type\":\"ListItem\",\"position\":1,\"name\":\"Startseite\",\"item\":\"https:\\\/\\\/www.bremax.de\\\/\"},{\"@type\":\"ListItem\",\"position\":2,\"name\":\"Teilereinigung\"}]},{\"@type\":\"WebSite\",\"@id\":\"https:\\\/\\\/www.bremax.de\\\/#website\",\"url\":\"https:\\\/\\\/www.bremax.de\\\/\",\"name\":\"BREMAX\",\"description\":\"\",\"publisher\":{\"@id\":\"https:\\\/\\\/www.bremax.de\\\/#organization\"},\"potentialAction\":[{\"@type\":\"SearchAction\",\"target\":{\"@type\":\"EntryPoint\",\"urlTemplate\":\"https:\\\/\\\/www.bremax.de\\\/?s={search_term_string}\"},\"query-input\":{\"@type\":\"PropertyValueSpecification\",\"valueRequired\":true,\"valueName\":\"search_term_string\"}}],\"inLanguage\":\"zh-Hans\"},{\"@type\":\"Organization\",\"@id\":\"https:\\\/\\\/www.bremax.de\\\/#organization\",\"name\":\"BREMAX\",\"url\":\"https:\\\/\\\/www.bremax.de\\\/\",\"logo\":{\"@type\":\"ImageObject\",\"inLanguage\":\"zh-Hans\",\"@id\":\"https:\\\/\\\/www.bremax.de\\\/#\\\/schema\\\/logo\\\/image\\\/\",\"url\":\"https:\\\/\\\/www.bremax.de\\\/wp-content\\\/uploads\\\/2025\\\/09\\\/cropped-Logo_BREMAX_Gross_transp-3.png\",\"contentUrl\":\"https:\\\/\\\/www.bremax.de\\\/wp-content\\\/uploads\\\/2025\\\/09\\\/cropped-Logo_BREMAX_Gross_transp-3.png\",\"width\":1000,\"height\":285,\"caption\":\"BREMAX\"},\"image\":{\"@id\":\"https:\\\/\\\/www.bremax.de\\\/#\\\/schema\\\/logo\\\/image\\\/\"},\"sameAs\":[\"https:\\\/\\\/www.facebook.com\\\/CemastirGermany\\\/\"]}]}<\/script>\n<!-- \/ Yoast SEO plugin. -->","yoast_head_json":{"title":"\u90e8\u4ef6\u6e05\u6d17 - BREMAX \u5fb7\u56fd","robots":{"index":"index","follow":"follow","max-snippet":"max-snippet:-1","max-image-preview":"max-image-preview:large","max-video-preview":"max-video-preview:-1"},"canonical":"https:\/\/www.bremax.de\/zh\/\u96f6\u4ef6\u6e05\u6d01\/","og_locale":"zh_CN","og_type":"article","og_title":"Teilereinigung - BREMAX Germany","og_description":"Teilereinigung W\u00e4ssrige Reinigung Kammeranlagen, Durchlaufanlagen, Rundtaktanlagen, Tauchanlagen, Hochdruckanlagen, Feinfiltration L\u00f6semittelreinigung Modifizierter Alkohol (KWL), Perchlorethylen (CKW), Speziall\u00f6semittel, Dampfentfetten, Feinfiltration Ultraschallreinigung Kammeranlagen, Mehrbadtauchanlagen, Durchlaufanlagen, Tischger\u00e4te Lohnreinigung Auf L\u00f6semittelbasis ( Dampfentfetten, Reinigen, Entspanen, Vakuumtrocknung, Verpacken ) Sonderanlagen Auf w\u00e4ssriger- sowie auf L\u00f6semittelbasis. Your wish is our command. SERVICE BREMAX ist Ihr \u201eFull-Service Partner\u201e in der Teilereinigung und verf\u00fcgt [&hellip;]","og_url":"https:\/\/www.bremax.de\/zh\/\u96f6\u4ef6\u6e05\u6d01\/","og_site_name":"BREMAX","article_publisher":"https:\/\/www.facebook.com\/CemastirGermany\/","article_modified_time":"2025-12-02T14:01:36+00:00","og_image":[{"url":"https:\/\/www.bremax.de\/wp-content\/uploads\/elementor\/thumbs\/CEMASTIR_Ultraschall_Anlage-rb9f3jnlphbwpf20jjwg1ox4hsjwtk93738crdo1b4.jpg","type":"","width":"","height":""}],"twitter_card":"summary_large_image","schema":{"@context":"https:\/\/schema.org","@graph":[{"@type":"WebPage","@id":"https:\/\/www.bremax.de\/teilereinigung\/","url":"https:\/\/www.bremax.de\/teilereinigung\/","name":"\u90e8\u4ef6\u6e05\u6d17 - BREMAX \u5fb7\u56fd","isPartOf":{"@id":"https:\/\/www.bremax.de\/#website"},"primaryImageOfPage":{"@id":"https:\/\/www.bremax.de\/teilereinigung\/#primaryimage"},"image":{"@id":"https:\/\/www.bremax.de\/teilereinigung\/#primaryimage"},"thumbnailUrl":"https:\/\/www.bremax.de\/wp-content\/uploads\/elementor\/thumbs\/CEMASTIR_Ultraschall_Anlage-rb9f3jnlphbwpf20jjwg1ox4hsjwtk93738crdo1b4.jpg","datePublished":"2017-12-12T11:46:57+00:00","dateModified":"2025-12-02T14:01:36+00:00","breadcrumb":{"@id":"https:\/\/www.bremax.de\/teilereinigung\/#breadcrumb"},"inLanguage":"zh-Hans","potentialAction":[{"@type":"ReadAction","target":["https:\/\/www.bremax.de\/teilereinigung\/"]}]},{"@type":"ImageObject","inLanguage":"zh-Hans","@id":"https:\/\/www.bremax.de\/teilereinigung\/#primaryimage","url":"https:\/\/www.bremax.de\/wp-content\/uploads\/elementor\/thumbs\/CEMASTIR_Ultraschall_Anlage-rb9f3jnlphbwpf20jjwg1ox4hsjwtk93738crdo1b4.jpg","contentUrl":"https:\/\/www.bremax.de\/wp-content\/uploads\/elementor\/thumbs\/CEMASTIR_Ultraschall_Anlage-rb9f3jnlphbwpf20jjwg1ox4hsjwtk93738crdo1b4.jpg"},{"@type":"BreadcrumbList","@id":"https:\/\/www.bremax.de\/teilereinigung\/#breadcrumb","itemListElement":[{"@type":"ListItem","position":1,"name":"Startseite","item":"https:\/\/www.bremax.de\/"},{"@type":"ListItem","position":2,"name":"Teilereinigung"}]},{"@type":"WebSite","@id":"https:\/\/www.bremax.de\/#website","url":"https:\/\/www.bremax.de\/","name":"BREMAX","description":"","publisher":{"@id":"https:\/\/www.bremax.de\/#organization"},"potentialAction":[{"@type":"SearchAction","target":{"@type":"EntryPoint","urlTemplate":"https:\/\/www.bremax.de\/?s={search_term_string}"},"query-input":{"@type":"PropertyValueSpecification","valueRequired":true,"valueName":"search_term_string"}}],"inLanguage":"zh-Hans"},{"@type":"Organization","@id":"https:\/\/www.bremax.de\/#organization","name":"BREMAX","url":"https:\/\/www.bremax.de\/","logo":{"@type":"ImageObject","inLanguage":"zh-Hans","@id":"https:\/\/www.bremax.de\/#\/schema\/logo\/image\/","url":"https:\/\/www.bremax.de\/wp-content\/uploads\/2025\/09\/cropped-Logo_BREMAX_Gross_transp-3.png","contentUrl":"https:\/\/www.bremax.de\/wp-content\/uploads\/2025\/09\/cropped-Logo_BREMAX_Gross_transp-3.png","width":1000,"height":285,"caption":"BREMAX"},"image":{"@id":"https:\/\/www.bremax.de\/#\/schema\/logo\/image\/"},"sameAs":["https:\/\/www.facebook.com\/CemastirGermany\/"]}]}},"_links":{"self":[{"href":"https:\/\/www.bremax.de\/zh\/wp-json\/wp\/v2\/pages\/3165","targetHints":{"allow":["GET"]}}],"collection":[{"href":"https:\/\/www.bremax.de\/zh\/wp-json\/wp\/v2\/pages"}],"about":[{"href":"https:\/\/www.bremax.de\/zh\/wp-json\/wp\/v2\/types\/page"}],"author":[{"embeddable":true,"href":"https:\/\/www.bremax.de\/zh\/wp-json\/wp\/v2\/users\/3"}],"replies":[{"embeddable":true,"href":"https:\/\/www.bremax.de\/zh\/wp-json\/wp\/v2\/comments?post=3165"}],"version-history":[{"count":54,"href":"https:\/\/www.bremax.de\/zh\/wp-json\/wp\/v2\/pages\/3165\/revisions"}],"predecessor-version":[{"id":13797,"href":"https:\/\/www.bremax.de\/zh\/wp-json\/wp\/v2\/pages\/3165\/revisions\/13797"}],"wp:attachment":[{"href":"https:\/\/www.bremax.de\/zh\/wp-json\/wp\/v2\/media?parent=3165"}],"curies":[{"name":"wp","href":"https:\/\/api.w.org\/{rel}","templated":true}]}}