{"id":3165,"date":"2017-12-12T12:46:57","date_gmt":"2017-12-12T11:46:57","guid":{"rendered":"http:\/\/www.cemastir.de\/?page_id=3165"},"modified":"2025-12-02T15:01:36","modified_gmt":"2025-12-02T14:01:36","slug":"czyszczenie-czesci","status":"publish","type":"page","link":"https:\/\/www.bremax.de\/pl\/teilereinigung\/","title":{"rendered":"Czyszczenie cz\u0119\u015bci"},"content":{"rendered":"<div data-elementor-type=\"wp-page\" data-elementor-id=\"3165\" class=\"elementor elementor-3165\" data-elementor-post-type=\"page\">\n\t\t\t\t<div class=\"elementor-element elementor-element-bd7baad e-flex e-con-boxed e-con e-parent\" data-id=\"bd7baad\" data-element_type=\"container\" data-e-type=\"container\" data-settings=\"{&quot;background_background&quot;:&quot;classic&quot;}\">\n\t\t\t\t\t<div class=\"e-con-inner\">\n\t\t\t\t<div class=\"elementor-element elementor-element-515553c elementor-widget elementor-widget-heading\" data-id=\"515553c\" data-element_type=\"widget\" data-e-type=\"widget\" data-widget_type=\"heading.default\">\n\t\t\t\t\t<h1 class=\"elementor-heading-title elementor-size-default\">Czyszczenie cz\u0119\u015bci<\/h1>\t\t\t\t<\/div>\n\t\t\t\t\t<\/div>\n\t\t\t\t<\/div>\n\t\t<div class=\"elementor-element elementor-element-222d961 e-flex e-con-boxed e-con e-parent\" data-id=\"222d961\" data-element_type=\"container\" data-e-type=\"container\">\n\t\t\t\t\t<div class=\"e-con-inner\">\n\t\t<div class=\"elementor-element elementor-element-5becd5e e-con-full e-flex e-con e-child\" data-id=\"5becd5e\" data-element_type=\"container\" data-e-type=\"container\" data-settings=\"{&quot;background_background&quot;:&quot;classic&quot;}\">\n\t\t\t\t<div class=\"elementor-element elementor-element-09208d2 elementor-widget elementor-widget-image\" data-id=\"09208d2\" data-element_type=\"widget\" data-e-type=\"widget\" data-widget_type=\"image.default\">\n\t\t\t\t\t\t\t\t\t\t\t\t\t\t\t\t<a href=\"https:\/\/www.bremax.de\/pl\/czyszczenie-czesci\/czyszczenie-na-bazie-wody\/\">\n\t\t\t\t\t\t\t<img decoding=\"async\" src=\"https:\/\/www.bremax.de\/wp-content\/uploads\/elementor\/thumbs\/CEMASTIR_Ultraschall_Anlage-rb9f3jnlphbwpf20jjwg1ox4hsjwtk93738crdo1b4.jpg\" title=\"CEMASTIR_ultrasound_system\" alt=\"CEMASTIR_ultrasound_system\" loading=\"lazy\" \/>\t\t\t\t\t\t\t\t<\/a>\n\t\t\t\t\t\t\t\t\t\t\t\t\t\t\t<\/div>\n\t\t<div class=\"elementor-element elementor-element-5aca1fb e-con-full e-flex e-con e-child\" data-id=\"5aca1fb\" data-element_type=\"container\" data-e-type=\"container\">\n\t\t\t\t<div class=\"elementor-element elementor-element-92873fe elementor-position-left elementor-vertical-align-middle elementor-widget elementor-widget-image-box\" data-id=\"92873fe\" data-element_type=\"widget\" data-e-type=\"widget\" data-widget_type=\"image-box.default\">\n\t\t\t\t\t<div class=\"elementor-image-box-wrapper\"><figure class=\"elementor-image-box-img\"><a href=\"https:\/\/www.bremax.de\/pl\/czyszczenie-czesci\/czyszczenie-na-bazie-wody\/\" tabindex=\"-1\"><img decoding=\"async\" width=\"128\" height=\"128\" src=\"https:\/\/www.bremax.de\/wp-content\/uploads\/2025\/09\/bubble.png\" class=\"attachment-full size-full wp-image-13152\" alt=\"\" \/><\/a><\/figure><div class=\"elementor-image-box-content\"><h3 class=\"elementor-image-box-title\"><a href=\"https:\/\/www.bremax.de\/pl\/czyszczenie-czesci\/czyszczenie-na-bazie-wody\/\"> Czyszczenie wodne<\/a><\/h3><p class=\"elementor-image-box-description\">Systemy komorowe, systemy przep\u0142ywu ci\u0105g\u0142ego, systemy transferu obrotowego, systemy zanurzeniowe, systemy wysokoci\u015bnieniowe, filtracja dok\u0142adna<\/p><\/div><\/div>\t\t\t\t<\/div>\n\t\t\t\t<\/div>\n\t\t\t\t<\/div>\n\t\t<div class=\"elementor-element elementor-element-ec9b7e0 e-con-full e-flex e-con e-child\" data-id=\"ec9b7e0\" data-element_type=\"container\" data-e-type=\"container\" data-settings=\"{&quot;background_background&quot;:&quot;classic&quot;}\">\n\t\t\t\t<div class=\"elementor-element elementor-element-b918a36 elementor-widget elementor-widget-image\" data-id=\"b918a36\" data-element_type=\"widget\" data-e-type=\"widget\" data-widget_type=\"image.default\">\n\t\t\t\t\t\t\t\t\t\t\t\t\t\t\t\t<a href=\"https:\/\/www.bremax.de\/pl\/czyszczenie-czesci\/czyszczenie-rozpuszczalnikiem\/\">\n\t\t\t\t\t\t\t<img decoding=\"async\" src=\"https:\/\/www.bremax.de\/wp-content\/uploads\/elementor\/thumbs\/iLSA_Loesemittelanlage_Frei_BREMAX_Teilereinigung_lohnreinigung_Christian-Mahnken.001-rfkacusitl8skdl3597sheaocpwx8aaq5xpji7z2cg.jpeg\" title=\"iLSA_solvent_system_Free_BREMAX_parts_cleaning_contract_cleaning_Christian Mahnken.001\" alt=\"iLSA_solvent_system_Free_BREMAX_parts_cleaning_contract_cleaning_Christian Mahnken.001\" loading=\"lazy\" \/>\t\t\t\t\t\t\t\t<\/a>\n\t\t\t\t\t\t\t\t\t\t\t\t\t\t\t<\/div>\n\t\t<div class=\"elementor-element elementor-element-e390df6 e-con-full e-flex e-con e-child\" data-id=\"e390df6\" data-element_type=\"container\" data-e-type=\"container\">\n\t\t\t\t<div class=\"elementor-element elementor-element-d899a50 elementor-position-left elementor-vertical-align-middle elementor-widget elementor-widget-image-box\" data-id=\"d899a50\" data-element_type=\"widget\" data-e-type=\"widget\" data-widget_type=\"image-box.default\">\n\t\t\t\t\t<div class=\"elementor-image-box-wrapper\"><figure class=\"elementor-image-box-img\"><a href=\"https:\/\/www.bremax.de\/pl\/czyszczenie-czesci\/czyszczenie-rozpuszczalnikiem\/\" tabindex=\"-1\"><img decoding=\"async\" width=\"128\" height=\"128\" src=\"https:\/\/www.bremax.de\/wp-content\/uploads\/2025\/09\/chemical.png\" class=\"attachment-full size-full wp-image-13154\" alt=\"\" \/><\/a><\/figure><div class=\"elementor-image-box-content\"><h3 class=\"elementor-image-box-title\"><a href=\"https:\/\/www.bremax.de\/pl\/czyszczenie-czesci\/czyszczenie-rozpuszczalnikiem\/\">Czyszczenie rozpuszczalnikiem<\/a><\/h3><p class=\"elementor-image-box-description\">Modyfikowany alkohol (KWL), perchloroetylen (CHC), specjalne rozpuszczalniki, odt\u0142uszczacze opar\u00f3w, dok\u0142adna filtracja<\/p><\/div><\/div>\t\t\t\t<\/div>\n\t\t\t\t<\/div>\n\t\t\t\t<\/div>\n\t\t<div class=\"elementor-element elementor-element-400f632 e-con-full e-flex e-con e-child\" data-id=\"400f632\" data-element_type=\"container\" data-e-type=\"container\" data-settings=\"{&quot;background_background&quot;:&quot;classic&quot;}\">\n\t\t\t\t<div class=\"elementor-element elementor-element-aeb4ac7 elementor-widget elementor-widget-image\" data-id=\"aeb4ac7\" data-element_type=\"widget\" data-e-type=\"widget\" data-widget_type=\"image.default\">\n\t\t\t\t\t\t\t\t\t\t\t\t\t\t\t\t<a href=\"https:\/\/www.bremax.de\/pl\/czyszczenie-czesci\/ultradzwieki\/\">\n\t\t\t\t\t\t\t<img decoding=\"async\" src=\"https:\/\/www.bremax.de\/wp-content\/uploads\/elementor\/thumbs\/iLSA_Loesemittelanlage_Frei_BREMAX_Teilereinigung_lohnreinigung_waessrig_Christian-Mahnken.001.001-rfkaco7nhqzsb3un7odehxyg70tcqeklt1555a8tk0.jpeg\" title=\"iLSA_solvent_system_free_BREMAX_parts_cleaning_contract_cleaning_aqueous_Christian Mahnken.001.001\" alt=\"iLSA_solvent_system_free_BREMAX_parts_cleaning_contract_cleaning_aqueous_Christian Mahnken.001.001\" loading=\"lazy\" \/>\t\t\t\t\t\t\t\t<\/a>\n\t\t\t\t\t\t\t\t\t\t\t\t\t\t\t<\/div>\n\t\t<div class=\"elementor-element elementor-element-1a22cbe e-con-full e-flex e-con e-child\" data-id=\"1a22cbe\" data-element_type=\"container\" data-e-type=\"container\">\n\t\t\t\t<div class=\"elementor-element elementor-element-cbd384f elementor-position-left elementor-vertical-align-middle elementor-widget elementor-widget-image-box\" data-id=\"cbd384f\" data-element_type=\"widget\" data-e-type=\"widget\" data-widget_type=\"image-box.default\">\n\t\t\t\t\t<div class=\"elementor-image-box-wrapper\"><figure class=\"elementor-image-box-img\"><a href=\"https:\/\/www.bremax.de\/pl\/czyszczenie-czesci\/ultradzwieki\/\" tabindex=\"-1\"><img decoding=\"async\" width=\"128\" height=\"128\" src=\"https:\/\/www.bremax.de\/wp-content\/uploads\/2025\/09\/ultrasonic.png\" class=\"attachment-full size-full wp-image-13155\" alt=\"\" \/><\/a><\/figure><div class=\"elementor-image-box-content\"><h3 class=\"elementor-image-box-title\"><a href=\"https:\/\/www.bremax.de\/pl\/czyszczenie-czesci\/ultradzwieki\/\">Czyszczenie ultrad\u017awi\u0119kowe<\/a><\/h3><p class=\"elementor-image-box-description\">Systemy komorowe, systemy zanurzeniowe z wieloma wannami, systemy z przep\u0142ywem ci\u0105g\u0142ym, urz\u0105dzenia sto\u0142owe<\/p><\/div><\/div>\t\t\t\t<\/div>\n\t\t\t\t<\/div>\n\t\t\t\t<\/div>\n\t\t<div class=\"elementor-element elementor-element-82aee38 e-con-full e-flex e-con e-child\" data-id=\"82aee38\" data-element_type=\"container\" data-e-type=\"container\" data-settings=\"{&quot;background_background&quot;:&quot;classic&quot;}\">\n\t\t\t\t<div class=\"elementor-element elementor-element-cf896fa elementor-widget elementor-widget-image\" data-id=\"cf896fa\" data-element_type=\"widget\" data-e-type=\"widget\" data-widget_type=\"image.default\">\n\t\t\t\t\t\t\t\t\t\t\t\t\t\t\t\t<a href=\"https:\/\/www.bremax.de\/pl\/czyszczenie-czesci\/czyszczenie-plac\/\">\n\t\t\t\t\t\t\t<img decoding=\"async\" src=\"https:\/\/www.bremax.de\/wp-content\/uploads\/elementor\/thumbs\/teaser-4Loesemittelanlage_automatische-beschickung_Dampfentfetten_Destillation_modifizierter-Alkohol_KWL_Cemastir2-rb9f3a97t4z1hbfo2fu6craijxu8ol7rtsphym1z1c.jpg\" title=\"teaser-4Solvent_system_automatic_feeding_vapour_degreasing_distillation_modified_alcohol_KWL_Cemastir2\" alt=\"teaser-4Solvent_system_automatic_feeding_vapour_degreasing_distillation_modified_alcohol_KWL_Cemastir2\" loading=\"lazy\" \/>\t\t\t\t\t\t\t\t<\/a>\n\t\t\t\t\t\t\t\t\t\t\t\t\t\t\t<\/div>\n\t\t<div class=\"elementor-element elementor-element-edaa834 e-con-full e-flex e-con e-child\" data-id=\"edaa834\" data-element_type=\"container\" data-e-type=\"container\">\n\t\t\t\t<div class=\"elementor-element elementor-element-26818c0 elementor-position-left elementor-vertical-align-middle elementor-widget elementor-widget-image-box\" data-id=\"26818c0\" data-element_type=\"widget\" data-e-type=\"widget\" data-widget_type=\"image-box.default\">\n\t\t\t\t\t<div class=\"elementor-image-box-wrapper\"><figure class=\"elementor-image-box-img\"><a href=\"https:\/\/www.bremax.de\/pl\/czyszczenie-czesci\/czyszczenie-plac\/\" tabindex=\"-1\"><img decoding=\"async\" width=\"128\" height=\"128\" src=\"https:\/\/www.bremax.de\/wp-content\/uploads\/2025\/09\/bubble.png\" class=\"attachment-full size-full wp-image-13152\" alt=\"\" \/><\/a><\/figure><div class=\"elementor-image-box-content\"><h3 class=\"elementor-image-box-title\"><a href=\"https:\/\/www.bremax.de\/pl\/czyszczenie-czesci\/czyszczenie-plac\/\">Sprz\u0105tanie na zlecenie<\/a><\/h3><p class=\"elementor-image-box-description\">Na bazie rozpuszczalnik\u00f3w (odt\u0142uszczanie parowe, czyszczenie, odpr\u0119\u017canie, suszenie pr\u00f3\u017cniowe, pakowanie)<\/p><\/div><\/div>\t\t\t\t<\/div>\n\t\t\t\t<\/div>\n\t\t\t\t<\/div>\n\t\t<div class=\"elementor-element elementor-element-ab67d19 e-con-full e-flex e-con e-child\" data-id=\"ab67d19\" data-element_type=\"container\" data-e-type=\"container\" data-settings=\"{&quot;background_background&quot;:&quot;classic&quot;}\">\n\t\t\t\t<div class=\"elementor-element elementor-element-a110764 elementor-widget elementor-widget-image\" data-id=\"a110764\" data-element_type=\"widget\" data-e-type=\"widget\" data-widget_type=\"image.default\">\n\t\t\t\t\t\t\t\t\t\t\t\t\t\t\t\t<a href=\"https:\/\/www.bremax.de\/pl\/czyszczenie-czesci\/systemy-specjalne\/\">\n\t\t\t\t\t\t\t<img decoding=\"async\" src=\"https:\/\/www.bremax.de\/wp-content\/uploads\/elementor\/thumbs\/Rundtaktanlage_hohe-Taktzeit_Cemastir-waessrig-rb9f3hrxbt9c274quj36wpe7b0t6e61mitxdstqtnk.jpg\" title=\"System transferu obrotowego_wysoki cykl_Cemastir-watery\" alt=\"System transferu obrotowego_wysoki cykl_Cemastir-watery\" loading=\"lazy\" \/>\t\t\t\t\t\t\t\t<\/a>\n\t\t\t\t\t\t\t\t\t\t\t\t\t\t\t<\/div>\n\t\t<div class=\"elementor-element elementor-element-1c9d842 e-con-full e-flex e-con e-child\" data-id=\"1c9d842\" data-element_type=\"container\" data-e-type=\"container\">\n\t\t\t\t<div class=\"elementor-element elementor-element-71caf39 elementor-position-left elementor-vertical-align-middle elementor-widget elementor-widget-image-box\" data-id=\"71caf39\" data-element_type=\"widget\" data-e-type=\"widget\" data-widget_type=\"image-box.default\">\n\t\t\t\t\t<div class=\"elementor-image-box-wrapper\"><figure class=\"elementor-image-box-img\"><a href=\"https:\/\/www.bremax.de\/pl\/czyszczenie-czesci\/systemy-specjalne\/\" tabindex=\"-1\"><img loading=\"lazy\" decoding=\"async\" width=\"128\" height=\"128\" src=\"https:\/\/www.bremax.de\/wp-content\/uploads\/2025\/09\/contract.png\" class=\"attachment-full size-full wp-image-13156\" alt=\"\" \/><\/a><\/figure><div class=\"elementor-image-box-content\"><h3 class=\"elementor-image-box-title\"><a href=\"https:\/\/www.bremax.de\/pl\/czyszczenie-czesci\/systemy-specjalne\/\"> Instalacje specjalne<\/a><\/h3><p class=\"elementor-image-box-description\">Na bazie wody i rozpuszczalnik\u00f3w. Twoje \u017cyczenie jest naszym rozkazem.<\/p><\/div><\/div>\t\t\t\t<\/div>\n\t\t\t\t<\/div>\n\t\t\t\t<\/div>\n\t\t<div class=\"elementor-element elementor-element-08f1142 e-con-full e-flex e-con e-child\" data-id=\"08f1142\" data-element_type=\"container\" data-e-type=\"container\" data-settings=\"{&quot;background_background&quot;:&quot;classic&quot;}\">\n\t\t\t\t<div class=\"elementor-element elementor-element-30cddca elementor-widget elementor-widget-image\" data-id=\"30cddca\" data-element_type=\"widget\" data-e-type=\"widget\" data-widget_type=\"image.default\">\n\t\t\t\t\t\t\t\t\t\t\t\t\t\t\t\t<a href=\"\/pl\/czyszczenie-czesci\/usluga\/\">\n\t\t\t\t\t\t\t<img decoding=\"async\" src=\"https:\/\/www.bremax.de\/wp-content\/uploads\/elementor\/thumbs\/Bremax_Service_Lohne_Aftersale_parts2clean_ChatGPT-Image-28.-Nov.-2025-14_23_32-rfdfxyxvv9o6nb1gvrmdwxmgg9djqji0j4swmkx8kg.png\" title=\"Bremax_Service_Lohne_Aftersale_parts2clean_ChatGPT Zdj\u0119cie 28. 2025, 14_23_32\" alt=\"Bremax_Service_Lohne_Aftersale_parts2clean_ChatGPT Zdj\u0119cie 28. 2025, 14_23_32\" loading=\"lazy\" \/>\t\t\t\t\t\t\t\t<\/a>\n\t\t\t\t\t\t\t\t\t\t\t\t\t\t\t<\/div>\n\t\t<div class=\"elementor-element elementor-element-6a75d8a e-con-full e-flex e-con e-child\" data-id=\"6a75d8a\" data-element_type=\"container\" data-e-type=\"container\">\n\t\t\t\t<div class=\"elementor-element elementor-element-5ee2900 elementor-position-left elementor-vertical-align-middle elementor-widget elementor-widget-image-box\" data-id=\"5ee2900\" data-element_type=\"widget\" data-e-type=\"widget\" data-widget_type=\"image-box.default\">\n\t\t\t\t\t<div class=\"elementor-image-box-wrapper\"><figure class=\"elementor-image-box-img\"><a href=\"\/pl\/czyszczenie-czesci\/usluga\/\" tabindex=\"-1\"><img loading=\"lazy\" decoding=\"async\" width=\"128\" height=\"128\" src=\"https:\/\/www.bremax.de\/wp-content\/uploads\/2025\/09\/solvent.png\" class=\"attachment-full size-full wp-image-13157\" alt=\"\" \/><\/a><\/figure><div class=\"elementor-image-box-content\"><h3 class=\"elementor-image-box-title\"><a href=\"\/pl\/czyszczenie-czesci\/usluga\/\">SERWIS<\/a><\/h3><p class=\"elementor-image-box-description\">BREMAX jest \u201epartnerem oferuj\u0105cym pe\u0142en zakres us\u0142ug\u201e w zakresie czyszczenia cz\u0119\u015bci, a tak\u017ce posiada og\u00f3lnoeuropejsk\u0105 sie\u0107 technik\u00f3w serwisowych.<\/p><\/div><\/div>\t\t\t\t<\/div>\n\t\t\t\t<\/div>\n\t\t\t\t<\/div>\n\t\t\t\t\t<\/div>\n\t\t\t\t<\/div>\n\t\t\t\t<\/div>","protected":false},"excerpt":{"rendered":"<p>Teilereinigung W\u00e4ssrige Reinigung Kammeranlagen, Durchlaufanlagen, Rundtaktanlagen, Tauchanlagen, Hochdruckanlagen, Feinfiltration L\u00f6semittelreinigung Modifizierter Alkohol (KWL), Perchlorethylen (CKW), Speziall\u00f6semittel, Dampfentfetten, Feinfiltration Ultraschallreinigung Kammeranlagen, Mehrbadtauchanlagen, Durchlaufanlagen, Tischger\u00e4te Lohnreinigung Auf L\u00f6semittelbasis ( Dampfentfetten, Reinigen, Entspanen, Vakuumtrocknung, Verpacken ) Sonderanlagen Auf w\u00e4ssriger- sowie auf L\u00f6semittelbasis. Your wish is our command. SERVICE BREMAX ist Ihr \u201eFull-Service Partner\u201e in der Teilereinigung und verf\u00fcgt [&hellip;]<\/p>\n","protected":false},"author":3,"featured_media":0,"parent":0,"menu_order":0,"comment_status":"closed","ping_status":"closed","template":"","meta":{"footnotes":""},"class_list":["post-3165","page","type-page","status-publish","hentry"],"yoast_head":"<!-- This site is optimized with the Yoast SEO plugin v27.4 - https:\/\/yoast.com\/product\/yoast-seo-wordpress\/ -->\n<title>Teilereinigung - BREMAX Germany<\/title>\n<meta name=\"robots\" content=\"index, follow, max-snippet:-1, max-image-preview:large, max-video-preview:-1\" \/>\n<link rel=\"canonical\" href=\"https:\/\/www.bremax.de\/pl\/czyszczenie-czesci\/\" \/>\n<meta property=\"og:locale\" content=\"pl_PL\" \/>\n<meta property=\"og:type\" content=\"article\" \/>\n<meta property=\"og:title\" content=\"Teilereinigung - BREMAX Germany\" \/>\n<meta property=\"og:description\" content=\"Teilereinigung W\u00e4ssrige Reinigung Kammeranlagen, Durchlaufanlagen, Rundtaktanlagen, Tauchanlagen, Hochdruckanlagen, Feinfiltration L\u00f6semittelreinigung Modifizierter Alkohol (KWL), Perchlorethylen (CKW), Speziall\u00f6semittel, Dampfentfetten, Feinfiltration Ultraschallreinigung Kammeranlagen, Mehrbadtauchanlagen, Durchlaufanlagen, Tischger\u00e4te Lohnreinigung Auf L\u00f6semittelbasis ( Dampfentfetten, Reinigen, Entspanen, Vakuumtrocknung, Verpacken ) Sonderanlagen Auf w\u00e4ssriger- sowie auf L\u00f6semittelbasis. Your wish is our command. SERVICE BREMAX ist Ihr \u201eFull-Service Partner\u201e in der Teilereinigung und verf\u00fcgt [&hellip;]\" \/>\n<meta property=\"og:url\" content=\"https:\/\/www.bremax.de\/pl\/czyszczenie-czesci\/\" \/>\n<meta property=\"og:site_name\" content=\"BREMAX\" \/>\n<meta property=\"article:publisher\" content=\"https:\/\/www.facebook.com\/CemastirGermany\/\" \/>\n<meta property=\"article:modified_time\" content=\"2025-12-02T14:01:36+00:00\" \/>\n<meta property=\"og:image\" content=\"https:\/\/www.bremax.de\/wp-content\/uploads\/elementor\/thumbs\/CEMASTIR_Ultraschall_Anlage-rb9f3jnlphbwpf20jjwg1ox4hsjwtk93738crdo1b4.jpg\" \/>\n<meta name=\"twitter:card\" content=\"summary_large_image\" \/>\n<script type=\"application\/ld+json\" class=\"yoast-schema-graph\">{\"@context\":\"https:\\\/\\\/schema.org\",\"@graph\":[{\"@type\":\"WebPage\",\"@id\":\"https:\\\/\\\/www.bremax.de\\\/teilereinigung\\\/\",\"url\":\"https:\\\/\\\/www.bremax.de\\\/teilereinigung\\\/\",\"name\":\"Teilereinigung - BREMAX Germany\",\"isPartOf\":{\"@id\":\"https:\\\/\\\/www.bremax.de\\\/#website\"},\"primaryImageOfPage\":{\"@id\":\"https:\\\/\\\/www.bremax.de\\\/teilereinigung\\\/#primaryimage\"},\"image\":{\"@id\":\"https:\\\/\\\/www.bremax.de\\\/teilereinigung\\\/#primaryimage\"},\"thumbnailUrl\":\"https:\\\/\\\/www.bremax.de\\\/wp-content\\\/uploads\\\/elementor\\\/thumbs\\\/CEMASTIR_Ultraschall_Anlage-rb9f3jnlphbwpf20jjwg1ox4hsjwtk93738crdo1b4.jpg\",\"datePublished\":\"2017-12-12T11:46:57+00:00\",\"dateModified\":\"2025-12-02T14:01:36+00:00\",\"breadcrumb\":{\"@id\":\"https:\\\/\\\/www.bremax.de\\\/teilereinigung\\\/#breadcrumb\"},\"inLanguage\":\"pl-PL\",\"potentialAction\":[{\"@type\":\"ReadAction\",\"target\":[\"https:\\\/\\\/www.bremax.de\\\/teilereinigung\\\/\"]}]},{\"@type\":\"ImageObject\",\"inLanguage\":\"pl-PL\",\"@id\":\"https:\\\/\\\/www.bremax.de\\\/teilereinigung\\\/#primaryimage\",\"url\":\"https:\\\/\\\/www.bremax.de\\\/wp-content\\\/uploads\\\/elementor\\\/thumbs\\\/CEMASTIR_Ultraschall_Anlage-rb9f3jnlphbwpf20jjwg1ox4hsjwtk93738crdo1b4.jpg\",\"contentUrl\":\"https:\\\/\\\/www.bremax.de\\\/wp-content\\\/uploads\\\/elementor\\\/thumbs\\\/CEMASTIR_Ultraschall_Anlage-rb9f3jnlphbwpf20jjwg1ox4hsjwtk93738crdo1b4.jpg\"},{\"@type\":\"BreadcrumbList\",\"@id\":\"https:\\\/\\\/www.bremax.de\\\/teilereinigung\\\/#breadcrumb\",\"itemListElement\":[{\"@type\":\"ListItem\",\"position\":1,\"name\":\"Startseite\",\"item\":\"https:\\\/\\\/www.bremax.de\\\/\"},{\"@type\":\"ListItem\",\"position\":2,\"name\":\"Teilereinigung\"}]},{\"@type\":\"WebSite\",\"@id\":\"https:\\\/\\\/www.bremax.de\\\/#website\",\"url\":\"https:\\\/\\\/www.bremax.de\\\/\",\"name\":\"BREMAX\",\"description\":\"\",\"publisher\":{\"@id\":\"https:\\\/\\\/www.bremax.de\\\/#organization\"},\"potentialAction\":[{\"@type\":\"SearchAction\",\"target\":{\"@type\":\"EntryPoint\",\"urlTemplate\":\"https:\\\/\\\/www.bremax.de\\\/?s={search_term_string}\"},\"query-input\":{\"@type\":\"PropertyValueSpecification\",\"valueRequired\":true,\"valueName\":\"search_term_string\"}}],\"inLanguage\":\"pl-PL\"},{\"@type\":\"Organization\",\"@id\":\"https:\\\/\\\/www.bremax.de\\\/#organization\",\"name\":\"BREMAX\",\"url\":\"https:\\\/\\\/www.bremax.de\\\/\",\"logo\":{\"@type\":\"ImageObject\",\"inLanguage\":\"pl-PL\",\"@id\":\"https:\\\/\\\/www.bremax.de\\\/#\\\/schema\\\/logo\\\/image\\\/\",\"url\":\"https:\\\/\\\/www.bremax.de\\\/wp-content\\\/uploads\\\/2025\\\/09\\\/cropped-Logo_BREMAX_Gross_transp-3.png\",\"contentUrl\":\"https:\\\/\\\/www.bremax.de\\\/wp-content\\\/uploads\\\/2025\\\/09\\\/cropped-Logo_BREMAX_Gross_transp-3.png\",\"width\":1000,\"height\":285,\"caption\":\"BREMAX\"},\"image\":{\"@id\":\"https:\\\/\\\/www.bremax.de\\\/#\\\/schema\\\/logo\\\/image\\\/\"},\"sameAs\":[\"https:\\\/\\\/www.facebook.com\\\/CemastirGermany\\\/\"]}]}<\/script>\n<!-- \/ Yoast SEO plugin. -->","yoast_head_json":{"title":"Czyszczenie cz\u0119\u015bci - BREMAX Niemcy","robots":{"index":"index","follow":"follow","max-snippet":"max-snippet:-1","max-image-preview":"max-image-preview:large","max-video-preview":"max-video-preview:-1"},"canonical":"https:\/\/www.bremax.de\/pl\/czyszczenie-czesci\/","og_locale":"pl_PL","og_type":"article","og_title":"Teilereinigung - BREMAX Germany","og_description":"Teilereinigung W\u00e4ssrige Reinigung Kammeranlagen, Durchlaufanlagen, Rundtaktanlagen, Tauchanlagen, Hochdruckanlagen, Feinfiltration L\u00f6semittelreinigung Modifizierter Alkohol (KWL), Perchlorethylen (CKW), Speziall\u00f6semittel, Dampfentfetten, Feinfiltration Ultraschallreinigung Kammeranlagen, Mehrbadtauchanlagen, Durchlaufanlagen, Tischger\u00e4te Lohnreinigung Auf L\u00f6semittelbasis ( Dampfentfetten, Reinigen, Entspanen, Vakuumtrocknung, Verpacken ) Sonderanlagen Auf w\u00e4ssriger- sowie auf L\u00f6semittelbasis. Your wish is our command. SERVICE BREMAX ist Ihr \u201eFull-Service Partner\u201e in der Teilereinigung und verf\u00fcgt [&hellip;]","og_url":"https:\/\/www.bremax.de\/pl\/czyszczenie-czesci\/","og_site_name":"BREMAX","article_publisher":"https:\/\/www.facebook.com\/CemastirGermany\/","article_modified_time":"2025-12-02T14:01:36+00:00","og_image":[{"url":"https:\/\/www.bremax.de\/wp-content\/uploads\/elementor\/thumbs\/CEMASTIR_Ultraschall_Anlage-rb9f3jnlphbwpf20jjwg1ox4hsjwtk93738crdo1b4.jpg","type":"","width":"","height":""}],"twitter_card":"summary_large_image","schema":{"@context":"https:\/\/schema.org","@graph":[{"@type":"WebPage","@id":"https:\/\/www.bremax.de\/teilereinigung\/","url":"https:\/\/www.bremax.de\/teilereinigung\/","name":"Czyszczenie cz\u0119\u015bci - BREMAX Niemcy","isPartOf":{"@id":"https:\/\/www.bremax.de\/#website"},"primaryImageOfPage":{"@id":"https:\/\/www.bremax.de\/teilereinigung\/#primaryimage"},"image":{"@id":"https:\/\/www.bremax.de\/teilereinigung\/#primaryimage"},"thumbnailUrl":"https:\/\/www.bremax.de\/wp-content\/uploads\/elementor\/thumbs\/CEMASTIR_Ultraschall_Anlage-rb9f3jnlphbwpf20jjwg1ox4hsjwtk93738crdo1b4.jpg","datePublished":"2017-12-12T11:46:57+00:00","dateModified":"2025-12-02T14:01:36+00:00","breadcrumb":{"@id":"https:\/\/www.bremax.de\/teilereinigung\/#breadcrumb"},"inLanguage":"pl-PL","potentialAction":[{"@type":"ReadAction","target":["https:\/\/www.bremax.de\/teilereinigung\/"]}]},{"@type":"ImageObject","inLanguage":"pl-PL","@id":"https:\/\/www.bremax.de\/teilereinigung\/#primaryimage","url":"https:\/\/www.bremax.de\/wp-content\/uploads\/elementor\/thumbs\/CEMASTIR_Ultraschall_Anlage-rb9f3jnlphbwpf20jjwg1ox4hsjwtk93738crdo1b4.jpg","contentUrl":"https:\/\/www.bremax.de\/wp-content\/uploads\/elementor\/thumbs\/CEMASTIR_Ultraschall_Anlage-rb9f3jnlphbwpf20jjwg1ox4hsjwtk93738crdo1b4.jpg"},{"@type":"BreadcrumbList","@id":"https:\/\/www.bremax.de\/teilereinigung\/#breadcrumb","itemListElement":[{"@type":"ListItem","position":1,"name":"Startseite","item":"https:\/\/www.bremax.de\/"},{"@type":"ListItem","position":2,"name":"Teilereinigung"}]},{"@type":"WebSite","@id":"https:\/\/www.bremax.de\/#website","url":"https:\/\/www.bremax.de\/","name":"BREMAX","description":"","publisher":{"@id":"https:\/\/www.bremax.de\/#organization"},"potentialAction":[{"@type":"SearchAction","target":{"@type":"EntryPoint","urlTemplate":"https:\/\/www.bremax.de\/?s={search_term_string}"},"query-input":{"@type":"PropertyValueSpecification","valueRequired":true,"valueName":"search_term_string"}}],"inLanguage":"pl-PL"},{"@type":"Organization","@id":"https:\/\/www.bremax.de\/#organization","name":"BREMAX","url":"https:\/\/www.bremax.de\/","logo":{"@type":"ImageObject","inLanguage":"pl-PL","@id":"https:\/\/www.bremax.de\/#\/schema\/logo\/image\/","url":"https:\/\/www.bremax.de\/wp-content\/uploads\/2025\/09\/cropped-Logo_BREMAX_Gross_transp-3.png","contentUrl":"https:\/\/www.bremax.de\/wp-content\/uploads\/2025\/09\/cropped-Logo_BREMAX_Gross_transp-3.png","width":1000,"height":285,"caption":"BREMAX"},"image":{"@id":"https:\/\/www.bremax.de\/#\/schema\/logo\/image\/"},"sameAs":["https:\/\/www.facebook.com\/CemastirGermany\/"]}]}},"_links":{"self":[{"href":"https:\/\/www.bremax.de\/pl\/wp-json\/wp\/v2\/pages\/3165","targetHints":{"allow":["GET"]}}],"collection":[{"href":"https:\/\/www.bremax.de\/pl\/wp-json\/wp\/v2\/pages"}],"about":[{"href":"https:\/\/www.bremax.de\/pl\/wp-json\/wp\/v2\/types\/page"}],"author":[{"embeddable":true,"href":"https:\/\/www.bremax.de\/pl\/wp-json\/wp\/v2\/users\/3"}],"replies":[{"embeddable":true,"href":"https:\/\/www.bremax.de\/pl\/wp-json\/wp\/v2\/comments?post=3165"}],"version-history":[{"count":54,"href":"https:\/\/www.bremax.de\/pl\/wp-json\/wp\/v2\/pages\/3165\/revisions"}],"predecessor-version":[{"id":13797,"href":"https:\/\/www.bremax.de\/pl\/wp-json\/wp\/v2\/pages\/3165\/revisions\/13797"}],"wp:attachment":[{"href":"https:\/\/www.bremax.de\/pl\/wp-json\/wp\/v2\/media?parent=3165"}],"curies":[{"name":"wp","href":"https:\/\/api.w.org\/{rel}","templated":true}]}}