{"id":3095,"date":"2017-12-08T12:13:42","date_gmt":"2017-12-08T11:13:42","guid":{"rendered":"http:\/\/www.cemastir.de\/?page_id=3095"},"modified":"2025-11-27T08:13:22","modified_gmt":"2025-11-27T07:13:22","slug":"duomenu-apsauga","status":"publish","type":"page","link":"https:\/\/www.bremax.de\/lt\/datenschutz\/","title":{"rendered":"Duomen\u0173 apsauga"},"content":{"rendered":"<div data-elementor-type=\"wp-page\" data-elementor-id=\"3095\" class=\"elementor elementor-3095\" data-elementor-post-type=\"page\">\n\t\t\t\t<div class=\"elementor-element elementor-element-65bc90d e-flex e-con-boxed e-con e-parent\" data-id=\"65bc90d\" data-element_type=\"container\" data-e-type=\"container\" data-settings=\"{&quot;background_background&quot;:&quot;classic&quot;}\">\n\t\t\t\t\t<div class=\"e-con-inner\">\n\t\t<div class=\"elementor-element elementor-element-977f548 e-con-full e-flex e-con e-child\" data-id=\"977f548\" data-element_type=\"container\" data-e-type=\"container\">\n\t\t\t\t<div class=\"elementor-element elementor-element-bef9f69 elementor-widget-laptop__width-initial elementor-widget elementor-widget-heading\" data-id=\"bef9f69\" data-element_type=\"widget\" data-e-type=\"widget\" data-widget_type=\"heading.default\">\n\t\t\t\t\t<h1 class=\"elementor-heading-title elementor-size-default\">Duomen\u0173 apsauga<\/h1>\t\t\t\t<\/div>\n\t\t\t\t<\/div>\n\t\t\t\t\t<\/div>\n\t\t\t\t<\/div>\n\t\t<div class=\"elementor-element elementor-element-5a42353 e-flex e-con-boxed e-con e-parent\" data-id=\"5a42353\" data-element_type=\"container\" data-e-type=\"container\">\n\t\t\t\t\t<div class=\"e-con-inner\">\n\t\t\t\t<div class=\"elementor-element elementor-element-0018977 elementor-widget elementor-widget-heading\" data-id=\"0018977\" data-element_type=\"widget\" data-e-type=\"widget\" data-widget_type=\"heading.default\">\n\t\t\t\t\t<span class=\"elementor-heading-title elementor-size-default\">\"Google Analytics\" naudojimas\n\n\n<\/span>\t\t\t\t<\/div>\n\t\t\t\t<div class=\"elementor-element elementor-element-5792e38 elementor-widget elementor-widget-text-editor\" data-id=\"5792e38\" data-element_type=\"widget\" data-e-type=\"widget\" data-widget_type=\"text-editor.default\">\n\t\t\t\t\t\t\t\t\t\u0160ioje svetain\u0117je naudojama \u201eGoogle Analytics\u201c, \u201eGoogle Inc\u201c (\"Google\") teikiama \u017einiatinklio analiz\u0117s paslauga. \"Google Analytics\" naudoja \"slapukus\", t. y. \u012f j\u016bs\u0173 kompiuter\u012f \u012fra\u0161omus tekstinius failus, kurie padeda svetainei analizuoti, kaip naudotojai naudojasi svetaine. Slapuko generuojama informacija apie j\u016bs\u0173 naudojim\u0105si \u0161ia svetaine paprastai perduodama \u012f \"Google\" server\u012f JAV ir ten saugoma. Ta\u010diau, jei \u0161ioje svetain\u0117je \u012fjungtas IP anonimizavimas (tai buvo padaryta; operatoriaus pastaba), j\u016bs\u0173 IP adres\u0105 \"Google\" pirmiausia sutrumpins Europos S\u0105jungos valstyb\u0117se nar\u0117se arba kitose Europos ekonomin\u0117s erdv\u0117s susitarim\u0105 pasira\u0161iusiose valstyb\u0117se. Tik i\u0161imtiniais atvejais visas IP adresas bus perduodamas \u012f \"Google\" server\u012f JAV ir ten sutrumpinamas. \u0160ios svetain\u0117s operatoriaus vardu \"Google\" naudos \u0161i\u0105 informacij\u0105, kad i\u0161analizuot\u0173, kaip naudojat\u0117s svetaine, sudaryt\u0173 svetain\u0117s veiklos ataskaitas ir teikt\u0173 kitas su svetain\u0117s veikla ir interneto naudojimu susijusias paslaugas svetain\u0117s operatoriui. J\u016bs\u0173 nar\u0161ykl\u0117s perduotas IP adresas, kuris yra \"Google Analytics\" dalis, nebus sujungtas su kitais \"Google\" duomenimis. Galite atsisakyti naudoti slapukus pasirinkdami atitinkamus nar\u0161ykl\u0117s nustatymus, ta\u010diau atkreipkite d\u0117mes\u012f, kad tai padar\u0119 negal\u0117site naudotis visomis \u0161ios svetain\u0117s funkcijomis. Taip pat galite neleisti \"Google\" rinkti slapuk\u0173 generuojam\u0173 duomen\u0173, susijusi\u0173 su j\u016bs\u0173 naudojimusi svetaine (\u012fskaitant j\u016bs\u0173 IP adres\u0105), ir neleisti \"Google\" tvarkyti \u0161i\u0173 duomen\u0173 atsisi\u0173sdami ir \u012fdiegdami nar\u0161ykl\u0117s \u012fskiep\u012f, kur\u012f rasite pagal \u0161i\u0105 nuorod\u0105.\n\n\t\t\t\t\t\t\t\t<\/div>\n\t\t\t\t<div class=\"elementor-element elementor-element-c5d0ab0 elementor-widget elementor-widget-heading\" data-id=\"c5d0ab0\" data-element_type=\"widget\" data-e-type=\"widget\" data-widget_type=\"heading.default\">\n\t\t\t\t\t<span class=\"elementor-heading-title elementor-size-default\">Kontaktin\u0117 forma \/ u\u017eklausos\n\n\n<\/span>\t\t\t\t<\/div>\n\t\t\t\t<div class=\"elementor-element elementor-element-735fabb elementor-widget elementor-widget-text-editor\" data-id=\"735fabb\" data-element_type=\"widget\" data-e-type=\"widget\" data-widget_type=\"text-editor.default\">\n\t\t\t\t\t\t\t\t\t<p>Privatumo politika ( DSGVO ): Jei siun\u010diate mums u\u017eklausas per kontaktin\u0119 form\u0105, j\u016bs\u0173 u\u017eklausos formoje pateiktus duomenis saugosime u\u017eklausos nagrin\u0117jimo tikslais ir tolesni\u0173 klausim\u0173 atveju. Be j\u016bs\u0173 sutikimo \u0161i\u0173 duomen\u0173 neperduosime. Tod\u0117l kontaktin\u0117je formoje \u012fvesti duomenys tvarkomi tik j\u016bs\u0173 sutikimo pagrindu (BDAR 6 straipsnio 1 dalies a punktas). \u0160\u012f sutikim\u0105 galite bet kada at\u0161aukti. Jums tereikia i\u0161si\u0173sti neoficial\u0173 el. lai\u0161k\u0105 adresu info@bremax.de. Iki at\u0161aukimo atlikt\u0173 duomen\u0173 tvarkymo operacij\u0173 teis\u0117tumui at\u0161aukimas \u012ftakos neturi. J\u016bs\u0173 kontaktin\u0117je formoje pateiktus duomenis saugosime tol, kol papra\u0161ysite juos i\u0161trinti, at\u0161auksite sutikim\u0105 juos saugoti arba i\u0161nyks j\u0173 saugojimo tikslas (pvz., \u012fvykd\u017eius j\u016bs\u0173 pra\u0161ym\u0105). Privalomos \u012fstatym\u0173 nuostatos - ypa\u010d saugojimo laikotarpiai - lieka nepakeistos.<\/p>\t\t\t\t\t\t\t\t<\/div>\n\t\t\t\t<div class=\"elementor-element elementor-element-cfab3bf elementor-widget elementor-widget-heading\" data-id=\"cfab3bf\" data-element_type=\"widget\" data-e-type=\"widget\" data-widget_type=\"heading.default\">\n\t\t\t\t\t<span class=\"elementor-heading-title elementor-size-default\">Atsakomyb\u0117s apribojimas \/ Pastaba d\u0117l i\u0161orini\u0173 nuorod\u0173\n\n\n\n<\/span>\t\t\t\t<\/div>\n\t\t\t\t<div class=\"elementor-element elementor-element-d3d5efd elementor-widget elementor-widget-text-editor\" data-id=\"d3d5efd\" data-element_type=\"widget\" data-e-type=\"widget\" data-widget_type=\"text-editor.default\">\n\t\t\t\t\t\t\t\t\t<p>Kaip turinio teik\u0117jas, \u201eBREMAX GmbH\u201c yra atsakinga u\u017e savo \u201enuosav\u0105 turin\u012f\u201c, kur\u012f pateikia naudoti pagal Tarpvalstybin\u0117s \u017einiasklaidos paslaug\u0173 sutarties 6 straipsnio 1 dal\u012f ir bendruosius teis\u0117s aktus. \u0160\u012f nuosav\u0105 turin\u012f reikia skirti nuo kry\u017emini\u0173 nuorod\u0173 (\u201enuorod\u0173\u201c) \u012f kit\u0173 teik\u0117j\u0173 teikiam\u0105 turin\u012f. Per kry\u017emines nuorodas BREMAX GmbH suteikia galimyb\u0119 naudotis \"tre\u010diosios \u0161alies turiniu\", kuris yra taip pa\u017eym\u0117tas:<\/p><p>Nuorodos\u201e visada yra \u201cgyvos\u201e (dinami\u0161kos) nuorodos. BREMAX GmbH patikrino i\u0161orin\u012f turin\u012f d\u0117l galimos civilin\u0117s ar baud\u017eiamosios atsakomyb\u0117s, kai nuoroda buvo sukurta pirm\u0105 kart\u0105. Ta\u010diau ji nuolat netikrina, ar turinys, \u012f kur\u012f pateikiamos nuorodos jos interneto svetain\u0117je, nesikei\u010dia ir ar d\u0117l to nekyla nauja atsakomyb\u0117. Jei ji nustato arba kiti asmenys j\u0105 informuoja, kad konkretus pasi\u016blymas, \u012f kur\u012f ji pateik\u0117 nuorod\u0105, u\u017etraukia civilin\u0119 ar baud\u017eiam\u0105j\u0105 atsakomyb\u0119, ji pa\u0161alins nuorod\u0105 \u012f \u0161\u012f pasi\u016blym\u0105.<\/p>\t\t\t\t\t\t\t\t<\/div>\n\t\t\t\t\t<\/div>\n\t\t\t\t<\/div>\n\t\t\t\t<\/div>","protected":false},"excerpt":{"rendered":"<p>Datenschutz Verwendung von Google Analytics Diese Website benutzt Google Analytics, einen Webanalysedienst der Google Inc. (\u201eGoogle\u201c). Google Analytics verwendet sog. \u201eCookies\u201c, Textdateien, die auf Ihrem Computer gespeichert werden und die eine Analyse der Benutzung der Website durch Sie erm\u00f6glichen. Die durch den Cookie erzeugten Informationen \u00fcber Ihre Benutzung dieser Website werden in der Regel an [&hellip;]<\/p>\n","protected":false},"author":3,"featured_media":0,"parent":0,"menu_order":0,"comment_status":"closed","ping_status":"closed","template":"","meta":{"footnotes":""},"class_list":["post-3095","page","type-page","status-publish","hentry"],"yoast_head":"<!-- This site is optimized with the Yoast SEO plugin v27.4 - https:\/\/yoast.com\/product\/yoast-seo-wordpress\/ -->\n<title>Datenschutz - BREMAX<\/title>\n<meta name=\"robots\" content=\"index, follow, max-snippet:-1, max-image-preview:large, max-video-preview:-1\" \/>\n<link rel=\"canonical\" href=\"https:\/\/www.bremax.de\/lt\/duomenu-apsauga\/\" \/>\n<meta property=\"og:locale\" content=\"lt_LT\" \/>\n<meta property=\"og:type\" content=\"article\" \/>\n<meta property=\"og:title\" content=\"Datenschutz - BREMAX\" \/>\n<meta property=\"og:description\" content=\"Datenschutz Verwendung von Google Analytics Diese Website benutzt Google Analytics, einen Webanalysedienst der Google Inc. (\u201eGoogle\u201c). Google Analytics verwendet sog. \u201eCookies\u201c, Textdateien, die auf Ihrem Computer gespeichert werden und die eine Analyse der Benutzung der Website durch Sie erm\u00f6glichen. Die durch den Cookie erzeugten Informationen \u00fcber Ihre Benutzung dieser Website werden in der Regel an [&hellip;]\" \/>\n<meta property=\"og:url\" content=\"https:\/\/www.bremax.de\/lt\/duomenu-apsauga\/\" \/>\n<meta property=\"og:site_name\" content=\"BREMAX\" \/>\n<meta property=\"article:publisher\" content=\"https:\/\/www.facebook.com\/CemastirGermany\/\" \/>\n<meta property=\"article:modified_time\" content=\"2025-11-27T07:13:22+00:00\" \/>\n<meta name=\"twitter:card\" content=\"summary_large_image\" \/>\n<meta name=\"twitter:label1\" content=\"Est. reading time\" \/>\n\t<meta name=\"twitter:data1\" content=\"4 minut\u0117s\" \/>\n<script type=\"application\/ld+json\" class=\"yoast-schema-graph\">{\"@context\":\"https:\\\/\\\/schema.org\",\"@graph\":[{\"@type\":\"WebPage\",\"@id\":\"https:\\\/\\\/www.bremax.de\\\/datenschutz\\\/\",\"url\":\"https:\\\/\\\/www.bremax.de\\\/datenschutz\\\/\",\"name\":\"Datenschutz - BREMAX\",\"isPartOf\":{\"@id\":\"https:\\\/\\\/www.bremax.de\\\/#website\"},\"datePublished\":\"2017-12-08T11:13:42+00:00\",\"dateModified\":\"2025-11-27T07:13:22+00:00\",\"breadcrumb\":{\"@id\":\"https:\\\/\\\/www.bremax.de\\\/datenschutz\\\/#breadcrumb\"},\"inLanguage\":\"lt-LT\",\"potentialAction\":[{\"@type\":\"ReadAction\",\"target\":[\"https:\\\/\\\/www.bremax.de\\\/datenschutz\\\/\"]}]},{\"@type\":\"BreadcrumbList\",\"@id\":\"https:\\\/\\\/www.bremax.de\\\/datenschutz\\\/#breadcrumb\",\"itemListElement\":[{\"@type\":\"ListItem\",\"position\":1,\"name\":\"Startseite\",\"item\":\"https:\\\/\\\/www.bremax.de\\\/\"},{\"@type\":\"ListItem\",\"position\":2,\"name\":\"Datenschutz\"}]},{\"@type\":\"WebSite\",\"@id\":\"https:\\\/\\\/www.bremax.de\\\/#website\",\"url\":\"https:\\\/\\\/www.bremax.de\\\/\",\"name\":\"BREMAX\",\"description\":\"\",\"publisher\":{\"@id\":\"https:\\\/\\\/www.bremax.de\\\/#organization\"},\"potentialAction\":[{\"@type\":\"SearchAction\",\"target\":{\"@type\":\"EntryPoint\",\"urlTemplate\":\"https:\\\/\\\/www.bremax.de\\\/?s={search_term_string}\"},\"query-input\":{\"@type\":\"PropertyValueSpecification\",\"valueRequired\":true,\"valueName\":\"search_term_string\"}}],\"inLanguage\":\"lt-LT\"},{\"@type\":\"Organization\",\"@id\":\"https:\\\/\\\/www.bremax.de\\\/#organization\",\"name\":\"BREMAX\",\"url\":\"https:\\\/\\\/www.bremax.de\\\/\",\"logo\":{\"@type\":\"ImageObject\",\"inLanguage\":\"lt-LT\",\"@id\":\"https:\\\/\\\/www.bremax.de\\\/#\\\/schema\\\/logo\\\/image\\\/\",\"url\":\"https:\\\/\\\/www.bremax.de\\\/wp-content\\\/uploads\\\/2025\\\/09\\\/cropped-Logo_BREMAX_Gross_transp-3.png\",\"contentUrl\":\"https:\\\/\\\/www.bremax.de\\\/wp-content\\\/uploads\\\/2025\\\/09\\\/cropped-Logo_BREMAX_Gross_transp-3.png\",\"width\":1000,\"height\":285,\"caption\":\"BREMAX\"},\"image\":{\"@id\":\"https:\\\/\\\/www.bremax.de\\\/#\\\/schema\\\/logo\\\/image\\\/\"},\"sameAs\":[\"https:\\\/\\\/www.facebook.com\\\/CemastirGermany\\\/\"]}]}<\/script>\n<!-- \/ Yoast SEO plugin. -->","yoast_head_json":{"title":"Duomen\u0173 apsauga - BREMAX","robots":{"index":"index","follow":"follow","max-snippet":"max-snippet:-1","max-image-preview":"max-image-preview:large","max-video-preview":"max-video-preview:-1"},"canonical":"https:\/\/www.bremax.de\/lt\/duomenu-apsauga\/","og_locale":"lt_LT","og_type":"article","og_title":"Datenschutz - BREMAX","og_description":"Datenschutz Verwendung von Google Analytics Diese Website benutzt Google Analytics, einen Webanalysedienst der Google Inc. (\u201eGoogle\u201c). Google Analytics verwendet sog. \u201eCookies\u201c, Textdateien, die auf Ihrem Computer gespeichert werden und die eine Analyse der Benutzung der Website durch Sie erm\u00f6glichen. Die durch den Cookie erzeugten Informationen \u00fcber Ihre Benutzung dieser Website werden in der Regel an [&hellip;]","og_url":"https:\/\/www.bremax.de\/lt\/duomenu-apsauga\/","og_site_name":"BREMAX","article_publisher":"https:\/\/www.facebook.com\/CemastirGermany\/","article_modified_time":"2025-11-27T07:13:22+00:00","twitter_card":"summary_large_image","twitter_misc":{"Est. reading time":"4 minut\u0117s"},"schema":{"@context":"https:\/\/schema.org","@graph":[{"@type":"WebPage","@id":"https:\/\/www.bremax.de\/datenschutz\/","url":"https:\/\/www.bremax.de\/datenschutz\/","name":"Duomen\u0173 apsauga - BREMAX","isPartOf":{"@id":"https:\/\/www.bremax.de\/#website"},"datePublished":"2017-12-08T11:13:42+00:00","dateModified":"2025-11-27T07:13:22+00:00","breadcrumb":{"@id":"https:\/\/www.bremax.de\/datenschutz\/#breadcrumb"},"inLanguage":"lt-LT","potentialAction":[{"@type":"ReadAction","target":["https:\/\/www.bremax.de\/datenschutz\/"]}]},{"@type":"BreadcrumbList","@id":"https:\/\/www.bremax.de\/datenschutz\/#breadcrumb","itemListElement":[{"@type":"ListItem","position":1,"name":"Startseite","item":"https:\/\/www.bremax.de\/"},{"@type":"ListItem","position":2,"name":"Datenschutz"}]},{"@type":"WebSite","@id":"https:\/\/www.bremax.de\/#website","url":"https:\/\/www.bremax.de\/","name":"BREMAX","description":"","publisher":{"@id":"https:\/\/www.bremax.de\/#organization"},"potentialAction":[{"@type":"SearchAction","target":{"@type":"EntryPoint","urlTemplate":"https:\/\/www.bremax.de\/?s={search_term_string}"},"query-input":{"@type":"PropertyValueSpecification","valueRequired":true,"valueName":"search_term_string"}}],"inLanguage":"lt-LT"},{"@type":"Organization","@id":"https:\/\/www.bremax.de\/#organization","name":"BREMAX","url":"https:\/\/www.bremax.de\/","logo":{"@type":"ImageObject","inLanguage":"lt-LT","@id":"https:\/\/www.bremax.de\/#\/schema\/logo\/image\/","url":"https:\/\/www.bremax.de\/wp-content\/uploads\/2025\/09\/cropped-Logo_BREMAX_Gross_transp-3.png","contentUrl":"https:\/\/www.bremax.de\/wp-content\/uploads\/2025\/09\/cropped-Logo_BREMAX_Gross_transp-3.png","width":1000,"height":285,"caption":"BREMAX"},"image":{"@id":"https:\/\/www.bremax.de\/#\/schema\/logo\/image\/"},"sameAs":["https:\/\/www.facebook.com\/CemastirGermany\/"]}]}},"_links":{"self":[{"href":"https:\/\/www.bremax.de\/lt\/wp-json\/wp\/v2\/pages\/3095","targetHints":{"allow":["GET"]}}],"collection":[{"href":"https:\/\/www.bremax.de\/lt\/wp-json\/wp\/v2\/pages"}],"about":[{"href":"https:\/\/www.bremax.de\/lt\/wp-json\/wp\/v2\/types\/page"}],"author":[{"embeddable":true,"href":"https:\/\/www.bremax.de\/lt\/wp-json\/wp\/v2\/users\/3"}],"replies":[{"embeddable":true,"href":"https:\/\/www.bremax.de\/lt\/wp-json\/wp\/v2\/comments?post=3095"}],"version-history":[{"count":16,"href":"https:\/\/www.bremax.de\/lt\/wp-json\/wp\/v2\/pages\/3095\/revisions"}],"predecessor-version":[{"id":13691,"href":"https:\/\/www.bremax.de\/lt\/wp-json\/wp\/v2\/pages\/3095\/revisions\/13691"}],"wp:attachment":[{"href":"https:\/\/www.bremax.de\/lt\/wp-json\/wp\/v2\/media?parent=3095"}],"curies":[{"name":"wp","href":"https:\/\/api.w.org\/{rel}","templated":true}]}}