{"id":3086,"date":"2017-12-08T12:12:02","date_gmt":"2017-12-08T11:12:02","guid":{"rendered":"http:\/\/www.cemastir.de\/?page_id=3086"},"modified":"2026-04-15T18:46:38","modified_gmt":"2026-04-15T16:46:38","slug":"atspaudas","status":"publish","type":"page","link":"https:\/\/www.bremax.de\/lt\/impressum\/","title":{"rendered":"Atspaudas"},"content":{"rendered":"<div data-elementor-type=\"wp-page\" data-elementor-id=\"3086\" class=\"elementor elementor-3086\" data-elementor-post-type=\"page\">\n\t\t\t\t<div class=\"elementor-element elementor-element-878e5e7 e-flex e-con-boxed e-con e-parent\" data-id=\"878e5e7\" data-element_type=\"container\" data-e-type=\"container\" data-settings=\"{&quot;background_background&quot;:&quot;classic&quot;}\">\n\t\t\t\t\t<div class=\"e-con-inner\">\n\t\t<div class=\"elementor-element elementor-element-f9fd590 e-con-full e-flex e-con e-child\" data-id=\"f9fd590\" data-element_type=\"container\" data-e-type=\"container\">\n\t\t\t\t<div class=\"elementor-element elementor-element-9818d9c elementor-widget-laptop__width-initial elementor-widget elementor-widget-heading\" data-id=\"9818d9c\" data-element_type=\"widget\" data-e-type=\"widget\" data-widget_type=\"heading.default\">\n\t\t\t\t\t<h1 class=\"elementor-heading-title elementor-size-default\">Atspaudas<\/h1>\t\t\t\t<\/div>\n\t\t\t\t<\/div>\n\t\t\t\t\t<\/div>\n\t\t\t\t<\/div>\n\t\t<div class=\"elementor-element elementor-element-951a2ff e-flex e-con-boxed e-con e-parent\" data-id=\"951a2ff\" data-element_type=\"container\" data-e-type=\"container\">\n\t\t\t\t\t<div class=\"e-con-inner\">\n\t\t\t\t<div class=\"elementor-element elementor-element-994884c elementor-widget elementor-widget-text-editor\" data-id=\"994884c\" data-element_type=\"widget\" data-e-type=\"widget\" data-widget_type=\"text-editor.default\">\n\t\t\t\t\t\t\t\t\t<p><span class=\"s1\"><b>BREMAX GmbH<\/b><\/span><br \/><b>Robert-Bosch-Str. 3<\/b><br \/><span class=\"s1\"><b>49393 Lohne<\/b><\/span><\/p><p class=\"p2\"><span class=\"s1\">Direktorius | generalinis direktorius | savininkas<br \/>Christian Mahnken<i><br \/><\/i><\/span><\/p><p class=\"p4\"><span class=\"s2\"><span class=\"s3\"><a href=\"mailto:info@bremax.de\">info@bremax.de<br \/><\/a><\/span><\/span>Tel. +49 (0) 4442 - 955 99 80<br \/>Faksas +49 (0) 4442 - 955 99 89<\/p><p class=\"p4\"><a href=\"https:\/\/www.bremax.de\/lt\/\">www.bremax.de<\/a><\/p><p class=\"p5\">Oldenburgo registro teismas - HRB 217305<\/p><p>PVM. IdNr.: DE314909831<\/p><p>Fotografija: BREMAX GmbH<\/p>\t\t\t\t\t\t\t\t<\/div>\n\t\t\t\t<div class=\"elementor-element elementor-element-54c6b08 elementor-widget elementor-widget-heading\" data-id=\"54c6b08\" data-element_type=\"widget\" data-e-type=\"widget\" data-widget_type=\"heading.default\">\n\t\t\t\t\t<span class=\"elementor-heading-title elementor-size-default\">Atsakomyb\u0117s apribojimas, autori\u0173 teis\u0117s\n\n\n<\/span>\t\t\t\t<\/div>\n\t\t\t\t<div class=\"elementor-element elementor-element-8bc3b89 elementor-widget elementor-widget-text-editor\" data-id=\"8bc3b89\" data-element_type=\"widget\" data-e-type=\"widget\" data-widget_type=\"text-editor.default\">\n\t\t\t\t\t\t\t\t\t<p><span class=\"\">Be i\u0161ankstinio ra\u0161ti\u0161ko BREMAX GmbH leidimo negalima i\u0161saugoti, kopijuoti ar perduoti viso ar dalies \u0161iuose interneto puslapiuose si\u016blomo ir rodomo turinio. Interneto puslapiuose naudojamiems grafikos elementams, br\u0117\u017einiams ir nuotraukoms taikomos \"BREMAX GmbH\", autoriaus arba atitinkamos nuotrauk\u0173 agent\u016bros autorin\u0117s teis\u0117s. Nepaisant vis\u0173 pastang\u0173 u\u017etikrinti nuoseklum\u0105, <\/span><span class=\"\">Teisingumas<\/span>\u00a0ir<span class=\"\"> BREMAX GmbH neprisiima jokios atsakomyb\u0117s u\u017e \u0161ioje svetain\u0117je pateiktos informacijos i\u0161samum\u0105.<\/span><br class=\"\" \/><br class=\"\" \/><span class=\"\">\u0160iuose interneto puslapiuose yra daug vadinam\u0173j\u0173 hipersait\u0173 (nuorod\u0173) \u012f kitus interneto puslapius ir paslaugas, kuri\u0173 nevaldo \"BREMAX GmbH\". BREMAX GmbH jokiu b\u016bdu neatsako ir n\u0117ra atsakinga u\u017e \u0161i\u0173 puslapi\u0173, \u012f kuriuos pateikiamos nuorodos, turin\u012f.<\/span><\/p>\t\t\t\t\t\t\t\t<\/div>\n\t\t\t\t<div class=\"elementor-element elementor-element-5e47a50 elementor-widget elementor-widget-heading\" data-id=\"5e47a50\" data-element_type=\"widget\" data-e-type=\"widget\" data-widget_type=\"heading.default\">\n\t\t\t\t\t<span class=\"elementor-heading-title elementor-size-default\">\"Google Analytics\":<\/span>\t\t\t\t<\/div>\n\t\t\t\t<div class=\"elementor-element elementor-element-9751968 elementor-widget elementor-widget-text-editor\" data-id=\"9751968\" data-element_type=\"widget\" data-e-type=\"widget\" data-widget_type=\"text-editor.default\">\n\t\t\t\t\t\t\t\t\t<p>\u0160ioje svetain\u0117je naudojami slapukai, kad u\u017etikrintume geriausi\u0105 patirt\u012f m\u016bs\u0173 svetain\u0117je. Naudodamiesi svetaine sutinkate, kad slapukai b\u016bt\u0173 naudojami.<\/p><p>\u201e\u0160ioje svetain\u0117je naudojama \u201cGoogle Analytics\u201d, \u201cGoogle, Inc\u201d (\"Google\") teikiama \u017einiatinklio analiz\u0117s paslauga. \"Google Analytics\" naudoja \"slapukus\", t. y. \u012f j\u016bs\u0173 kompiuter\u012f \u012fra\u0161omus tekstinius failus, kurie padeda svetainei analizuoti, kaip naudotojai naudojasi svetaine. Slapuk\u0173 generuojama informacija apie j\u016bs\u0173 naudojim\u0105si svetaine (\u012fskaitant j\u016bs\u0173 IP adres\u0105) bus perduodama ir saugoma \"Google\" serveriuose Jungtin\u0117se Amerikos Valstijose. IP anonimizavimo \u012fjungimo atveju \"Google\" sutrumpins\/anonimizuos paskutin\u012f IP adreso oktet\u0105 Europos S\u0105jungos valstyb\u0117se nar\u0117se ir kitose Europos ekonomin\u0117s erdv\u0117s susitarimo \u0161alyse. Tik i\u0161imtiniais atvejais visas IP adresas siun\u010diamas \u012f \"Google\" serverius JAV ir sutrumpinamas. Svetain\u0117s teik\u0117jo vardu \"Google\" naudoja \u0161i\u0105 informacij\u0105, kad \u012fvertint\u0173, kaip naudojat\u0117s svetaine, sudaryt\u0173 svetain\u0117s veiklos ataskaitas svetain\u0117s operatoriams ir teikt\u0173 svetain\u0117s teik\u0117jui kitas su svetain\u0117s veikla ir naudojimusi internetu susijusias paslaugas. \"Google\" nesusies j\u016bs\u0173 IP adreso su jokiais kitais \"Google\" turimais duomenimis. Galite atsisakyti slapuk\u0173 naudojimo pasirinkdami atitinkamus nustatymus savo nar\u0161ykl\u0117je. Ta\u010diau atkreipkite d\u0117mes\u012f, kad taip pasielg\u0119 negal\u0117site naudotis visomis \u0161ios svetain\u0117s funkcijomis. Be to, galite neleisti \"Google\" rinkti ir naudoti duomen\u0173 (slapuk\u0173 ir IP adreso) atsisi\u0173sdami ir \u012fdiegdami nar\u0161ykl\u0117s \u012fskiep\u012f, kur\u012f rasite adresu tools.google.com\/dlpage\/gaoptout?hl=en-GB<\/p>\t\t\t\t\t\t\t\t<\/div>\n\t\t\t\t\t<\/div>\n\t\t\t\t<\/div>\n\t\t\t\t<\/div>","protected":false},"excerpt":{"rendered":"<p>Impressum BREMAX GmbHRobert-Bosch-Str. 349393 Lohne Gesch\u00e4ftsf\u00fchrer\u00a0|\u00a0CEO | InhaberChristian Mahnken info@bremax.deTel +49 (0) 4442 \u2013 955 99 80Fax +49 (0) 4442 \u2013 955 99 89 www.bremax.de Registergericht Oldenburg \u2013 HRB 217305 Ust. IdNr.: DE314909831 Fotografie: BREMAX GmbH Haftungsausschluss, Urheberrecht Die auf diesen Internetseiten angebotenen und dargestellten Inhalte d\u00fcrfen ohne vorherige schriftliche Genehmigung durch die BREMAX GmbH [&hellip;]<\/p>\n","protected":false},"author":3,"featured_media":0,"parent":0,"menu_order":0,"comment_status":"closed","ping_status":"closed","template":"","meta":{"footnotes":""},"class_list":["post-3086","page","type-page","status-publish","hentry"],"yoast_head":"<!-- This site is optimized with the Yoast SEO plugin v27.4 - https:\/\/yoast.com\/product\/yoast-seo-wordpress\/ -->\n<title>Impressum - BREMAX<\/title>\n<meta name=\"robots\" content=\"index, follow, max-snippet:-1, max-image-preview:large, max-video-preview:-1\" \/>\n<link rel=\"canonical\" href=\"https:\/\/www.bremax.de\/lt\/atspaudas\/\" \/>\n<meta property=\"og:locale\" content=\"lt_LT\" \/>\n<meta property=\"og:type\" content=\"article\" \/>\n<meta property=\"og:title\" content=\"Impressum - BREMAX\" \/>\n<meta property=\"og:description\" content=\"Impressum BREMAX GmbHRobert-Bosch-Str. 349393 Lohne Gesch\u00e4ftsf\u00fchrer\u00a0|\u00a0CEO | InhaberChristian Mahnken info@bremax.deTel +49 (0) 4442 \u2013 955 99 80Fax +49 (0) 4442 \u2013 955 99 89 www.bremax.de Registergericht Oldenburg \u2013 HRB 217305 Ust. IdNr.: DE314909831 Fotografie: BREMAX GmbH Haftungsausschluss, Urheberrecht Die auf diesen Internetseiten angebotenen und dargestellten Inhalte d\u00fcrfen ohne vorherige schriftliche Genehmigung durch die BREMAX GmbH [&hellip;]\" \/>\n<meta property=\"og:url\" content=\"https:\/\/www.bremax.de\/lt\/atspaudas\/\" \/>\n<meta property=\"og:site_name\" content=\"BREMAX\" \/>\n<meta property=\"article:publisher\" content=\"https:\/\/www.facebook.com\/CemastirGermany\/\" \/>\n<meta property=\"article:modified_time\" content=\"2026-04-15T16:46:38+00:00\" \/>\n<meta name=\"twitter:card\" content=\"summary_large_image\" \/>\n<meta name=\"twitter:label1\" content=\"Est. reading time\" \/>\n\t<meta name=\"twitter:data1\" content=\"3 minut\u0117s\" \/>\n<script type=\"application\/ld+json\" class=\"yoast-schema-graph\">{\"@context\":\"https:\\\/\\\/schema.org\",\"@graph\":[{\"@type\":\"WebPage\",\"@id\":\"https:\\\/\\\/www.bremax.de\\\/impressum\\\/\",\"url\":\"https:\\\/\\\/www.bremax.de\\\/impressum\\\/\",\"name\":\"Impressum - BREMAX\",\"isPartOf\":{\"@id\":\"https:\\\/\\\/www.bremax.de\\\/#website\"},\"datePublished\":\"2017-12-08T11:12:02+00:00\",\"dateModified\":\"2026-04-15T16:46:38+00:00\",\"breadcrumb\":{\"@id\":\"https:\\\/\\\/www.bremax.de\\\/impressum\\\/#breadcrumb\"},\"inLanguage\":\"lt-LT\",\"potentialAction\":[{\"@type\":\"ReadAction\",\"target\":[\"https:\\\/\\\/www.bremax.de\\\/impressum\\\/\"]}]},{\"@type\":\"BreadcrumbList\",\"@id\":\"https:\\\/\\\/www.bremax.de\\\/impressum\\\/#breadcrumb\",\"itemListElement\":[{\"@type\":\"ListItem\",\"position\":1,\"name\":\"Startseite\",\"item\":\"https:\\\/\\\/www.bremax.de\\\/\"},{\"@type\":\"ListItem\",\"position\":2,\"name\":\"Impressum\"}]},{\"@type\":\"WebSite\",\"@id\":\"https:\\\/\\\/www.bremax.de\\\/#website\",\"url\":\"https:\\\/\\\/www.bremax.de\\\/\",\"name\":\"BREMAX\",\"description\":\"\",\"publisher\":{\"@id\":\"https:\\\/\\\/www.bremax.de\\\/#organization\"},\"potentialAction\":[{\"@type\":\"SearchAction\",\"target\":{\"@type\":\"EntryPoint\",\"urlTemplate\":\"https:\\\/\\\/www.bremax.de\\\/?s={search_term_string}\"},\"query-input\":{\"@type\":\"PropertyValueSpecification\",\"valueRequired\":true,\"valueName\":\"search_term_string\"}}],\"inLanguage\":\"lt-LT\"},{\"@type\":\"Organization\",\"@id\":\"https:\\\/\\\/www.bremax.de\\\/#organization\",\"name\":\"BREMAX\",\"url\":\"https:\\\/\\\/www.bremax.de\\\/\",\"logo\":{\"@type\":\"ImageObject\",\"inLanguage\":\"lt-LT\",\"@id\":\"https:\\\/\\\/www.bremax.de\\\/#\\\/schema\\\/logo\\\/image\\\/\",\"url\":\"https:\\\/\\\/www.bremax.de\\\/wp-content\\\/uploads\\\/2025\\\/09\\\/cropped-Logo_BREMAX_Gross_transp-3.png\",\"contentUrl\":\"https:\\\/\\\/www.bremax.de\\\/wp-content\\\/uploads\\\/2025\\\/09\\\/cropped-Logo_BREMAX_Gross_transp-3.png\",\"width\":1000,\"height\":285,\"caption\":\"BREMAX\"},\"image\":{\"@id\":\"https:\\\/\\\/www.bremax.de\\\/#\\\/schema\\\/logo\\\/image\\\/\"},\"sameAs\":[\"https:\\\/\\\/www.facebook.com\\\/CemastirGermany\\\/\"]}]}<\/script>\n<!-- \/ Yoast SEO plugin. -->","yoast_head_json":{"title":"Atspaudas - BREMAX","robots":{"index":"index","follow":"follow","max-snippet":"max-snippet:-1","max-image-preview":"max-image-preview:large","max-video-preview":"max-video-preview:-1"},"canonical":"https:\/\/www.bremax.de\/lt\/atspaudas\/","og_locale":"lt_LT","og_type":"article","og_title":"Impressum - BREMAX","og_description":"Impressum BREMAX GmbHRobert-Bosch-Str. 349393 Lohne Gesch\u00e4ftsf\u00fchrer\u00a0|\u00a0CEO | InhaberChristian Mahnken info@bremax.deTel +49 (0) 4442 \u2013 955 99 80Fax +49 (0) 4442 \u2013 955 99 89 www.bremax.de Registergericht Oldenburg \u2013 HRB 217305 Ust. IdNr.: DE314909831 Fotografie: BREMAX GmbH Haftungsausschluss, Urheberrecht Die auf diesen Internetseiten angebotenen und dargestellten Inhalte d\u00fcrfen ohne vorherige schriftliche Genehmigung durch die BREMAX GmbH [&hellip;]","og_url":"https:\/\/www.bremax.de\/lt\/atspaudas\/","og_site_name":"BREMAX","article_publisher":"https:\/\/www.facebook.com\/CemastirGermany\/","article_modified_time":"2026-04-15T16:46:38+00:00","twitter_card":"summary_large_image","twitter_misc":{"Est. reading time":"3 minut\u0117s"},"schema":{"@context":"https:\/\/schema.org","@graph":[{"@type":"WebPage","@id":"https:\/\/www.bremax.de\/impressum\/","url":"https:\/\/www.bremax.de\/impressum\/","name":"Atspaudas - BREMAX","isPartOf":{"@id":"https:\/\/www.bremax.de\/#website"},"datePublished":"2017-12-08T11:12:02+00:00","dateModified":"2026-04-15T16:46:38+00:00","breadcrumb":{"@id":"https:\/\/www.bremax.de\/impressum\/#breadcrumb"},"inLanguage":"lt-LT","potentialAction":[{"@type":"ReadAction","target":["https:\/\/www.bremax.de\/impressum\/"]}]},{"@type":"BreadcrumbList","@id":"https:\/\/www.bremax.de\/impressum\/#breadcrumb","itemListElement":[{"@type":"ListItem","position":1,"name":"Startseite","item":"https:\/\/www.bremax.de\/"},{"@type":"ListItem","position":2,"name":"Impressum"}]},{"@type":"WebSite","@id":"https:\/\/www.bremax.de\/#website","url":"https:\/\/www.bremax.de\/","name":"BREMAX","description":"","publisher":{"@id":"https:\/\/www.bremax.de\/#organization"},"potentialAction":[{"@type":"SearchAction","target":{"@type":"EntryPoint","urlTemplate":"https:\/\/www.bremax.de\/?s={search_term_string}"},"query-input":{"@type":"PropertyValueSpecification","valueRequired":true,"valueName":"search_term_string"}}],"inLanguage":"lt-LT"},{"@type":"Organization","@id":"https:\/\/www.bremax.de\/#organization","name":"BREMAX","url":"https:\/\/www.bremax.de\/","logo":{"@type":"ImageObject","inLanguage":"lt-LT","@id":"https:\/\/www.bremax.de\/#\/schema\/logo\/image\/","url":"https:\/\/www.bremax.de\/wp-content\/uploads\/2025\/09\/cropped-Logo_BREMAX_Gross_transp-3.png","contentUrl":"https:\/\/www.bremax.de\/wp-content\/uploads\/2025\/09\/cropped-Logo_BREMAX_Gross_transp-3.png","width":1000,"height":285,"caption":"BREMAX"},"image":{"@id":"https:\/\/www.bremax.de\/#\/schema\/logo\/image\/"},"sameAs":["https:\/\/www.facebook.com\/CemastirGermany\/"]}]}},"_links":{"self":[{"href":"https:\/\/www.bremax.de\/lt\/wp-json\/wp\/v2\/pages\/3086","targetHints":{"allow":["GET"]}}],"collection":[{"href":"https:\/\/www.bremax.de\/lt\/wp-json\/wp\/v2\/pages"}],"about":[{"href":"https:\/\/www.bremax.de\/lt\/wp-json\/wp\/v2\/types\/page"}],"author":[{"embeddable":true,"href":"https:\/\/www.bremax.de\/lt\/wp-json\/wp\/v2\/users\/3"}],"replies":[{"embeddable":true,"href":"https:\/\/www.bremax.de\/lt\/wp-json\/wp\/v2\/comments?post=3086"}],"version-history":[{"count":19,"href":"https:\/\/www.bremax.de\/lt\/wp-json\/wp\/v2\/pages\/3086\/revisions"}],"predecessor-version":[{"id":13969,"href":"https:\/\/www.bremax.de\/lt\/wp-json\/wp\/v2\/pages\/3086\/revisions\/13969"}],"wp:attachment":[{"href":"https:\/\/www.bremax.de\/lt\/wp-json\/wp\/v2\/media?parent=3086"}],"curies":[{"name":"wp","href":"https:\/\/api.w.org\/{rel}","templated":true}]}}