{"id":3086,"date":"2017-12-08T12:12:02","date_gmt":"2017-12-08T11:12:02","guid":{"rendered":"http:\/\/www.cemastir.de\/?page_id=3086"},"modified":"2026-04-15T18:46:38","modified_gmt":"2026-04-15T16:46:38","slug":"impronta","status":"publish","type":"page","link":"https:\/\/www.bremax.de\/it\/impressum\/","title":{"rendered":"Impronta"},"content":{"rendered":"<div data-elementor-type=\"wp-page\" data-elementor-id=\"3086\" class=\"elementor elementor-3086\" data-elementor-post-type=\"page\">\n\t\t\t\t<div class=\"elementor-element elementor-element-878e5e7 e-flex e-con-boxed e-con e-parent\" data-id=\"878e5e7\" data-element_type=\"container\" data-e-type=\"container\" data-settings=\"{&quot;background_background&quot;:&quot;classic&quot;}\">\n\t\t\t\t\t<div class=\"e-con-inner\">\n\t\t<div class=\"elementor-element elementor-element-f9fd590 e-con-full e-flex e-con e-child\" data-id=\"f9fd590\" data-element_type=\"container\" data-e-type=\"container\">\n\t\t\t\t<div class=\"elementor-element elementor-element-9818d9c elementor-widget-laptop__width-initial elementor-widget elementor-widget-heading\" data-id=\"9818d9c\" data-element_type=\"widget\" data-e-type=\"widget\" data-widget_type=\"heading.default\">\n\t\t\t\t\t<h1 class=\"elementor-heading-title elementor-size-default\">Impronta<\/h1>\t\t\t\t<\/div>\n\t\t\t\t<\/div>\n\t\t\t\t\t<\/div>\n\t\t\t\t<\/div>\n\t\t<div class=\"elementor-element elementor-element-951a2ff e-flex e-con-boxed e-con e-parent\" data-id=\"951a2ff\" data-element_type=\"container\" data-e-type=\"container\">\n\t\t\t\t\t<div class=\"e-con-inner\">\n\t\t\t\t<div class=\"elementor-element elementor-element-994884c elementor-widget elementor-widget-text-editor\" data-id=\"994884c\" data-element_type=\"widget\" data-e-type=\"widget\" data-widget_type=\"text-editor.default\">\n\t\t\t\t\t\t\t\t\t<p><span class=\"s1\"><b>BREMAX GmbH<\/b><\/span><br \/><b>Robert-Bosch-Str. 3<\/b><br \/><span class=\"s1\"><b>49393 Lohne<\/b><\/span><\/p><p class=\"p2\"><span class=\"s1\">Amministratore delegato | CEO | Proprietario<br \/>Christian Mahnken<i><br \/><\/i><\/span><\/p><p class=\"p4\"><span class=\"s2\"><span class=\"s3\"><a href=\"mailto:info@bremax.de\">info@bremax.de<br \/><\/a><\/span><\/span>Tel +49 (0) 4442 - 955 99 80<br \/>Fax +49 (0) 4442 - 955 99 89<\/p><p class=\"p4\"><a href=\"https:\/\/www.bremax.de\/it\/\">www.bremax.de<\/a><\/p><p class=\"p5\">Tribunale di Oldenburg - HRB 217305<\/p><p>IVA. IdNr.: DE314909831<\/p><p>Fotografia: BREMAX GmbH<\/p>\t\t\t\t\t\t\t\t<\/div>\n\t\t\t\t<div class=\"elementor-element elementor-element-54c6b08 elementor-widget elementor-widget-heading\" data-id=\"54c6b08\" data-element_type=\"widget\" data-e-type=\"widget\" data-widget_type=\"heading.default\">\n\t\t\t\t\t<span class=\"elementor-heading-title elementor-size-default\">Disclaimer, copyright\n\n\n<\/span>\t\t\t\t<\/div>\n\t\t\t\t<div class=\"elementor-element elementor-element-8bc3b89 elementor-widget elementor-widget-text-editor\" data-id=\"8bc3b89\" data-element_type=\"widget\" data-e-type=\"widget\" data-widget_type=\"text-editor.default\">\n\t\t\t\t\t\t\t\t\t<p><span class=\"\">I contenuti offerti e visualizzati in queste pagine Internet non possono essere salvati, copiati o trasmessi, in tutto o in parte, senza la previa autorizzazione scritta di BREMAX GmbH. I grafici, i disegni e le foto utilizzati nelle pagine Internet sono soggetti al copyright di BREMAX GmbH, dell'autore o della rispettiva agenzia fotografica. Nonostante gli sforzi per garantire la coerenza, <\/span><span class=\"\">Correttezza<\/span>\u00a0e<span class=\"\"> BREMAX GmbH non si assume alcuna responsabilit\u00e0 per la completezza delle informazioni presentate in questo sito web.<\/span><br class=\"\" \/><br class=\"\" \/><span class=\"\">Queste pagine Internet contengono un gran numero di cosiddetti hyperlink (riferimenti) ad altre pagine Internet e servizi che non sono gestiti da BREMAX GmbH. BREMAX GmbH non \u00e8 in alcun modo responsabile del contenuto di queste pagine collegate.<\/span><\/p>\t\t\t\t\t\t\t\t<\/div>\n\t\t\t\t<div class=\"elementor-element elementor-element-5e47a50 elementor-widget elementor-widget-heading\" data-id=\"5e47a50\" data-element_type=\"widget\" data-e-type=\"widget\" data-widget_type=\"heading.default\">\n\t\t\t\t\t<span class=\"elementor-heading-title elementor-size-default\">Google Analytics:<\/span>\t\t\t\t<\/div>\n\t\t\t\t<div class=\"elementor-element elementor-element-9751968 elementor-widget elementor-widget-text-editor\" data-id=\"9751968\" data-element_type=\"widget\" data-e-type=\"widget\" data-widget_type=\"text-editor.default\">\n\t\t\t\t\t\t\t\t\t<p>Questo sito web utilizza i cookie per garantire la migliore esperienza sul nostro sito. Utilizzando il sito web, accettate l'uso dei cookie.<\/p><p>\u201eQuesto sito web utilizza Google Analytics, un servizio di analisi web fornito da Google, Inc (\u201cGoogle\u201d). Google Analytics utilizza dei \u201ccookies\u201d, file di testo che vengono depositati sul vostro computer per consentire al sito web di analizzare come gli utenti utilizzano il sito. Le informazioni generate dal cookie sull'utilizzo del sito web da parte dell'utente (compreso il suo indirizzo IP) vengono trasmesse e memorizzate da Google su un server negli Stati Uniti. In caso di attivazione dell'anonimizzazione dell'IP, Google troncher\u00e0\/anonimizzer\u00e0 l'ultimo ottetto dell'indirizzo IP per gli Stati membri dell'Unione europea e per le altre parti dell'accordo sullo Spazio economico europeo. Solo in casi eccezionali, l'indirizzo IP completo viene inviato e abbreviato dai server di Google negli Stati Uniti. Per conto del provider del sito web, Google utilizzer\u00e0 queste informazioni per valutare l'utilizzo del sito web da parte dell'utente, per redigere rapporti sulle attivit\u00e0 del sito web per gli operatori del sito web e per fornire altri servizi relativi alle attivit\u00e0 del sito web e all'utilizzo di Internet al provider del sito web. Google non assocer\u00e0 il vostro indirizzo IP a nessun altro dato posseduto da Google. Potete rifiutarvi di usare i cookie selezionando l'impostazione appropriata sul vostro browser. Tuttavia, si prega di notare che in tal caso potrebbe non essere possibile utilizzare tutte le funzionalit\u00e0 di questo sito web. Inoltre, \u00e8 possibile impedire la raccolta e l'utilizzo dei dati (cookie e indirizzo IP) da parte di Google scaricando e installando il plug-in del browser disponibile all'indirizzo tools.google.com\/dlpage\/gaoptout?hl=it-GB<\/p>\t\t\t\t\t\t\t\t<\/div>\n\t\t\t\t\t<\/div>\n\t\t\t\t<\/div>\n\t\t\t\t<\/div>","protected":false},"excerpt":{"rendered":"<p>Impressum BREMAX GmbHRobert-Bosch-Str. 349393 Lohne Gesch\u00e4ftsf\u00fchrer\u00a0|\u00a0CEO | InhaberChristian Mahnken info@bremax.deTel +49 (0) 4442 \u2013 955 99 80Fax +49 (0) 4442 \u2013 955 99 89 www.bremax.de Registergericht Oldenburg \u2013 HRB 217305 Ust. IdNr.: DE314909831 Fotografie: BREMAX GmbH Haftungsausschluss, Urheberrecht Die auf diesen Internetseiten angebotenen und dargestellten Inhalte d\u00fcrfen ohne vorherige schriftliche Genehmigung durch die BREMAX GmbH [&hellip;]<\/p>\n","protected":false},"author":3,"featured_media":0,"parent":0,"menu_order":0,"comment_status":"closed","ping_status":"closed","template":"","meta":{"footnotes":""},"class_list":["post-3086","page","type-page","status-publish","hentry"],"yoast_head":"<!-- This site is optimized with the Yoast SEO plugin v27.4 - https:\/\/yoast.com\/product\/yoast-seo-wordpress\/ -->\n<title>Impressum - BREMAX<\/title>\n<meta name=\"robots\" content=\"index, follow, max-snippet:-1, max-image-preview:large, max-video-preview:-1\" \/>\n<link rel=\"canonical\" href=\"https:\/\/www.bremax.de\/it\/impronta\/\" \/>\n<meta property=\"og:locale\" content=\"it_IT\" \/>\n<meta property=\"og:type\" content=\"article\" \/>\n<meta property=\"og:title\" content=\"Impressum - BREMAX\" \/>\n<meta property=\"og:description\" content=\"Impressum BREMAX GmbHRobert-Bosch-Str. 349393 Lohne Gesch\u00e4ftsf\u00fchrer\u00a0|\u00a0CEO | InhaberChristian Mahnken info@bremax.deTel +49 (0) 4442 \u2013 955 99 80Fax +49 (0) 4442 \u2013 955 99 89 www.bremax.de Registergericht Oldenburg \u2013 HRB 217305 Ust. IdNr.: DE314909831 Fotografie: BREMAX GmbH Haftungsausschluss, Urheberrecht Die auf diesen Internetseiten angebotenen und dargestellten Inhalte d\u00fcrfen ohne vorherige schriftliche Genehmigung durch die BREMAX GmbH [&hellip;]\" \/>\n<meta property=\"og:url\" content=\"https:\/\/www.bremax.de\/it\/impronta\/\" \/>\n<meta property=\"og:site_name\" content=\"BREMAX\" \/>\n<meta property=\"article:publisher\" content=\"https:\/\/www.facebook.com\/CemastirGermany\/\" \/>\n<meta property=\"article:modified_time\" content=\"2026-04-15T16:46:38+00:00\" \/>\n<meta name=\"twitter:card\" content=\"summary_large_image\" \/>\n<meta name=\"twitter:label1\" content=\"Tempo di lettura stimato\" \/>\n\t<meta name=\"twitter:data1\" content=\"3 minuti\" \/>\n<script type=\"application\/ld+json\" class=\"yoast-schema-graph\">{\"@context\":\"https:\\\/\\\/schema.org\",\"@graph\":[{\"@type\":\"WebPage\",\"@id\":\"https:\\\/\\\/www.bremax.de\\\/impressum\\\/\",\"url\":\"https:\\\/\\\/www.bremax.de\\\/impressum\\\/\",\"name\":\"Impressum - BREMAX\",\"isPartOf\":{\"@id\":\"https:\\\/\\\/www.bremax.de\\\/#website\"},\"datePublished\":\"2017-12-08T11:12:02+00:00\",\"dateModified\":\"2026-04-15T16:46:38+00:00\",\"breadcrumb\":{\"@id\":\"https:\\\/\\\/www.bremax.de\\\/impressum\\\/#breadcrumb\"},\"inLanguage\":\"it-IT\",\"potentialAction\":[{\"@type\":\"ReadAction\",\"target\":[\"https:\\\/\\\/www.bremax.de\\\/impressum\\\/\"]}]},{\"@type\":\"BreadcrumbList\",\"@id\":\"https:\\\/\\\/www.bremax.de\\\/impressum\\\/#breadcrumb\",\"itemListElement\":[{\"@type\":\"ListItem\",\"position\":1,\"name\":\"Startseite\",\"item\":\"https:\\\/\\\/www.bremax.de\\\/\"},{\"@type\":\"ListItem\",\"position\":2,\"name\":\"Impressum\"}]},{\"@type\":\"WebSite\",\"@id\":\"https:\\\/\\\/www.bremax.de\\\/#website\",\"url\":\"https:\\\/\\\/www.bremax.de\\\/\",\"name\":\"BREMAX\",\"description\":\"\",\"publisher\":{\"@id\":\"https:\\\/\\\/www.bremax.de\\\/#organization\"},\"potentialAction\":[{\"@type\":\"SearchAction\",\"target\":{\"@type\":\"EntryPoint\",\"urlTemplate\":\"https:\\\/\\\/www.bremax.de\\\/?s={search_term_string}\"},\"query-input\":{\"@type\":\"PropertyValueSpecification\",\"valueRequired\":true,\"valueName\":\"search_term_string\"}}],\"inLanguage\":\"it-IT\"},{\"@type\":\"Organization\",\"@id\":\"https:\\\/\\\/www.bremax.de\\\/#organization\",\"name\":\"BREMAX\",\"url\":\"https:\\\/\\\/www.bremax.de\\\/\",\"logo\":{\"@type\":\"ImageObject\",\"inLanguage\":\"it-IT\",\"@id\":\"https:\\\/\\\/www.bremax.de\\\/#\\\/schema\\\/logo\\\/image\\\/\",\"url\":\"https:\\\/\\\/www.bremax.de\\\/wp-content\\\/uploads\\\/2025\\\/09\\\/cropped-Logo_BREMAX_Gross_transp-3.png\",\"contentUrl\":\"https:\\\/\\\/www.bremax.de\\\/wp-content\\\/uploads\\\/2025\\\/09\\\/cropped-Logo_BREMAX_Gross_transp-3.png\",\"width\":1000,\"height\":285,\"caption\":\"BREMAX\"},\"image\":{\"@id\":\"https:\\\/\\\/www.bremax.de\\\/#\\\/schema\\\/logo\\\/image\\\/\"},\"sameAs\":[\"https:\\\/\\\/www.facebook.com\\\/CemastirGermany\\\/\"]}]}<\/script>\n<!-- \/ Yoast SEO plugin. -->","yoast_head_json":{"title":"Impronta - BREMAX","robots":{"index":"index","follow":"follow","max-snippet":"max-snippet:-1","max-image-preview":"max-image-preview:large","max-video-preview":"max-video-preview:-1"},"canonical":"https:\/\/www.bremax.de\/it\/impronta\/","og_locale":"it_IT","og_type":"article","og_title":"Impressum - BREMAX","og_description":"Impressum BREMAX GmbHRobert-Bosch-Str. 349393 Lohne Gesch\u00e4ftsf\u00fchrer\u00a0|\u00a0CEO | InhaberChristian Mahnken info@bremax.deTel +49 (0) 4442 \u2013 955 99 80Fax +49 (0) 4442 \u2013 955 99 89 www.bremax.de Registergericht Oldenburg \u2013 HRB 217305 Ust. IdNr.: DE314909831 Fotografie: BREMAX GmbH Haftungsausschluss, Urheberrecht Die auf diesen Internetseiten angebotenen und dargestellten Inhalte d\u00fcrfen ohne vorherige schriftliche Genehmigung durch die BREMAX GmbH [&hellip;]","og_url":"https:\/\/www.bremax.de\/it\/impronta\/","og_site_name":"BREMAX","article_publisher":"https:\/\/www.facebook.com\/CemastirGermany\/","article_modified_time":"2026-04-15T16:46:38+00:00","twitter_card":"summary_large_image","twitter_misc":{"Tempo di lettura stimato":"3 minuti"},"schema":{"@context":"https:\/\/schema.org","@graph":[{"@type":"WebPage","@id":"https:\/\/www.bremax.de\/impressum\/","url":"https:\/\/www.bremax.de\/impressum\/","name":"Impronta - BREMAX","isPartOf":{"@id":"https:\/\/www.bremax.de\/#website"},"datePublished":"2017-12-08T11:12:02+00:00","dateModified":"2026-04-15T16:46:38+00:00","breadcrumb":{"@id":"https:\/\/www.bremax.de\/impressum\/#breadcrumb"},"inLanguage":"it-IT","potentialAction":[{"@type":"ReadAction","target":["https:\/\/www.bremax.de\/impressum\/"]}]},{"@type":"BreadcrumbList","@id":"https:\/\/www.bremax.de\/impressum\/#breadcrumb","itemListElement":[{"@type":"ListItem","position":1,"name":"Startseite","item":"https:\/\/www.bremax.de\/"},{"@type":"ListItem","position":2,"name":"Impressum"}]},{"@type":"WebSite","@id":"https:\/\/www.bremax.de\/#website","url":"https:\/\/www.bremax.de\/","name":"BREMAX","description":"","publisher":{"@id":"https:\/\/www.bremax.de\/#organization"},"potentialAction":[{"@type":"SearchAction","target":{"@type":"EntryPoint","urlTemplate":"https:\/\/www.bremax.de\/?s={search_term_string}"},"query-input":{"@type":"PropertyValueSpecification","valueRequired":true,"valueName":"search_term_string"}}],"inLanguage":"it-IT"},{"@type":"Organization","@id":"https:\/\/www.bremax.de\/#organization","name":"BREMAX","url":"https:\/\/www.bremax.de\/","logo":{"@type":"ImageObject","inLanguage":"it-IT","@id":"https:\/\/www.bremax.de\/#\/schema\/logo\/image\/","url":"https:\/\/www.bremax.de\/wp-content\/uploads\/2025\/09\/cropped-Logo_BREMAX_Gross_transp-3.png","contentUrl":"https:\/\/www.bremax.de\/wp-content\/uploads\/2025\/09\/cropped-Logo_BREMAX_Gross_transp-3.png","width":1000,"height":285,"caption":"BREMAX"},"image":{"@id":"https:\/\/www.bremax.de\/#\/schema\/logo\/image\/"},"sameAs":["https:\/\/www.facebook.com\/CemastirGermany\/"]}]}},"_links":{"self":[{"href":"https:\/\/www.bremax.de\/it\/wp-json\/wp\/v2\/pages\/3086","targetHints":{"allow":["GET"]}}],"collection":[{"href":"https:\/\/www.bremax.de\/it\/wp-json\/wp\/v2\/pages"}],"about":[{"href":"https:\/\/www.bremax.de\/it\/wp-json\/wp\/v2\/types\/page"}],"author":[{"embeddable":true,"href":"https:\/\/www.bremax.de\/it\/wp-json\/wp\/v2\/users\/3"}],"replies":[{"embeddable":true,"href":"https:\/\/www.bremax.de\/it\/wp-json\/wp\/v2\/comments?post=3086"}],"version-history":[{"count":19,"href":"https:\/\/www.bremax.de\/it\/wp-json\/wp\/v2\/pages\/3086\/revisions"}],"predecessor-version":[{"id":13969,"href":"https:\/\/www.bremax.de\/it\/wp-json\/wp\/v2\/pages\/3086\/revisions\/13969"}],"wp:attachment":[{"href":"https:\/\/www.bremax.de\/it\/wp-json\/wp\/v2\/media?parent=3086"}],"curies":[{"name":"wp","href":"https:\/\/api.w.org\/{rel}","templated":true}]}}