{"id":3095,"date":"2017-12-08T12:13:42","date_gmt":"2017-12-08T11:13:42","guid":{"rendered":"http:\/\/www.cemastir.de\/?page_id=3095"},"modified":"2025-11-27T08:13:22","modified_gmt":"2025-11-27T07:13:22","slug":"adatvedelem","status":"publish","type":"page","link":"https:\/\/www.bremax.de\/hu\/datenschutz\/","title":{"rendered":"Adatv\u00e9delem"},"content":{"rendered":"<div data-elementor-type=\"wp-page\" data-elementor-id=\"3095\" class=\"elementor elementor-3095\" data-elementor-post-type=\"page\">\n\t\t\t\t<div class=\"elementor-element elementor-element-65bc90d e-flex e-con-boxed e-con e-parent\" data-id=\"65bc90d\" data-element_type=\"container\" data-e-type=\"container\" data-settings=\"{&quot;background_background&quot;:&quot;classic&quot;}\">\n\t\t\t\t\t<div class=\"e-con-inner\">\n\t\t<div class=\"elementor-element elementor-element-977f548 e-con-full e-flex e-con e-child\" data-id=\"977f548\" data-element_type=\"container\" data-e-type=\"container\">\n\t\t\t\t<div class=\"elementor-element elementor-element-bef9f69 elementor-widget-laptop__width-initial elementor-widget elementor-widget-heading\" data-id=\"bef9f69\" data-element_type=\"widget\" data-e-type=\"widget\" data-widget_type=\"heading.default\">\n\t\t\t\t\t<h1 class=\"elementor-heading-title elementor-size-default\">Adatv\u00e9delem<\/h1>\t\t\t\t<\/div>\n\t\t\t\t<\/div>\n\t\t\t\t\t<\/div>\n\t\t\t\t<\/div>\n\t\t<div class=\"elementor-element elementor-element-5a42353 e-flex e-con-boxed e-con e-parent\" data-id=\"5a42353\" data-element_type=\"container\" data-e-type=\"container\">\n\t\t\t\t\t<div class=\"e-con-inner\">\n\t\t\t\t<div class=\"elementor-element elementor-element-0018977 elementor-widget elementor-widget-heading\" data-id=\"0018977\" data-element_type=\"widget\" data-e-type=\"widget\" data-widget_type=\"heading.default\">\n\t\t\t\t\t<span class=\"elementor-heading-title elementor-size-default\">A Google Analytics haszn\u00e1lata\n\n\n<\/span>\t\t\t\t<\/div>\n\t\t\t\t<div class=\"elementor-element elementor-element-5792e38 elementor-widget elementor-widget-text-editor\" data-id=\"5792e38\" data-element_type=\"widget\" data-e-type=\"widget\" data-widget_type=\"text-editor.default\">\n\t\t\t\t\t\t\t\t\tEz a weboldal a Google Inc (\u201eGoogle\u201c) \u00e1ltal ny\u00fajtott Google Analytics webanalitikai szolg\u00e1ltat\u00e1st haszn\u00e1lja. A Google Analytics \u201es\u00fctiket\u201c haszn\u00e1l, amelyek az \u00d6n sz\u00e1m\u00edt\u00f3g\u00e9p\u00e9n elhelyezett sz\u00f6veges f\u00e1jlok, \u00e9s amelyek seg\u00edts\u00e9g\u00e9vel a weboldal elemzi, hogy a felhaszn\u00e1l\u00f3k hogyan haszn\u00e1lj\u00e1k a weboldalt. A cookie-k \u00e1ltal gener\u00e1lt, a weboldal haszn\u00e1lat\u00e1ra vonatkoz\u00f3 inform\u00e1ci\u00f3kat \u00e1ltal\u00e1ban a Google egyik USA-beli szerver\u00e9re tov\u00e1bb\u00edtj\u00e1k \u00e9s ott t\u00e1rolj\u00e1k. Ha azonban az IP-anonimiz\u00e1l\u00e1s aktiv\u00e1lva van ezen a weboldalon (ez megt\u00f6rt\u00e9nt; az \u00fczemeltet\u0151 megjegyz\u00e9se), az \u00d6n IP-c\u00edm\u00e9t a Google el\u0151sz\u00f6r az Eur\u00f3pai Uni\u00f3 tag\u00e1llamaiban vagy az Eur\u00f3pai Gazdas\u00e1gi T\u00e9rs\u00e9gr\u0151l sz\u00f3l\u00f3 meg\u00e1llapod\u00e1s m\u00e1s al\u00e1\u00edr\u00f3 \u00e1llamaiban r\u00f6vid\u00edti meg. A teljes IP-c\u00edmet csak kiv\u00e9teles esetekben tov\u00e1bb\u00edtj\u00e1k a Google USA-beli szerver\u00e9re, \u00e9s ott r\u00f6vid\u00edtik le. A weboldal \u00fczemeltet\u0151j\u00e9nek megb\u00edz\u00e1s\u00e1b\u00f3l a Google ezeket az inform\u00e1ci\u00f3kat a weboldal haszn\u00e1lat\u00e1nak elemz\u00e9s\u00e9re, a weboldal tev\u00e9kenys\u00e9g\u00e9r\u0151l sz\u00f3l\u00f3 jelent\u00e9sek \u00f6ssze\u00e1ll\u00edt\u00e1s\u00e1ra, valamint a weboldal tev\u00e9kenys\u00e9g\u00e9vel \u00e9s az internethaszn\u00e1lattal kapcsolatos egy\u00e9b szolg\u00e1ltat\u00e1sok ny\u00fajt\u00e1s\u00e1ra haszn\u00e1lja fel a weboldal \u00fczemeltet\u0151je sz\u00e1m\u00e1ra. Az \u00d6n b\u00f6ng\u00e9sz\u0151je \u00e1ltal a Google Analytics r\u00e9szek\u00e9nt tov\u00e1bb\u00edtott IP-c\u00edm nem ker\u00fcl \u00f6sszevon\u00e1sra a Google egy\u00e9b adataival. \u00d6n a b\u00f6ng\u00e9sz\u0151je megfelel\u0151 be\u00e1ll\u00edt\u00e1sainak kiv\u00e1laszt\u00e1s\u00e1val elutas\u00edthatja a s\u00fctik haszn\u00e1lat\u00e1t, azonban k\u00e9rj\u00fck, vegye figyelembe, hogy ebben az esetben el\u0151fordulhat, hogy nem tudja teljes m\u00e9rt\u00e9kben haszn\u00e1lni a weboldal funkci\u00f3it. Az al\u00e1bbi linken el\u00e9rhet\u0151 b\u00f6ng\u00e9sz\u0151 plug-in let\u00f6lt\u00e9s\u00e9vel \u00e9s telep\u00edt\u00e9s\u00e9vel megakad\u00e1lyozhatja azt is, hogy a Google \u00f6sszegy\u0171jtse a cookie-k \u00e1ltal gener\u00e1lt \u00e9s a weboldal haszn\u00e1lat\u00e1val kapcsolatos adatokat (bele\u00e9rtve az \u00d6n IP-c\u00edm\u00e9t), \u00e9s hogy ezeket az adatokat a Google feldolgozza.\n\n\t\t\t\t\t\t\t\t<\/div>\n\t\t\t\t<div class=\"elementor-element elementor-element-c5d0ab0 elementor-widget elementor-widget-heading\" data-id=\"c5d0ab0\" data-element_type=\"widget\" data-e-type=\"widget\" data-widget_type=\"heading.default\">\n\t\t\t\t\t<span class=\"elementor-heading-title elementor-size-default\">Kapcsolatfelv\u00e9teli \u0171rlap \/ \u00e9rdekl\u0151d\u00e9s\n\n\n<\/span>\t\t\t\t<\/div>\n\t\t\t\t<div class=\"elementor-element elementor-element-735fabb elementor-widget elementor-widget-text-editor\" data-id=\"735fabb\" data-element_type=\"widget\" data-e-type=\"widget\" data-widget_type=\"text-editor.default\">\n\t\t\t\t\t\t\t\t\t<p>Adatv\u00e9delmi szab\u00e1lyzat ( DSGVO ): Ha \u00d6n a kapcsolatfelv\u00e9teli \u0171rlapon kereszt\u00fcl k\u00fcld nek\u00fcnk megkeres\u00e9st, a megkeres\u00e9si \u0171rlapon megadott adatait a megkeres\u00e9s feldolgoz\u00e1sa c\u00e9lj\u00e1b\u00f3l, valamint tov\u00e1bbi k\u00e9rd\u00e9sek eset\u00e9n t\u00e1roljuk. Ezeket az adatokat az \u00d6n hozz\u00e1j\u00e1rul\u00e1sa n\u00e9lk\u00fcl nem adjuk tov\u00e1bb. A kapcsolatfelv\u00e9teli \u0171rlapon megadott adatokat teh\u00e1t kiz\u00e1r\u00f3lag az \u00d6n hozz\u00e1j\u00e1rul\u00e1sa alapj\u00e1n dolgozzuk fel (GDPR 6. cikk (1) bek. a) pont). Ezt a hozz\u00e1j\u00e1rul\u00e1st b\u00e1rmikor visszavonhatja. Ehhez mind\u00f6ssze egy inform\u00e1lis e-mailt kell k\u00fcldenie a info@bremax.de c\u00edmre. A visszavon\u00e1sig elv\u00e9gzett adatfeldolgoz\u00e1si m\u0171veletek jogszer\u0171s\u00e9g\u00e9t a visszavon\u00e1s nem \u00e9rinti. A kapcsolatfelv\u00e9teli \u0171rlapon megadott adatait mindaddig meg\u0151rizz\u00fck, am\u00edg \u00d6n nem k\u00e9ri azok t\u00f6rl\u00e9s\u00e9t, nem vonja vissza a t\u00e1rol\u00e1shoz adott hozz\u00e1j\u00e1rul\u00e1s\u00e1t, vagy a t\u00e1rol\u00e1s c\u00e9lja m\u00e1r nem \u00e1ll fenn (pl. a k\u00e9r\u00e9s\u00e9nek teljes\u00edt\u00e9se ut\u00e1n). A k\u00f6telez\u0151 t\u00f6rv\u00e9nyi rendelkez\u00e9sek - k\u00fcl\u00f6n\u00f6sen a meg\u0151rz\u00e9si id\u0151szakok - nem \u00e9rintik.<\/p>\t\t\t\t\t\t\t\t<\/div>\n\t\t\t\t<div class=\"elementor-element elementor-element-cfab3bf elementor-widget elementor-widget-heading\" data-id=\"cfab3bf\" data-element_type=\"widget\" data-e-type=\"widget\" data-widget_type=\"heading.default\">\n\t\t\t\t\t<span class=\"elementor-heading-title elementor-size-default\">Jogi nyilatkozat \/ Megjegyz\u00e9s a k\u00fcls\u0151 hivatkoz\u00e1sokkal kapcsolatban\n\n\n\n<\/span>\t\t\t\t<\/div>\n\t\t\t\t<div class=\"elementor-element elementor-element-d3d5efd elementor-widget elementor-widget-text-editor\" data-id=\"d3d5efd\" data-element_type=\"widget\" data-e-type=\"widget\" data-widget_type=\"text-editor.default\">\n\t\t\t\t\t\t\t\t\t<p>A BREMAX GmbH tartalomszolg\u00e1ltat\u00f3k\u00e9nt az \u00e1llamk\u00f6zi m\u00e9diaszolg\u00e1ltat\u00e1si szerz\u0151d\u00e9s 6. szakasz\u00e1nak (1) bekezd\u00e9se \u00e9s az \u00e1ltal\u00e1nos jogszab\u00e1lyok \u00e9rtelm\u00e9ben felel\u0151s a \u201esaj\u00e1t tartalm\u00e1\u00e9rt\u201c, amelyet haszn\u00e1latra bocs\u00e1t. Ezeket a saj\u00e1t tartalmakat meg kell k\u00fcl\u00f6nb\u00f6ztetni a m\u00e1s szolg\u00e1ltat\u00f3k \u00e1ltal ny\u00fajtott tartalmakra val\u00f3 kereszthivatkoz\u00e1sokt\u00f3l (\u201elinkekt\u0151l\u201c). A kereszthivatkoz\u00e1ssal a BREMAX GmbH \u201eidegen tartalmakat\u201c tesz hozz\u00e1f\u00e9rhet\u0151v\u00e9, amelyek \u00edgy vannak megjel\u00f6lve:<\/p><p>A \u201elinkek\u201c mindig \u201e\u00e9l\u0151\u201c (dinamikus) hivatkoz\u00e1sok. A BREMAX GmbH a hivatkoz\u00e1s l\u00e9trehoz\u00e1sakor ellen\u0151rizte a k\u00fcls\u0151 tartalmakat az esetleges polg\u00e1ri vagy b\u00fcntet\u0151jogi felel\u0151ss\u00e9gre vonhat\u00f3s\u00e1g szempontj\u00e1b\u00f3l. Nem ellen\u0151rzi azonban folyamatosan a weboldal\u00e1n hivatkozott tartalmakat olyan v\u00e1ltoz\u00e1sokra vonatkoz\u00f3an, amelyek \u00faj felel\u0151ss\u00e9gre von\u00e1st eredm\u00e9nyezhetnek. Ha meg\u00e1llap\u00edtja, vagy m\u00e1sokt\u00f3l \u00e9rtes\u00fcl arr\u00f3l, hogy egy adott aj\u00e1nlat, amelyre hivatkozik, polg\u00e1ri jogi vagy b\u00fcntet\u0151jogi felel\u0151ss\u00e9get von maga ut\u00e1n, akkor elt\u00e1vol\u00edtja az aj\u00e1nlatra mutat\u00f3 hivatkoz\u00e1st.<\/p>\t\t\t\t\t\t\t\t<\/div>\n\t\t\t\t\t<\/div>\n\t\t\t\t<\/div>\n\t\t\t\t<\/div>","protected":false},"excerpt":{"rendered":"<p>Datenschutz Verwendung von Google Analytics Diese Website benutzt Google Analytics, einen Webanalysedienst der Google Inc. (\u201eGoogle\u201c). Google Analytics verwendet sog. \u201eCookies\u201c, Textdateien, die auf Ihrem Computer gespeichert werden und die eine Analyse der Benutzung der Website durch Sie erm\u00f6glichen. Die durch den Cookie erzeugten Informationen \u00fcber Ihre Benutzung dieser Website werden in der Regel an [&hellip;]<\/p>\n","protected":false},"author":3,"featured_media":0,"parent":0,"menu_order":0,"comment_status":"closed","ping_status":"closed","template":"","meta":{"footnotes":""},"class_list":["post-3095","page","type-page","status-publish","hentry"],"yoast_head":"<!-- This site is optimized with the Yoast SEO plugin v27.4 - https:\/\/yoast.com\/product\/yoast-seo-wordpress\/ -->\n<title>Datenschutz - BREMAX<\/title>\n<meta name=\"robots\" content=\"index, follow, max-snippet:-1, max-image-preview:large, max-video-preview:-1\" \/>\n<link rel=\"canonical\" href=\"https:\/\/www.bremax.de\/hu\/adatvedelem\/\" \/>\n<meta property=\"og:locale\" content=\"hu_HU\" \/>\n<meta property=\"og:type\" content=\"article\" \/>\n<meta property=\"og:title\" content=\"Datenschutz - BREMAX\" \/>\n<meta property=\"og:description\" content=\"Datenschutz Verwendung von Google Analytics Diese Website benutzt Google Analytics, einen Webanalysedienst der Google Inc. (\u201eGoogle\u201c). Google Analytics verwendet sog. \u201eCookies\u201c, Textdateien, die auf Ihrem Computer gespeichert werden und die eine Analyse der Benutzung der Website durch Sie erm\u00f6glichen. Die durch den Cookie erzeugten Informationen \u00fcber Ihre Benutzung dieser Website werden in der Regel an [&hellip;]\" \/>\n<meta property=\"og:url\" content=\"https:\/\/www.bremax.de\/hu\/adatvedelem\/\" \/>\n<meta property=\"og:site_name\" content=\"BREMAX\" \/>\n<meta property=\"article:publisher\" content=\"https:\/\/www.facebook.com\/CemastirGermany\/\" \/>\n<meta property=\"article:modified_time\" content=\"2025-11-27T07:13:22+00:00\" \/>\n<meta name=\"twitter:card\" content=\"summary_large_image\" \/>\n<meta name=\"twitter:label1\" content=\"Becs\u00fclt olvas\u00e1si id\u0151\" \/>\n\t<meta name=\"twitter:data1\" content=\"4 perc\" \/>\n<script type=\"application\/ld+json\" class=\"yoast-schema-graph\">{\"@context\":\"https:\\\/\\\/schema.org\",\"@graph\":[{\"@type\":\"WebPage\",\"@id\":\"https:\\\/\\\/www.bremax.de\\\/datenschutz\\\/\",\"url\":\"https:\\\/\\\/www.bremax.de\\\/datenschutz\\\/\",\"name\":\"Datenschutz - BREMAX\",\"isPartOf\":{\"@id\":\"https:\\\/\\\/www.bremax.de\\\/#website\"},\"datePublished\":\"2017-12-08T11:13:42+00:00\",\"dateModified\":\"2025-11-27T07:13:22+00:00\",\"breadcrumb\":{\"@id\":\"https:\\\/\\\/www.bremax.de\\\/datenschutz\\\/#breadcrumb\"},\"inLanguage\":\"hu\",\"potentialAction\":[{\"@type\":\"ReadAction\",\"target\":[\"https:\\\/\\\/www.bremax.de\\\/datenschutz\\\/\"]}]},{\"@type\":\"BreadcrumbList\",\"@id\":\"https:\\\/\\\/www.bremax.de\\\/datenschutz\\\/#breadcrumb\",\"itemListElement\":[{\"@type\":\"ListItem\",\"position\":1,\"name\":\"Startseite\",\"item\":\"https:\\\/\\\/www.bremax.de\\\/\"},{\"@type\":\"ListItem\",\"position\":2,\"name\":\"Datenschutz\"}]},{\"@type\":\"WebSite\",\"@id\":\"https:\\\/\\\/www.bremax.de\\\/#website\",\"url\":\"https:\\\/\\\/www.bremax.de\\\/\",\"name\":\"BREMAX\",\"description\":\"\",\"publisher\":{\"@id\":\"https:\\\/\\\/www.bremax.de\\\/#organization\"},\"potentialAction\":[{\"@type\":\"SearchAction\",\"target\":{\"@type\":\"EntryPoint\",\"urlTemplate\":\"https:\\\/\\\/www.bremax.de\\\/?s={search_term_string}\"},\"query-input\":{\"@type\":\"PropertyValueSpecification\",\"valueRequired\":true,\"valueName\":\"search_term_string\"}}],\"inLanguage\":\"hu\"},{\"@type\":\"Organization\",\"@id\":\"https:\\\/\\\/www.bremax.de\\\/#organization\",\"name\":\"BREMAX\",\"url\":\"https:\\\/\\\/www.bremax.de\\\/\",\"logo\":{\"@type\":\"ImageObject\",\"inLanguage\":\"hu\",\"@id\":\"https:\\\/\\\/www.bremax.de\\\/#\\\/schema\\\/logo\\\/image\\\/\",\"url\":\"https:\\\/\\\/www.bremax.de\\\/wp-content\\\/uploads\\\/2025\\\/09\\\/cropped-Logo_BREMAX_Gross_transp-3.png\",\"contentUrl\":\"https:\\\/\\\/www.bremax.de\\\/wp-content\\\/uploads\\\/2025\\\/09\\\/cropped-Logo_BREMAX_Gross_transp-3.png\",\"width\":1000,\"height\":285,\"caption\":\"BREMAX\"},\"image\":{\"@id\":\"https:\\\/\\\/www.bremax.de\\\/#\\\/schema\\\/logo\\\/image\\\/\"},\"sameAs\":[\"https:\\\/\\\/www.facebook.com\\\/CemastirGermany\\\/\"]}]}<\/script>\n<!-- \/ Yoast SEO plugin. -->","yoast_head_json":{"title":"Adatv\u00e9delem - BREMAX","robots":{"index":"index","follow":"follow","max-snippet":"max-snippet:-1","max-image-preview":"max-image-preview:large","max-video-preview":"max-video-preview:-1"},"canonical":"https:\/\/www.bremax.de\/hu\/adatvedelem\/","og_locale":"hu_HU","og_type":"article","og_title":"Datenschutz - BREMAX","og_description":"Datenschutz Verwendung von Google Analytics Diese Website benutzt Google Analytics, einen Webanalysedienst der Google Inc. (\u201eGoogle\u201c). Google Analytics verwendet sog. \u201eCookies\u201c, Textdateien, die auf Ihrem Computer gespeichert werden und die eine Analyse der Benutzung der Website durch Sie erm\u00f6glichen. Die durch den Cookie erzeugten Informationen \u00fcber Ihre Benutzung dieser Website werden in der Regel an [&hellip;]","og_url":"https:\/\/www.bremax.de\/hu\/adatvedelem\/","og_site_name":"BREMAX","article_publisher":"https:\/\/www.facebook.com\/CemastirGermany\/","article_modified_time":"2025-11-27T07:13:22+00:00","twitter_card":"summary_large_image","twitter_misc":{"Becs\u00fclt olvas\u00e1si id\u0151":"4 perc"},"schema":{"@context":"https:\/\/schema.org","@graph":[{"@type":"WebPage","@id":"https:\/\/www.bremax.de\/datenschutz\/","url":"https:\/\/www.bremax.de\/datenschutz\/","name":"Adatv\u00e9delem - BREMAX","isPartOf":{"@id":"https:\/\/www.bremax.de\/#website"},"datePublished":"2017-12-08T11:13:42+00:00","dateModified":"2025-11-27T07:13:22+00:00","breadcrumb":{"@id":"https:\/\/www.bremax.de\/datenschutz\/#breadcrumb"},"inLanguage":"hu","potentialAction":[{"@type":"ReadAction","target":["https:\/\/www.bremax.de\/datenschutz\/"]}]},{"@type":"BreadcrumbList","@id":"https:\/\/www.bremax.de\/datenschutz\/#breadcrumb","itemListElement":[{"@type":"ListItem","position":1,"name":"Startseite","item":"https:\/\/www.bremax.de\/"},{"@type":"ListItem","position":2,"name":"Datenschutz"}]},{"@type":"WebSite","@id":"https:\/\/www.bremax.de\/#website","url":"https:\/\/www.bremax.de\/","name":"BREMAX","description":"","publisher":{"@id":"https:\/\/www.bremax.de\/#organization"},"potentialAction":[{"@type":"SearchAction","target":{"@type":"EntryPoint","urlTemplate":"https:\/\/www.bremax.de\/?s={search_term_string}"},"query-input":{"@type":"PropertyValueSpecification","valueRequired":true,"valueName":"search_term_string"}}],"inLanguage":"hu"},{"@type":"Organization","@id":"https:\/\/www.bremax.de\/#organization","name":"BREMAX","url":"https:\/\/www.bremax.de\/","logo":{"@type":"ImageObject","inLanguage":"hu","@id":"https:\/\/www.bremax.de\/#\/schema\/logo\/image\/","url":"https:\/\/www.bremax.de\/wp-content\/uploads\/2025\/09\/cropped-Logo_BREMAX_Gross_transp-3.png","contentUrl":"https:\/\/www.bremax.de\/wp-content\/uploads\/2025\/09\/cropped-Logo_BREMAX_Gross_transp-3.png","width":1000,"height":285,"caption":"BREMAX"},"image":{"@id":"https:\/\/www.bremax.de\/#\/schema\/logo\/image\/"},"sameAs":["https:\/\/www.facebook.com\/CemastirGermany\/"]}]}},"_links":{"self":[{"href":"https:\/\/www.bremax.de\/hu\/wp-json\/wp\/v2\/pages\/3095","targetHints":{"allow":["GET"]}}],"collection":[{"href":"https:\/\/www.bremax.de\/hu\/wp-json\/wp\/v2\/pages"}],"about":[{"href":"https:\/\/www.bremax.de\/hu\/wp-json\/wp\/v2\/types\/page"}],"author":[{"embeddable":true,"href":"https:\/\/www.bremax.de\/hu\/wp-json\/wp\/v2\/users\/3"}],"replies":[{"embeddable":true,"href":"https:\/\/www.bremax.de\/hu\/wp-json\/wp\/v2\/comments?post=3095"}],"version-history":[{"count":16,"href":"https:\/\/www.bremax.de\/hu\/wp-json\/wp\/v2\/pages\/3095\/revisions"}],"predecessor-version":[{"id":13691,"href":"https:\/\/www.bremax.de\/hu\/wp-json\/wp\/v2\/pages\/3095\/revisions\/13691"}],"wp:attachment":[{"href":"https:\/\/www.bremax.de\/hu\/wp-json\/wp\/v2\/media?parent=3095"}],"curies":[{"name":"wp","href":"https:\/\/api.w.org\/{rel}","templated":true}]}}