{"id":3095,"date":"2017-12-08T12:13:42","date_gmt":"2017-12-08T11:13:42","guid":{"rendered":"http:\/\/www.cemastir.de\/?page_id=3095"},"modified":"2025-11-27T08:13:22","modified_gmt":"2025-11-27T07:13:22","slug":"protection-des-donnees","status":"publish","type":"page","link":"https:\/\/www.bremax.de\/fr\/datenschutz\/","title":{"rendered":"Protection des donn\u00e9es"},"content":{"rendered":"<div data-elementor-type=\"wp-page\" data-elementor-id=\"3095\" class=\"elementor elementor-3095\" data-elementor-post-type=\"page\">\n\t\t\t\t<div class=\"elementor-element elementor-element-65bc90d e-flex e-con-boxed e-con e-parent\" data-id=\"65bc90d\" data-element_type=\"container\" data-e-type=\"container\" data-settings=\"{&quot;background_background&quot;:&quot;classic&quot;}\">\n\t\t\t\t\t<div class=\"e-con-inner\">\n\t\t<div class=\"elementor-element elementor-element-977f548 e-con-full e-flex e-con e-child\" data-id=\"977f548\" data-element_type=\"container\" data-e-type=\"container\">\n\t\t\t\t<div class=\"elementor-element elementor-element-bef9f69 elementor-widget-laptop__width-initial elementor-widget elementor-widget-heading\" data-id=\"bef9f69\" data-element_type=\"widget\" data-e-type=\"widget\" data-widget_type=\"heading.default\">\n\t\t\t\t\t<h1 class=\"elementor-heading-title elementor-size-default\">Protection des donn\u00e9es<\/h1>\t\t\t\t<\/div>\n\t\t\t\t<\/div>\n\t\t\t\t\t<\/div>\n\t\t\t\t<\/div>\n\t\t<div class=\"elementor-element elementor-element-5a42353 e-flex e-con-boxed e-con e-parent\" data-id=\"5a42353\" data-element_type=\"container\" data-e-type=\"container\">\n\t\t\t\t\t<div class=\"e-con-inner\">\n\t\t\t\t<div class=\"elementor-element elementor-element-0018977 elementor-widget elementor-widget-heading\" data-id=\"0018977\" data-element_type=\"widget\" data-e-type=\"widget\" data-widget_type=\"heading.default\">\n\t\t\t\t\t<span class=\"elementor-heading-title elementor-size-default\">Utilisation de Google Analytics\n\n\n<\/span>\t\t\t\t<\/div>\n\t\t\t\t<div class=\"elementor-element elementor-element-5792e38 elementor-widget elementor-widget-text-editor\" data-id=\"5792e38\" data-element_type=\"widget\" data-e-type=\"widget\" data-widget_type=\"text-editor.default\">\n\t\t\t\t\t\t\t\t\tCe site web utilise Google Analytics, un service d'analyse web de Google Inc (\u201eGoogle\u201c). Google Analytics utilise des \u201ecookies\u201c, des fichiers texte qui sont enregistr\u00e9s sur votre ordinateur et qui permettent d'analyser votre utilisation du site web. Les informations g\u00e9n\u00e9r\u00e9es par le cookie concernant votre utilisation de ce site web sont g\u00e9n\u00e9ralement transmises \u00e0 un serveur de Google aux \u00c9tats-Unis et y sont enregistr\u00e9es. Si l'anonymisation de l'adresse IP est activ\u00e9e (c'est fait ; remarque de l'exploitant) sur ce site web, votre adresse IP sera toutefois raccourcie au pr\u00e9alable par Google dans les \u00c9tats membres de l'Union europ\u00e9enne ou dans d'autres \u00c9tats signataires de l'accord sur l'Espace \u00e9conomique europ\u00e9en. Ce n'est que dans des cas exceptionnels que l'adresse IP compl\u00e8te est transmise \u00e0 un serveur de Google aux \u00c9tats-Unis et y est abr\u00e9g\u00e9e. Google utilisera ces informations pour le compte de l'exploitant de ce site web afin d'\u00e9valuer votre utilisation du site web, de compiler des rapports sur les activit\u00e9s du site web et de fournir \u00e0 l'exploitant du site web d'autres services li\u00e9s \u00e0 l'utilisation du site web et d'Internet. L'adresse IP transmise par votre navigateur dans le cadre de Google Analytics n'est pas recoup\u00e9e avec d'autres donn\u00e9es de Google. Vous pouvez emp\u00eacher l'enregistrement des cookies en param\u00e9trant votre logiciel de navigation en cons\u00e9quence ; nous attirons toutefois votre attention sur le fait que, dans ce cas, vous ne pourrez peut-\u00eatre pas utiliser toutes les fonctions de ce site web dans leur int\u00e9gralit\u00e9. Vous pouvez en outre emp\u00eacher la saisie par Google des donn\u00e9es g\u00e9n\u00e9r\u00e9es par le cookie et se rapportant \u00e0 votre utilisation du site web (y compris votre adresse IP) ainsi que le traitement de ces donn\u00e9es par Google en t\u00e9l\u00e9chargeant et en installant le plug-in de navigateur disponible sous le lien suivant.\n\n\t\t\t\t\t\t\t\t<\/div>\n\t\t\t\t<div class=\"elementor-element elementor-element-c5d0ab0 elementor-widget elementor-widget-heading\" data-id=\"c5d0ab0\" data-element_type=\"widget\" data-e-type=\"widget\" data-widget_type=\"heading.default\">\n\t\t\t\t\t<span class=\"elementor-heading-title elementor-size-default\">Formulaire de contact \/ demandes\n\n\n<\/span>\t\t\t\t<\/div>\n\t\t\t\t<div class=\"elementor-element elementor-element-735fabb elementor-widget elementor-widget-text-editor\" data-id=\"735fabb\" data-element_type=\"widget\" data-e-type=\"widget\" data-widget_type=\"text-editor.default\">\n\t\t\t\t\t\t\t\t\t<p>D\u00e9claration de protection des donn\u00e9es ( RGPD ) : Si vous nous envoyez des demandes via le formulaire de contact, les donn\u00e9es que vous avez fournies dans le formulaire de demande seront enregistr\u00e9es chez nous pour le traitement de la demande et en cas de questions de suivi. Nous ne transmettons pas ces donn\u00e9es sans votre consentement. Le traitement des donn\u00e9es saisies dans le formulaire de contact s'effectue donc exclusivement sur la base de votre consentement (article 6, paragraphe 1, point a du RGPD). Vous pouvez r\u00e9voquer ce consentement \u00e0 tout moment. Il suffit pour cela d'envoyer un message informel par e-mail \u00e0 info@bremax.de. La l\u00e9galit\u00e9 des op\u00e9rations de traitement des donn\u00e9es effectu\u00e9es jusqu'\u00e0 la r\u00e9vocation n'est pas affect\u00e9e par la r\u00e9vocation. Les donn\u00e9es que vous avez saisies dans le formulaire de contact restent chez nous jusqu'\u00e0 ce que vous nous demandiez de les supprimer, que vous r\u00e9voquiez votre consentement \u00e0 leur enregistrement ou que la finalit\u00e9 de l'enregistrement des donn\u00e9es devienne caduque (par ex. apr\u00e8s le traitement de votre demande). Les dispositions l\u00e9gales contraignantes - en particulier les d\u00e9lais de conservation - ne sont pas affect\u00e9es.<\/p>\t\t\t\t\t\t\t\t<\/div>\n\t\t\t\t<div class=\"elementor-element elementor-element-cfab3bf elementor-widget elementor-widget-heading\" data-id=\"cfab3bf\" data-element_type=\"widget\" data-e-type=\"widget\" data-widget_type=\"heading.default\">\n\t\t\t\t\t<span class=\"elementor-heading-title elementor-size-default\">Disclaimer \/ Remarque sur la probl\u00e9matique des liens externes\n\n\n\n<\/span>\t\t\t\t<\/div>\n\t\t\t\t<div class=\"elementor-element elementor-element-d3d5efd elementor-widget elementor-widget-text-editor\" data-id=\"d3d5efd\" data-element_type=\"widget\" data-e-type=\"widget\" data-widget_type=\"text-editor.default\">\n\t\t\t\t\t\t\t\t\t<p>En tant que fournisseur de contenus, la soci\u00e9t\u00e9 BREMAX GmbH est responsable, conform\u00e9ment au \u00a7 6 alin\u00e9a 1 du trait\u00e9 d'Etat sur les services de m\u00e9dias, des \u201epropres contenus\u201c qu'elle met \u00e0 disposition pour l'utilisation, selon la l\u00e9gislation g\u00e9n\u00e9rale. Il convient de distinguer ces contenus propres des renvois (\u201eliens\u201c) vers les contenus mis \u00e0 disposition par d'autres fournisseurs. Par le biais de ces renvois, BREMAX GmbH met \u00e0 disposition des \u201econtenus \u00e9trangers\u201c qui sont caract\u00e9ris\u00e9s de cette mani\u00e8re :<\/p><p>Les \u201eliens\u201c sont toujours des renvois \u201evivants\u201c (dynamiques). Lors de la premi\u00e8re connexion, BREMAX GmbH a certes v\u00e9rifi\u00e9 le contenu \u00e9tranger pour voir s'il pouvait entra\u00eener une responsabilit\u00e9 de droit civil ou p\u00e9nal. Elle ne v\u00e9rifie cependant pas en permanence les contenus auxquels elle renvoie dans son offre quant \u00e0 des modifications qui pourraient justifier une nouvelle responsabilit\u00e9. Si elle constate ou est inform\u00e9e par d'autres qu'une offre concr\u00e8te pour laquelle elle a mis un lien \u00e0 disposition d\u00e9clenche une responsabilit\u00e9 civile ou p\u00e9nale, elle supprimera le renvoi \u00e0 cette offre.<\/p>\t\t\t\t\t\t\t\t<\/div>\n\t\t\t\t\t<\/div>\n\t\t\t\t<\/div>\n\t\t\t\t<\/div>","protected":false},"excerpt":{"rendered":"<p>Datenschutz Verwendung von Google Analytics Diese Website benutzt Google Analytics, einen Webanalysedienst der Google Inc. (\u201eGoogle\u201c). Google Analytics verwendet sog. \u201eCookies\u201c, Textdateien, die auf Ihrem Computer gespeichert werden und die eine Analyse der Benutzung der Website durch Sie erm\u00f6glichen. Die durch den Cookie erzeugten Informationen \u00fcber Ihre Benutzung dieser Website werden in der Regel an [&hellip;]<\/p>\n","protected":false},"author":3,"featured_media":0,"parent":0,"menu_order":0,"comment_status":"closed","ping_status":"closed","template":"","meta":{"footnotes":""},"class_list":["post-3095","page","type-page","status-publish","hentry"],"yoast_head":"<!-- This site is optimized with the Yoast SEO plugin v27.4 - https:\/\/yoast.com\/product\/yoast-seo-wordpress\/ -->\n<title>Datenschutz - BREMAX<\/title>\n<meta name=\"robots\" content=\"index, follow, max-snippet:-1, max-image-preview:large, max-video-preview:-1\" \/>\n<link rel=\"canonical\" href=\"https:\/\/www.bremax.de\/fr\/protection-des-donnees\/\" \/>\n<meta property=\"og:locale\" content=\"fr_FR\" \/>\n<meta property=\"og:type\" content=\"article\" \/>\n<meta property=\"og:title\" content=\"Datenschutz - BREMAX\" \/>\n<meta property=\"og:description\" content=\"Datenschutz Verwendung von Google Analytics Diese Website benutzt Google Analytics, einen Webanalysedienst der Google Inc. (\u201eGoogle\u201c). Google Analytics verwendet sog. \u201eCookies\u201c, Textdateien, die auf Ihrem Computer gespeichert werden und die eine Analyse der Benutzung der Website durch Sie erm\u00f6glichen. Die durch den Cookie erzeugten Informationen \u00fcber Ihre Benutzung dieser Website werden in der Regel an [&hellip;]\" \/>\n<meta property=\"og:url\" content=\"https:\/\/www.bremax.de\/fr\/protection-des-donnees\/\" \/>\n<meta property=\"og:site_name\" content=\"BREMAX\" \/>\n<meta property=\"article:publisher\" content=\"https:\/\/www.facebook.com\/CemastirGermany\/\" \/>\n<meta property=\"article:modified_time\" content=\"2025-11-27T07:13:22+00:00\" \/>\n<meta name=\"twitter:card\" content=\"summary_large_image\" \/>\n<meta name=\"twitter:label1\" content=\"Dur\u00e9e de lecture estim\u00e9e\" \/>\n\t<meta name=\"twitter:data1\" content=\"4 minutes\" \/>\n<script type=\"application\/ld+json\" class=\"yoast-schema-graph\">{\"@context\":\"https:\\\/\\\/schema.org\",\"@graph\":[{\"@type\":\"WebPage\",\"@id\":\"https:\\\/\\\/www.bremax.de\\\/datenschutz\\\/\",\"url\":\"https:\\\/\\\/www.bremax.de\\\/datenschutz\\\/\",\"name\":\"Datenschutz - BREMAX\",\"isPartOf\":{\"@id\":\"https:\\\/\\\/www.bremax.de\\\/#website\"},\"datePublished\":\"2017-12-08T11:13:42+00:00\",\"dateModified\":\"2025-11-27T07:13:22+00:00\",\"breadcrumb\":{\"@id\":\"https:\\\/\\\/www.bremax.de\\\/datenschutz\\\/#breadcrumb\"},\"inLanguage\":\"fr-FR\",\"potentialAction\":[{\"@type\":\"ReadAction\",\"target\":[\"https:\\\/\\\/www.bremax.de\\\/datenschutz\\\/\"]}]},{\"@type\":\"BreadcrumbList\",\"@id\":\"https:\\\/\\\/www.bremax.de\\\/datenschutz\\\/#breadcrumb\",\"itemListElement\":[{\"@type\":\"ListItem\",\"position\":1,\"name\":\"Startseite\",\"item\":\"https:\\\/\\\/www.bremax.de\\\/\"},{\"@type\":\"ListItem\",\"position\":2,\"name\":\"Datenschutz\"}]},{\"@type\":\"WebSite\",\"@id\":\"https:\\\/\\\/www.bremax.de\\\/#website\",\"url\":\"https:\\\/\\\/www.bremax.de\\\/\",\"name\":\"BREMAX\",\"description\":\"\",\"publisher\":{\"@id\":\"https:\\\/\\\/www.bremax.de\\\/#organization\"},\"potentialAction\":[{\"@type\":\"SearchAction\",\"target\":{\"@type\":\"EntryPoint\",\"urlTemplate\":\"https:\\\/\\\/www.bremax.de\\\/?s={search_term_string}\"},\"query-input\":{\"@type\":\"PropertyValueSpecification\",\"valueRequired\":true,\"valueName\":\"search_term_string\"}}],\"inLanguage\":\"fr-FR\"},{\"@type\":\"Organization\",\"@id\":\"https:\\\/\\\/www.bremax.de\\\/#organization\",\"name\":\"BREMAX\",\"url\":\"https:\\\/\\\/www.bremax.de\\\/\",\"logo\":{\"@type\":\"ImageObject\",\"inLanguage\":\"fr-FR\",\"@id\":\"https:\\\/\\\/www.bremax.de\\\/#\\\/schema\\\/logo\\\/image\\\/\",\"url\":\"https:\\\/\\\/www.bremax.de\\\/wp-content\\\/uploads\\\/2025\\\/09\\\/cropped-Logo_BREMAX_Gross_transp-3.png\",\"contentUrl\":\"https:\\\/\\\/www.bremax.de\\\/wp-content\\\/uploads\\\/2025\\\/09\\\/cropped-Logo_BREMAX_Gross_transp-3.png\",\"width\":1000,\"height\":285,\"caption\":\"BREMAX\"},\"image\":{\"@id\":\"https:\\\/\\\/www.bremax.de\\\/#\\\/schema\\\/logo\\\/image\\\/\"},\"sameAs\":[\"https:\\\/\\\/www.facebook.com\\\/CemastirGermany\\\/\"]}]}<\/script>\n<!-- \/ Yoast SEO plugin. -->","yoast_head_json":{"title":"Protection des donn\u00e9es - BREMAX","robots":{"index":"index","follow":"follow","max-snippet":"max-snippet:-1","max-image-preview":"max-image-preview:large","max-video-preview":"max-video-preview:-1"},"canonical":"https:\/\/www.bremax.de\/fr\/protection-des-donnees\/","og_locale":"fr_FR","og_type":"article","og_title":"Datenschutz - BREMAX","og_description":"Datenschutz Verwendung von Google Analytics Diese Website benutzt Google Analytics, einen Webanalysedienst der Google Inc. (\u201eGoogle\u201c). Google Analytics verwendet sog. \u201eCookies\u201c, Textdateien, die auf Ihrem Computer gespeichert werden und die eine Analyse der Benutzung der Website durch Sie erm\u00f6glichen. Die durch den Cookie erzeugten Informationen \u00fcber Ihre Benutzung dieser Website werden in der Regel an [&hellip;]","og_url":"https:\/\/www.bremax.de\/fr\/protection-des-donnees\/","og_site_name":"BREMAX","article_publisher":"https:\/\/www.facebook.com\/CemastirGermany\/","article_modified_time":"2025-11-27T07:13:22+00:00","twitter_card":"summary_large_image","twitter_misc":{"Dur\u00e9e de lecture estim\u00e9e":"4 minutes"},"schema":{"@context":"https:\/\/schema.org","@graph":[{"@type":"WebPage","@id":"https:\/\/www.bremax.de\/datenschutz\/","url":"https:\/\/www.bremax.de\/datenschutz\/","name":"Protection des donn\u00e9es - BREMAX","isPartOf":{"@id":"https:\/\/www.bremax.de\/#website"},"datePublished":"2017-12-08T11:13:42+00:00","dateModified":"2025-11-27T07:13:22+00:00","breadcrumb":{"@id":"https:\/\/www.bremax.de\/datenschutz\/#breadcrumb"},"inLanguage":"fr-FR","potentialAction":[{"@type":"ReadAction","target":["https:\/\/www.bremax.de\/datenschutz\/"]}]},{"@type":"BreadcrumbList","@id":"https:\/\/www.bremax.de\/datenschutz\/#breadcrumb","itemListElement":[{"@type":"ListItem","position":1,"name":"Startseite","item":"https:\/\/www.bremax.de\/"},{"@type":"ListItem","position":2,"name":"Datenschutz"}]},{"@type":"WebSite","@id":"https:\/\/www.bremax.de\/#website","url":"https:\/\/www.bremax.de\/","name":"BREMAX","description":"","publisher":{"@id":"https:\/\/www.bremax.de\/#organization"},"potentialAction":[{"@type":"SearchAction","target":{"@type":"EntryPoint","urlTemplate":"https:\/\/www.bremax.de\/?s={search_term_string}"},"query-input":{"@type":"PropertyValueSpecification","valueRequired":true,"valueName":"search_term_string"}}],"inLanguage":"fr-FR"},{"@type":"Organization","@id":"https:\/\/www.bremax.de\/#organization","name":"BREMAX","url":"https:\/\/www.bremax.de\/","logo":{"@type":"ImageObject","inLanguage":"fr-FR","@id":"https:\/\/www.bremax.de\/#\/schema\/logo\/image\/","url":"https:\/\/www.bremax.de\/wp-content\/uploads\/2025\/09\/cropped-Logo_BREMAX_Gross_transp-3.png","contentUrl":"https:\/\/www.bremax.de\/wp-content\/uploads\/2025\/09\/cropped-Logo_BREMAX_Gross_transp-3.png","width":1000,"height":285,"caption":"BREMAX"},"image":{"@id":"https:\/\/www.bremax.de\/#\/schema\/logo\/image\/"},"sameAs":["https:\/\/www.facebook.com\/CemastirGermany\/"]}]}},"_links":{"self":[{"href":"https:\/\/www.bremax.de\/fr\/wp-json\/wp\/v2\/pages\/3095","targetHints":{"allow":["GET"]}}],"collection":[{"href":"https:\/\/www.bremax.de\/fr\/wp-json\/wp\/v2\/pages"}],"about":[{"href":"https:\/\/www.bremax.de\/fr\/wp-json\/wp\/v2\/types\/page"}],"author":[{"embeddable":true,"href":"https:\/\/www.bremax.de\/fr\/wp-json\/wp\/v2\/users\/3"}],"replies":[{"embeddable":true,"href":"https:\/\/www.bremax.de\/fr\/wp-json\/wp\/v2\/comments?post=3095"}],"version-history":[{"count":16,"href":"https:\/\/www.bremax.de\/fr\/wp-json\/wp\/v2\/pages\/3095\/revisions"}],"predecessor-version":[{"id":13691,"href":"https:\/\/www.bremax.de\/fr\/wp-json\/wp\/v2\/pages\/3095\/revisions\/13691"}],"wp:attachment":[{"href":"https:\/\/www.bremax.de\/fr\/wp-json\/wp\/v2\/media?parent=3095"}],"curies":[{"name":"wp","href":"https:\/\/api.w.org\/{rel}","templated":true}]}}