{"id":3086,"date":"2017-12-08T12:12:02","date_gmt":"2017-12-08T11:12:02","guid":{"rendered":"http:\/\/www.cemastir.de\/?page_id=3086"},"modified":"2026-04-15T18:46:38","modified_gmt":"2026-04-15T16:46:38","slug":"mentions-legales","status":"publish","type":"page","link":"https:\/\/www.bremax.de\/fr\/impressum\/","title":{"rendered":"Mentions l\u00e9gales"},"content":{"rendered":"<div data-elementor-type=\"wp-page\" data-elementor-id=\"3086\" class=\"elementor elementor-3086\" data-elementor-post-type=\"page\">\n\t\t\t\t<div class=\"elementor-element elementor-element-878e5e7 e-flex e-con-boxed e-con e-parent\" data-id=\"878e5e7\" data-element_type=\"container\" data-e-type=\"container\" data-settings=\"{&quot;background_background&quot;:&quot;classic&quot;}\">\n\t\t\t\t\t<div class=\"e-con-inner\">\n\t\t<div class=\"elementor-element elementor-element-f9fd590 e-con-full e-flex e-con e-child\" data-id=\"f9fd590\" data-element_type=\"container\" data-e-type=\"container\">\n\t\t\t\t<div class=\"elementor-element elementor-element-9818d9c elementor-widget-laptop__width-initial elementor-widget elementor-widget-heading\" data-id=\"9818d9c\" data-element_type=\"widget\" data-e-type=\"widget\" data-widget_type=\"heading.default\">\n\t\t\t\t\t<h1 class=\"elementor-heading-title elementor-size-default\">Mentions l\u00e9gales<\/h1>\t\t\t\t<\/div>\n\t\t\t\t<\/div>\n\t\t\t\t\t<\/div>\n\t\t\t\t<\/div>\n\t\t<div class=\"elementor-element elementor-element-951a2ff e-flex e-con-boxed e-con e-parent\" data-id=\"951a2ff\" data-element_type=\"container\" data-e-type=\"container\">\n\t\t\t\t\t<div class=\"e-con-inner\">\n\t\t\t\t<div class=\"elementor-element elementor-element-994884c elementor-widget elementor-widget-text-editor\" data-id=\"994884c\" data-element_type=\"widget\" data-e-type=\"widget\" data-widget_type=\"text-editor.default\">\n\t\t\t\t\t\t\t\t\t<p><span class=\"s1\"><b>BREMAX GmbH<\/b><\/span><br \/><b>3, rue Robert Bosch<\/b><br \/><span class=\"s1\"><b>49393 Lohne<\/b><\/span><\/p><p class=\"p2\"><span class=\"s1\">Directeur g\u00e9n\u00e9ral | PDG | Propri\u00e9taire<br \/>Christian Mahnken<i><br \/><\/i><\/span><\/p><p class=\"p4\"><span class=\"s2\"><span class=\"s3\"><a href=\"mailto:info@bremax.de\">info@bremax.de<br \/><\/a><\/span><\/span>T\u00e9l. +49 (0) 4442 - 955 99 80<br \/>T\u00e9l\u00e9copieur +49 (0) 4442 - 955 99 89<\/p><p class=\"p4\"><a href=\"https:\/\/www.bremax.de\/fr\/\">www.bremax.de<\/a><\/p><p class=\"p5\">Tribunal d'Oldenburg - HRB 217305<\/p><p>Num\u00e9ro de TVA. Num\u00e9ro d'identification : DE314909831<\/p><p>Photographie : BREMAX GmbH<\/p>\t\t\t\t\t\t\t\t<\/div>\n\t\t\t\t<div class=\"elementor-element elementor-element-54c6b08 elementor-widget elementor-widget-heading\" data-id=\"54c6b08\" data-element_type=\"widget\" data-e-type=\"widget\" data-widget_type=\"heading.default\">\n\t\t\t\t\t<span class=\"elementor-heading-title elementor-size-default\">Clause de non-responsabilit\u00e9, droit d'auteur\n\n\n<\/span>\t\t\t\t<\/div>\n\t\t\t\t<div class=\"elementor-element elementor-element-8bc3b89 elementor-widget elementor-widget-text-editor\" data-id=\"8bc3b89\" data-element_type=\"widget\" data-e-type=\"widget\" data-widget_type=\"text-editor.default\">\n\t\t\t\t\t\t\t\t\t<p><span class=\"\">Les contenus propos\u00e9s et pr\u00e9sent\u00e9s sur ces pages Internet ne doivent pas \u00eatre enregistr\u00e9s, copi\u00e9s ou transmis, en tout ou partie, sans l'autorisation \u00e9crite pr\u00e9alable de BREMAX GmbH. Les graphiques, dessins et photos utilis\u00e9s sur les pages Internet sont soumis au copyright de BREMAX GmbH, de l'auteur ou de l'agence de photos concern\u00e9e. Malgr\u00e9 tous les efforts de coh\u00e9rence, <\/span><span class=\"\">Exactitude<\/span>\u00a0et<span class=\"\"> l'exhaustivit\u00e9 des informations pr\u00e9sent\u00e9es, BREMAX GmbH n'assume aucune garantie quant au contenu de ces pages Internet.<\/span><br class=\"\" \/><br class=\"\" \/><span class=\"\">Ces pages Internet contiennent un grand nombre de liens hypertextes (renvois) vers d'autres pages et services Internet qui ne sont pas exploit\u00e9s par BREMAX GmbH. BREMAX GmbH n'est en aucun cas responsable du contenu de ces pages li\u00e9es et ne peut \u00eatre tenue pour responsable.<\/span><\/p>\t\t\t\t\t\t\t\t<\/div>\n\t\t\t\t<div class=\"elementor-element elementor-element-5e47a50 elementor-widget elementor-widget-heading\" data-id=\"5e47a50\" data-element_type=\"widget\" data-e-type=\"widget\" data-widget_type=\"heading.default\">\n\t\t\t\t\t<span class=\"elementor-heading-title elementor-size-default\">Google Analytics :<\/span>\t\t\t\t<\/div>\n\t\t\t\t<div class=\"elementor-element elementor-element-9751968 elementor-widget elementor-widget-text-editor\" data-id=\"9751968\" data-element_type=\"widget\" data-e-type=\"widget\" data-widget_type=\"text-editor.default\">\n\t\t\t\t\t\t\t\t\t<p>Ce site utilise des cookies pour vous garantir le meilleur service possible. En utilisant ce site, vous acceptez l'utilisation de cookies.<\/p><p>\u201eCe site web utilise Google Analytics, un service d'analyse web fourni par Google, Inc (\u201cGoogle\u201d). Google Analytics utilise des \u201ccookies\u201d, qui sont des fichiers texte plac\u00e9s sur votre ordinateur, pour aider le site web \u00e0 analyser la fa\u00e7on dont les utilisateurs utilisent le site. Les informations g\u00e9n\u00e9r\u00e9es par le cookie concernant votre utilisation du site web (y compris votre adresse IP) sont transmises \u00e0 Google et stock\u00e9es par Google sur des serveurs situ\u00e9s aux \u00c9tats-Unis. En cas d'activation de l'anonymisation IP, Google tronquera\/anonymisera le dernier octet de l'adresse IP pour les \u00c9tats membres de l'Union europ\u00e9enne ainsi que pour les autres parties \u00e0 l'accord sur l'Espace \u00e9conomique europ\u00e9en. Ce n'est que dans des cas exceptionnels que l'adresse IP compl\u00e8te est envoy\u00e9e et raccourcie par les serveurs de Google aux \u00c9tats-Unis. Au nom du fournisseur du site web, Google utilisera cette information dans le but d'\u00e9valuer votre utilisation du site web, de compiler des rapports sur l'activit\u00e9 du site web pour les op\u00e9rateurs de sites web et de fournir d'autres services relatifs \u00e0 l'activit\u00e9 du site web et \u00e0 l'utilisation d'Internet au fournisseur du site web. Google n'associera pas votre adresse IP \u00e0 d'autres donn\u00e9es d\u00e9tenues par Google. Vous pouvez refuser l'utilisation de cookies en s\u00e9lectionnant les param\u00e8tres appropri\u00e9s sur votre navigateur. Toutefois, veuillez noter que si vous faites cela, vous ne pourrez peut-\u00eatre pas utiliser toutes les fonctionnalit\u00e9s de ce site web. En outre, vous pouvez emp\u00eacher Google de collecter et d'utiliser les donn\u00e9es (cookies et adresse IP) en t\u00e9l\u00e9chargeant et en installant le plug-in de navigateur disponible sous tools.google.com\/dlpage\/gaoptout?hl=en-GB<\/p>\t\t\t\t\t\t\t\t<\/div>\n\t\t\t\t\t<\/div>\n\t\t\t\t<\/div>\n\t\t\t\t<\/div>","protected":false},"excerpt":{"rendered":"<p>Impressum BREMAX GmbHRobert-Bosch-Str. 349393 Lohne Gesch\u00e4ftsf\u00fchrer\u00a0|\u00a0CEO | InhaberChristian Mahnken info@bremax.deTel +49 (0) 4442 \u2013 955 99 80Fax +49 (0) 4442 \u2013 955 99 89 www.bremax.de Registergericht Oldenburg \u2013 HRB 217305 Ust. IdNr.: DE314909831 Fotografie: BREMAX GmbH Haftungsausschluss, Urheberrecht Die auf diesen Internetseiten angebotenen und dargestellten Inhalte d\u00fcrfen ohne vorherige schriftliche Genehmigung durch die BREMAX GmbH [&hellip;]<\/p>\n","protected":false},"author":3,"featured_media":0,"parent":0,"menu_order":0,"comment_status":"closed","ping_status":"closed","template":"","meta":{"footnotes":""},"class_list":["post-3086","page","type-page","status-publish","hentry"],"yoast_head":"<!-- This site is optimized with the Yoast SEO plugin v27.4 - https:\/\/yoast.com\/product\/yoast-seo-wordpress\/ -->\n<title>Impressum - BREMAX<\/title>\n<meta name=\"robots\" content=\"index, follow, max-snippet:-1, max-image-preview:large, max-video-preview:-1\" \/>\n<link rel=\"canonical\" href=\"https:\/\/www.bremax.de\/fr\/mentions-legales\/\" \/>\n<meta property=\"og:locale\" content=\"fr_FR\" \/>\n<meta property=\"og:type\" content=\"article\" \/>\n<meta property=\"og:title\" content=\"Impressum - BREMAX\" \/>\n<meta property=\"og:description\" content=\"Impressum BREMAX GmbHRobert-Bosch-Str. 349393 Lohne Gesch\u00e4ftsf\u00fchrer\u00a0|\u00a0CEO | InhaberChristian Mahnken info@bremax.deTel +49 (0) 4442 \u2013 955 99 80Fax +49 (0) 4442 \u2013 955 99 89 www.bremax.de Registergericht Oldenburg \u2013 HRB 217305 Ust. IdNr.: DE314909831 Fotografie: BREMAX GmbH Haftungsausschluss, Urheberrecht Die auf diesen Internetseiten angebotenen und dargestellten Inhalte d\u00fcrfen ohne vorherige schriftliche Genehmigung durch die BREMAX GmbH [&hellip;]\" \/>\n<meta property=\"og:url\" content=\"https:\/\/www.bremax.de\/fr\/mentions-legales\/\" \/>\n<meta property=\"og:site_name\" content=\"BREMAX\" \/>\n<meta property=\"article:publisher\" content=\"https:\/\/www.facebook.com\/CemastirGermany\/\" \/>\n<meta property=\"article:modified_time\" content=\"2026-04-15T16:46:38+00:00\" \/>\n<meta name=\"twitter:card\" content=\"summary_large_image\" \/>\n<meta name=\"twitter:label1\" content=\"Dur\u00e9e de lecture estim\u00e9e\" \/>\n\t<meta name=\"twitter:data1\" content=\"3 minutes\" \/>\n<script type=\"application\/ld+json\" class=\"yoast-schema-graph\">{\"@context\":\"https:\\\/\\\/schema.org\",\"@graph\":[{\"@type\":\"WebPage\",\"@id\":\"https:\\\/\\\/www.bremax.de\\\/impressum\\\/\",\"url\":\"https:\\\/\\\/www.bremax.de\\\/impressum\\\/\",\"name\":\"Impressum - BREMAX\",\"isPartOf\":{\"@id\":\"https:\\\/\\\/www.bremax.de\\\/#website\"},\"datePublished\":\"2017-12-08T11:12:02+00:00\",\"dateModified\":\"2026-04-15T16:46:38+00:00\",\"breadcrumb\":{\"@id\":\"https:\\\/\\\/www.bremax.de\\\/impressum\\\/#breadcrumb\"},\"inLanguage\":\"fr-FR\",\"potentialAction\":[{\"@type\":\"ReadAction\",\"target\":[\"https:\\\/\\\/www.bremax.de\\\/impressum\\\/\"]}]},{\"@type\":\"BreadcrumbList\",\"@id\":\"https:\\\/\\\/www.bremax.de\\\/impressum\\\/#breadcrumb\",\"itemListElement\":[{\"@type\":\"ListItem\",\"position\":1,\"name\":\"Startseite\",\"item\":\"https:\\\/\\\/www.bremax.de\\\/\"},{\"@type\":\"ListItem\",\"position\":2,\"name\":\"Impressum\"}]},{\"@type\":\"WebSite\",\"@id\":\"https:\\\/\\\/www.bremax.de\\\/#website\",\"url\":\"https:\\\/\\\/www.bremax.de\\\/\",\"name\":\"BREMAX\",\"description\":\"\",\"publisher\":{\"@id\":\"https:\\\/\\\/www.bremax.de\\\/#organization\"},\"potentialAction\":[{\"@type\":\"SearchAction\",\"target\":{\"@type\":\"EntryPoint\",\"urlTemplate\":\"https:\\\/\\\/www.bremax.de\\\/?s={search_term_string}\"},\"query-input\":{\"@type\":\"PropertyValueSpecification\",\"valueRequired\":true,\"valueName\":\"search_term_string\"}}],\"inLanguage\":\"fr-FR\"},{\"@type\":\"Organization\",\"@id\":\"https:\\\/\\\/www.bremax.de\\\/#organization\",\"name\":\"BREMAX\",\"url\":\"https:\\\/\\\/www.bremax.de\\\/\",\"logo\":{\"@type\":\"ImageObject\",\"inLanguage\":\"fr-FR\",\"@id\":\"https:\\\/\\\/www.bremax.de\\\/#\\\/schema\\\/logo\\\/image\\\/\",\"url\":\"https:\\\/\\\/www.bremax.de\\\/wp-content\\\/uploads\\\/2025\\\/09\\\/cropped-Logo_BREMAX_Gross_transp-3.png\",\"contentUrl\":\"https:\\\/\\\/www.bremax.de\\\/wp-content\\\/uploads\\\/2025\\\/09\\\/cropped-Logo_BREMAX_Gross_transp-3.png\",\"width\":1000,\"height\":285,\"caption\":\"BREMAX\"},\"image\":{\"@id\":\"https:\\\/\\\/www.bremax.de\\\/#\\\/schema\\\/logo\\\/image\\\/\"},\"sameAs\":[\"https:\\\/\\\/www.facebook.com\\\/CemastirGermany\\\/\"]}]}<\/script>\n<!-- \/ Yoast SEO plugin. -->","yoast_head_json":{"title":"Mentions l\u00e9gales - BREMAX","robots":{"index":"index","follow":"follow","max-snippet":"max-snippet:-1","max-image-preview":"max-image-preview:large","max-video-preview":"max-video-preview:-1"},"canonical":"https:\/\/www.bremax.de\/fr\/mentions-legales\/","og_locale":"fr_FR","og_type":"article","og_title":"Impressum - BREMAX","og_description":"Impressum BREMAX GmbHRobert-Bosch-Str. 349393 Lohne Gesch\u00e4ftsf\u00fchrer\u00a0|\u00a0CEO | InhaberChristian Mahnken info@bremax.deTel +49 (0) 4442 \u2013 955 99 80Fax +49 (0) 4442 \u2013 955 99 89 www.bremax.de Registergericht Oldenburg \u2013 HRB 217305 Ust. IdNr.: DE314909831 Fotografie: BREMAX GmbH Haftungsausschluss, Urheberrecht Die auf diesen Internetseiten angebotenen und dargestellten Inhalte d\u00fcrfen ohne vorherige schriftliche Genehmigung durch die BREMAX GmbH [&hellip;]","og_url":"https:\/\/www.bremax.de\/fr\/mentions-legales\/","og_site_name":"BREMAX","article_publisher":"https:\/\/www.facebook.com\/CemastirGermany\/","article_modified_time":"2026-04-15T16:46:38+00:00","twitter_card":"summary_large_image","twitter_misc":{"Dur\u00e9e de lecture estim\u00e9e":"3 minutes"},"schema":{"@context":"https:\/\/schema.org","@graph":[{"@type":"WebPage","@id":"https:\/\/www.bremax.de\/impressum\/","url":"https:\/\/www.bremax.de\/impressum\/","name":"Mentions l\u00e9gales - BREMAX","isPartOf":{"@id":"https:\/\/www.bremax.de\/#website"},"datePublished":"2017-12-08T11:12:02+00:00","dateModified":"2026-04-15T16:46:38+00:00","breadcrumb":{"@id":"https:\/\/www.bremax.de\/impressum\/#breadcrumb"},"inLanguage":"fr-FR","potentialAction":[{"@type":"ReadAction","target":["https:\/\/www.bremax.de\/impressum\/"]}]},{"@type":"BreadcrumbList","@id":"https:\/\/www.bremax.de\/impressum\/#breadcrumb","itemListElement":[{"@type":"ListItem","position":1,"name":"Startseite","item":"https:\/\/www.bremax.de\/"},{"@type":"ListItem","position":2,"name":"Impressum"}]},{"@type":"WebSite","@id":"https:\/\/www.bremax.de\/#website","url":"https:\/\/www.bremax.de\/","name":"BREMAX","description":"","publisher":{"@id":"https:\/\/www.bremax.de\/#organization"},"potentialAction":[{"@type":"SearchAction","target":{"@type":"EntryPoint","urlTemplate":"https:\/\/www.bremax.de\/?s={search_term_string}"},"query-input":{"@type":"PropertyValueSpecification","valueRequired":true,"valueName":"search_term_string"}}],"inLanguage":"fr-FR"},{"@type":"Organization","@id":"https:\/\/www.bremax.de\/#organization","name":"BREMAX","url":"https:\/\/www.bremax.de\/","logo":{"@type":"ImageObject","inLanguage":"fr-FR","@id":"https:\/\/www.bremax.de\/#\/schema\/logo\/image\/","url":"https:\/\/www.bremax.de\/wp-content\/uploads\/2025\/09\/cropped-Logo_BREMAX_Gross_transp-3.png","contentUrl":"https:\/\/www.bremax.de\/wp-content\/uploads\/2025\/09\/cropped-Logo_BREMAX_Gross_transp-3.png","width":1000,"height":285,"caption":"BREMAX"},"image":{"@id":"https:\/\/www.bremax.de\/#\/schema\/logo\/image\/"},"sameAs":["https:\/\/www.facebook.com\/CemastirGermany\/"]}]}},"_links":{"self":[{"href":"https:\/\/www.bremax.de\/fr\/wp-json\/wp\/v2\/pages\/3086","targetHints":{"allow":["GET"]}}],"collection":[{"href":"https:\/\/www.bremax.de\/fr\/wp-json\/wp\/v2\/pages"}],"about":[{"href":"https:\/\/www.bremax.de\/fr\/wp-json\/wp\/v2\/types\/page"}],"author":[{"embeddable":true,"href":"https:\/\/www.bremax.de\/fr\/wp-json\/wp\/v2\/users\/3"}],"replies":[{"embeddable":true,"href":"https:\/\/www.bremax.de\/fr\/wp-json\/wp\/v2\/comments?post=3086"}],"version-history":[{"count":19,"href":"https:\/\/www.bremax.de\/fr\/wp-json\/wp\/v2\/pages\/3086\/revisions"}],"predecessor-version":[{"id":13969,"href":"https:\/\/www.bremax.de\/fr\/wp-json\/wp\/v2\/pages\/3086\/revisions\/13969"}],"wp:attachment":[{"href":"https:\/\/www.bremax.de\/fr\/wp-json\/wp\/v2\/media?parent=3086"}],"curies":[{"name":"wp","href":"https:\/\/api.w.org\/{rel}","templated":true}]}}