{"id":2098,"date":"2016-10-21T12:58:37","date_gmt":"2016-10-21T12:58:37","guid":{"rendered":"http:\/\/industrial.omnicom-dev.com\/main-demo\/?page_id=2098"},"modified":"2016-10-21T12:58:37","modified_gmt":"2016-10-21T12:58:37","slug":"custom-footer","status":"publish","type":"page","link":"https:\/\/www.bremax.de\/en\/custom-footer\/","title":{"rendered":"Custom footer"},"content":{"rendered":"<p>[bt_section layout=&#8220;boxed&#8220; top_spaced=&#8220;topSpaced&#8220; bottom_spaced=&#8220;bottomSemiSpaced&#8220; skin=&#8220;dark&#8220; full_screen=&#8220;no&#8220; vertical_align=&#8220;inherit&#8220; divider=&#8220;no&#8220; back_image=&#8220;12972&#8243; back_color=&#8220;#111111&#8243; back_overlay=&#8220;&#8220; back_video=&#8220;&#8220; video_settings=&#8220;&#8220; back_video_mp4=&#8220;&#8220; back_video_ogg=&#8220;&#8220; back_video_webm=&#8220;&#8220; parallax=&#8220;0.7&#8243; parallax_offset=&#8220;&#8220; animation=&#8220;&#8220; animation_back=&#8220;&#8220; animation_impress=&#8220;&#8220; el_id=&#8220;&#8220; el_class=&#8220;&#8220; el_style=&#8220;&#8220; lazy_load=&#8220;no&#8220; show_video_on_mobile=&#8220;&#8220;][bt_row el_class=&#8220;&#8220; el_style=&#8220;&#8220;][bt_column width=&#8220;1\/4&#8243;][bt_header superheadline=&#8220;Teilereinigung in Perfektion&#8220; headline=&#8220;Cemastir &#8220; headline_size=&#8220;small&#8220; dash=&#8220;bottom&#8220; subheadline=&#8220;Your wish is our command&#8220; el_class=&#8220;&#8220; el_style=&#8220;&#8220; headline_style=&#8220;regular&#8220;][\/bt_header][bt_icon icon=&#8220;fa_f095&#8243; icon_title=&#8220;+49 (0) 4442 &#8211; 955 99 80&#8243; icon_type=&#8220;btIcoDefaultType&#8220; icon_color=&#8220;btIcoDefaultColor&#8220; icon_size=&#8220;btIcoSmallSize&#8220; url=&#8220;tel:004944429559980&#8243; target=&#8220;no_target&#8220; el_class=&#8220;&#8220; el_style=&#8220;display:block&#8220; icon_shape=&#8220;btIconCircleShape&#8220;][\/bt_icon][bt_hr top_spaced=&#8220;not-spaced&#8220; bottom_spaced=&#8220;not-spaced&#8220; transparent_border=&#8220;noBorder&#8220; el_class=&#8220;&#8220; el_style=&#8220;&#8220;][\/bt_hr][bt_icon icon=&#8220;es_e964&#8243; icon_title=&#8220;+49 (0) 4442 &#8211; 955 99 89&#8243; icon_type=&#8220;btIcoDefaultType&#8220; icon_color=&#8220;btIcoDefaultColor&#8220; icon_size=&#8220;btIcoSmallSize&#8220; url=&#8220;#&#8220; target=&#8220;no_target&#8220; el_class=&#8220;&#8220; el_style=&#8220;&#8220; icon_shape=&#8220;btIconCircleShape&#8220;][\/bt_icon][bt_hr top_spaced=&#8220;not-spaced&#8220; bottom_spaced=&#8220;not-spaced&#8220; transparent_border=&#8220;noBorder&#8220; el_class=&#8220;&#8220; el_style=&#8220;&#8220;][\/bt_hr][bt_icon icon=&#8220;fa_f0c1&#8243; icon_title=&#8220;www.cemastir.de&#8220; icon_type=&#8220;btIcoDefaultType&#8220; icon_color=&#8220;btIcoDefaultColor&#8220; icon_size=&#8220;btIcoSmallSize&#8220; url=&#8220;http:\/\/www.cemastir.de&#8220; target=&#8220;_self&#8220; el_class=&#8220;&#8220; el_style=&#8220;&#8220; icon_shape=&#8220;btIconCircleShape&#8220;][\/bt_icon][bt_hr top_spaced=&#8220;not-spaced&#8220; bottom_spaced=&#8220;not-spaced&#8220; transparent_border=&#8220;noBorder&#8220; el_class=&#8220;&#8220; el_style=&#8220;&#8220;][\/bt_hr][bt_icon icon=&#8220;fa_f0e0&#8243; icon_title=&#8220;info@cemastir.de&#8220; icon_type=&#8220;btIcoDefaultType&#8220; icon_color=&#8220;btIcoDefaultColor&#8220; icon_size=&#8220;btIcoSmallSize&#8220; url=&#8220;mailto:info@cemastir.de&#8220; target=&#8220;_self&#8220; el_class=&#8220;&#8220; el_style=&#8220;&#8220; icon_shape=&#8220;btIconCircleShape&#8220;][\/bt_icon][bt_hr top_spaced=&#8220;not-spaced&#8220; bottom_spaced=&#8220;bottomSemiSpaced&#8220; transparent_border=&#8220;noBorder&#8220; el_class=&#8220;&#8220; el_style=&#8220;&#8220;][\/bt_hr][\/bt_column][bt_column width=&#8220;1\/2&#8243;][bt_header superheadline=&#8220;Standorte&#8220; headline=&#8220;Wir sind weltweit t\u00e4tig&#8220; headline_size=&#8220;small&#8220; dash=&#8220;bottom&#8220; subheadline=&#8220;&#8220; el_class=&#8220;&#8220; el_style=&#8220;&#8220; headline_style=&#8220;regular&#8220;][\/bt_header][bt_hr top_spaced=&#8220;not-spaced&#8220; bottom_spaced=&#8220;bottomSmallSpaced&#8220; transparent_border=&#8220;noBorder&#8220; el_class=&#8220;&#8220; el_style=&#8220;&#8220;][\/bt_hr][bt_row_inner][bt_column_inner width=&#8220;1\/1&#8243;][bt_image image=&#8220;3182&#8243; caption_text=&#8220;&#8220; caption_title=&#8220;&#8220; show_titles=&#8220;no&#8220; size=&#8220;boldthemes_small&#8220; shape=&#8220;square&#8220; url=&#8220;&#8220; target=&#8220;_self&#8220; el_class=&#8220;&#8220; el_style=&#8220;&#8220; hover_type=&#8220;btDefaultHoverType&#8220;][\/bt_image][bt_hr top_spaced=&#8220;topSmallSpaced&#8220; bottom_spaced=&#8220;not-spaced&#8220; transparent_border=&#8220;noBorder&#8220; el_class=&#8220;&#8220; el_style=&#8220;&#8220;][\/bt_hr][\/bt_column_inner][\/bt_row_inner][bt_hr top_spaced=&#8220;not-spaced&#8220; bottom_spaced=&#8220;bottomExtraSmallSpaced&#8220; transparent_border=&#8220;noBorder&#8220; el_class=&#8220;&#8220; el_style=&#8220;&#8220;][\/bt_hr][bt_hr top_spaced=&#8220;not-spaced&#8220; bottom_spaced=&#8220;bottomSemiSpaced&#8220; transparent_border=&#8220;noBorder&#8220; el_class=&#8220;&#8220; el_style=&#8220;&#8220;][\/bt_hr][\/bt_column][bt_column width=&#8220;1\/4&#8243;][bt_header superheadline=&#8220;Bleiben Sie in Kontakt&#8220; headline=&#8220;Folgen Sie uns&#8220; headline_size=&#8220;small&#8220; dash=&#8220;bottom&#8220; subheadline=&#8220;Ma\u00dfgeschneiderte Teilereinigungsanlagen im w\u00e4ssrigen sowie im L\u00f6semittelbereich speziell auf Ihre Anforderungen &amp; W\u00fcnsche zugeschnitten.&#8220; el_class=&#8220;&#8220; el_style=&#8220;&#8220; headline_style=&#8220;regular&#8220;][\/bt_header][bt_hr top_spaced=&#8220;not-spaced&#8220; bottom_spaced=&#8220;bottomSmallSpaced&#8220; transparent_border=&#8220;noBorder&#8220; el_class=&#8220;&#8220; el_style=&#8220;&#8220;][\/bt_hr][bt_icon icon=&#8220;fa_f167&#8243; icon_title=&#8220;&#8220; icon_type=&#8220;btIcoFilledType&#8220; icon_color=&#8220;btIcoAccentColor&#8220; icon_size=&#8220;btIcoMediumSize&#8220; url=&#8220;https:\/\/www.youtube.com\/channel\/UCRyx3JlfKOXOBGILzdIpWlg&#8220; target=&#8220;no_target&#8220; el_class=&#8220;&#8220; el_style=&#8220;&#8220; icon_shape=&#8220;btIconCircleShape&#8220;][\/bt_icon][bt_icon icon=&#8220;fa_f168&#8243; icon_title=&#8220;&#8220; icon_type=&#8220;btIcoFilledType&#8220; icon_color=&#8220;btIcoAccentColor&#8220; icon_size=&#8220;btIcoMediumSize&#8220; url=&#8220;https:\/\/www.xing.com\/companies\/cemastirgmbh?sc_o=da980_e&#8220; target=&#8220;no_target&#8220; el_class=&#8220;&#8220; el_style=&#8220;&#8220; icon_shape=&#8220;btIconCircleShape&#8220;][\/bt_icon][bt_icon icon=&#8220;fa_f082&#8243; icon_title=&#8220;&#8220; icon_type=&#8220;btIcoFilledType&#8220; icon_color=&#8220;btIcoAccentColor&#8220; icon_size=&#8220;btIcoMediumSize&#8220; url=&#8220;https:\/\/www.facebook.com\/CemastirGermany\/&#8220; target=&#8220;no_target&#8220; el_class=&#8220;&#8220; el_style=&#8220;&#8220; icon_shape=&#8220;btIconCircleShape&#8220;][\/bt_icon][bt_icon icon=&#8220;fa_f0e1&#8243; icon_title=&#8220;&#8220; icon_type=&#8220;btIcoFilledType&#8220; icon_color=&#8220;btIcoAccentColor&#8220; icon_size=&#8220;btIcoMediumSize&#8220; url=&#8220;https:\/\/www.linkedin.com\/company\/cemastir&#8220; target=&#8220;no_target&#8220; el_class=&#8220;&#8220; el_style=&#8220;&#8220; icon_shape=&#8220;btIconCircleShape&#8220;][\/bt_icon][bt_hr top_spaced=&#8220;not-spaced&#8220; bottom_spaced=&#8220;bottomSemiSpaced&#8220; transparent_border=&#8220;noBorder&#8220; el_class=&#8220;&#8220; el_style=&#8220;&#8220;][\/bt_hr][\/bt_column][\/bt_row][\/bt_section]<\/p>\n","protected":false},"excerpt":{"rendered":"<p>[bt_section layout=&#8220;boxed&#8220; top_spaced=&#8220;topSpaced&#8220; bottom_spaced=&#8220;bottomSemiSpaced&#8220; skin=&#8220;dark&#8220; full_screen=&#8220;no&#8220; vertical_align=&#8220;inherit&#8220; divider=&#8220;no&#8220; back_image=&#8220;12972&#8243; back_color=&#8220;#111111&#8243; back_overlay=&#8220;&#8220; back_video=&#8220;&#8220; video_settings=&#8220;&#8220; back_video_mp4=&#8220;&#8220; back_video_ogg=&#8220;&#8220; back_video_webm=&#8220;&#8220; parallax=&#8220;0.7&#8243; parallax_offset=&#8220;&#8220; animation=&#8220;&#8220; animation_back=&#8220;&#8220; animation_impress=&#8220;&#8220; el_id=&#8220;&#8220; el_class=&#8220;&#8220; el_style=&#8220;&#8220; lazy_load=&#8220;no&#8220; show_video_on_mobile=&#8220;&#8220;][bt_row el_class=&#8220;&#8220; el_style=&#8220;&#8220;][bt_column width=&#8220;1\/4&#8243;][bt_header superheadline=&#8220;Teilereinigung in Perfektion&#8220; headline=&#8220;Cemastir &#8220; headline_size=&#8220;small&#8220; dash=&#8220;bottom&#8220; subheadline=&#8220;Your wish is our command&#8220; el_class=&#8220;&#8220; el_style=&#8220;&#8220; headline_style=&#8220;regular&#8220;][\/bt_header][bt_icon icon=&#8220;fa_f095&#8243; icon_title=&#8220;+49 (0) 4442 &#8211; 955 99 80&#8243; icon_type=&#8220;btIcoDefaultType&#8220; icon_color=&#8220;btIcoDefaultColor&#8220; icon_size=&#8220;btIcoSmallSize&#8220; [&hellip;]<\/p>\n","protected":false},"author":3,"featured_media":0,"parent":0,"menu_order":0,"comment_status":"closed","ping_status":"closed","template":"","meta":{"footnotes":""},"class_list":["post-2098","page","type-page","status-publish","hentry"],"yoast_head":"<!-- This site is optimized with the Yoast SEO plugin v27.4 - https:\/\/yoast.com\/product\/yoast-seo-wordpress\/ -->\n<title>Custom footer - BREMAX<\/title>\n<meta name=\"robots\" content=\"index, follow, max-snippet:-1, max-image-preview:large, max-video-preview:-1\" \/>\n<link rel=\"canonical\" href=\"https:\/\/www.bremax.de\/en\/custom-footer\/\" \/>\n<meta property=\"og:locale\" content=\"en_GB\" \/>\n<meta property=\"og:type\" content=\"article\" \/>\n<meta property=\"og:title\" content=\"Custom footer - BREMAX\" \/>\n<meta property=\"og:description\" content=\"[bt_section layout=&#8220;boxed&#8220; top_spaced=&#8220;topSpaced&#8220; bottom_spaced=&#8220;bottomSemiSpaced&#8220; skin=&#8220;dark&#8220; full_screen=&#8220;no&#8220; vertical_align=&#8220;inherit&#8220; divider=&#8220;no&#8220; back_image=&#8220;12972&#8243; back_color=&#8220;#111111&#8243; back_overlay=&#8220;&#8220; back_video=&#8220;&#8220; video_settings=&#8220;&#8220; back_video_mp4=&#8220;&#8220; back_video_ogg=&#8220;&#8220; back_video_webm=&#8220;&#8220; parallax=&#8220;0.7&#8243; parallax_offset=&#8220;&#8220; animation=&#8220;&#8220; animation_back=&#8220;&#8220; animation_impress=&#8220;&#8220; el_id=&#8220;&#8220; el_class=&#8220;&#8220; el_style=&#8220;&#8220; lazy_load=&#8220;no&#8220; show_video_on_mobile=&#8220;&#8220;][bt_row el_class=&#8220;&#8220; el_style=&#8220;&#8220;][bt_column width=&#8220;1\/4&#8243;][bt_header superheadline=&#8220;Teilereinigung in Perfektion&#8220; headline=&#8220;Cemastir &#8220; headline_size=&#8220;small&#8220; dash=&#8220;bottom&#8220; subheadline=&#8220;Your wish is our command&#8220; el_class=&#8220;&#8220; el_style=&#8220;&#8220; headline_style=&#8220;regular&#8220;][\/bt_header][bt_icon icon=&#8220;fa_f095&#8243; icon_title=&#8220;+49 (0) 4442 &#8211; 955 99 80&#8243; icon_type=&#8220;btIcoDefaultType&#8220; icon_color=&#8220;btIcoDefaultColor&#8220; icon_size=&#8220;btIcoSmallSize&#8220; [&hellip;]\" \/>\n<meta property=\"og:url\" content=\"https:\/\/www.bremax.de\/en\/custom-footer\/\" \/>\n<meta property=\"og:site_name\" content=\"BREMAX\" \/>\n<meta property=\"article:publisher\" content=\"https:\/\/www.facebook.com\/CemastirGermany\/\" \/>\n<meta name=\"twitter:card\" content=\"summary_large_image\" \/>\n<meta name=\"twitter:label1\" content=\"Estimated reading time\" \/>\n\t<meta name=\"twitter:data1\" content=\"2 minutes\" \/>\n<script type=\"application\/ld+json\" class=\"yoast-schema-graph\">{\"@context\":\"https:\\\/\\\/schema.org\",\"@graph\":[{\"@type\":\"WebPage\",\"@id\":\"https:\\\/\\\/www.bremax.de\\\/custom-footer\\\/\",\"url\":\"https:\\\/\\\/www.bremax.de\\\/custom-footer\\\/\",\"name\":\"Custom footer - BREMAX\",\"isPartOf\":{\"@id\":\"https:\\\/\\\/www.bremax.de\\\/#website\"},\"datePublished\":\"2016-10-21T12:58:37+00:00\",\"breadcrumb\":{\"@id\":\"https:\\\/\\\/www.bremax.de\\\/custom-footer\\\/#breadcrumb\"},\"inLanguage\":\"en-GB\",\"potentialAction\":[{\"@type\":\"ReadAction\",\"target\":[\"https:\\\/\\\/www.bremax.de\\\/custom-footer\\\/\"]}]},{\"@type\":\"BreadcrumbList\",\"@id\":\"https:\\\/\\\/www.bremax.de\\\/custom-footer\\\/#breadcrumb\",\"itemListElement\":[{\"@type\":\"ListItem\",\"position\":1,\"name\":\"Startseite\",\"item\":\"https:\\\/\\\/www.bremax.de\\\/\"},{\"@type\":\"ListItem\",\"position\":2,\"name\":\"Custom footer\"}]},{\"@type\":\"WebSite\",\"@id\":\"https:\\\/\\\/www.bremax.de\\\/#website\",\"url\":\"https:\\\/\\\/www.bremax.de\\\/\",\"name\":\"BREMAX\",\"description\":\"\",\"publisher\":{\"@id\":\"https:\\\/\\\/www.bremax.de\\\/#organization\"},\"potentialAction\":[{\"@type\":\"SearchAction\",\"target\":{\"@type\":\"EntryPoint\",\"urlTemplate\":\"https:\\\/\\\/www.bremax.de\\\/?s={search_term_string}\"},\"query-input\":{\"@type\":\"PropertyValueSpecification\",\"valueRequired\":true,\"valueName\":\"search_term_string\"}}],\"inLanguage\":\"en-GB\"},{\"@type\":\"Organization\",\"@id\":\"https:\\\/\\\/www.bremax.de\\\/#organization\",\"name\":\"BREMAX\",\"url\":\"https:\\\/\\\/www.bremax.de\\\/\",\"logo\":{\"@type\":\"ImageObject\",\"inLanguage\":\"en-GB\",\"@id\":\"https:\\\/\\\/www.bremax.de\\\/#\\\/schema\\\/logo\\\/image\\\/\",\"url\":\"https:\\\/\\\/www.bremax.de\\\/wp-content\\\/uploads\\\/2025\\\/09\\\/cropped-Logo_BREMAX_Gross_transp-3.png\",\"contentUrl\":\"https:\\\/\\\/www.bremax.de\\\/wp-content\\\/uploads\\\/2025\\\/09\\\/cropped-Logo_BREMAX_Gross_transp-3.png\",\"width\":1000,\"height\":285,\"caption\":\"BREMAX\"},\"image\":{\"@id\":\"https:\\\/\\\/www.bremax.de\\\/#\\\/schema\\\/logo\\\/image\\\/\"},\"sameAs\":[\"https:\\\/\\\/www.facebook.com\\\/CemastirGermany\\\/\"]}]}<\/script>\n<!-- \/ Yoast SEO plugin. -->","yoast_head_json":{"title":"Custom footer - BREMAX","robots":{"index":"index","follow":"follow","max-snippet":"max-snippet:-1","max-image-preview":"max-image-preview:large","max-video-preview":"max-video-preview:-1"},"canonical":"https:\/\/www.bremax.de\/en\/custom-footer\/","og_locale":"en_GB","og_type":"article","og_title":"Custom footer - BREMAX","og_description":"[bt_section layout=&#8220;boxed&#8220; top_spaced=&#8220;topSpaced&#8220; bottom_spaced=&#8220;bottomSemiSpaced&#8220; skin=&#8220;dark&#8220; full_screen=&#8220;no&#8220; vertical_align=&#8220;inherit&#8220; divider=&#8220;no&#8220; back_image=&#8220;12972&#8243; back_color=&#8220;#111111&#8243; back_overlay=&#8220;&#8220; back_video=&#8220;&#8220; video_settings=&#8220;&#8220; back_video_mp4=&#8220;&#8220; back_video_ogg=&#8220;&#8220; back_video_webm=&#8220;&#8220; parallax=&#8220;0.7&#8243; parallax_offset=&#8220;&#8220; animation=&#8220;&#8220; animation_back=&#8220;&#8220; animation_impress=&#8220;&#8220; el_id=&#8220;&#8220; el_class=&#8220;&#8220; el_style=&#8220;&#8220; lazy_load=&#8220;no&#8220; show_video_on_mobile=&#8220;&#8220;][bt_row el_class=&#8220;&#8220; el_style=&#8220;&#8220;][bt_column width=&#8220;1\/4&#8243;][bt_header superheadline=&#8220;Teilereinigung in Perfektion&#8220; headline=&#8220;Cemastir &#8220; headline_size=&#8220;small&#8220; dash=&#8220;bottom&#8220; subheadline=&#8220;Your wish is our command&#8220; el_class=&#8220;&#8220; el_style=&#8220;&#8220; headline_style=&#8220;regular&#8220;][\/bt_header][bt_icon icon=&#8220;fa_f095&#8243; icon_title=&#8220;+49 (0) 4442 &#8211; 955 99 80&#8243; icon_type=&#8220;btIcoDefaultType&#8220; icon_color=&#8220;btIcoDefaultColor&#8220; icon_size=&#8220;btIcoSmallSize&#8220; [&hellip;]","og_url":"https:\/\/www.bremax.de\/en\/custom-footer\/","og_site_name":"BREMAX","article_publisher":"https:\/\/www.facebook.com\/CemastirGermany\/","twitter_card":"summary_large_image","twitter_misc":{"Estimated reading time":"2 minutes"},"schema":{"@context":"https:\/\/schema.org","@graph":[{"@type":"WebPage","@id":"https:\/\/www.bremax.de\/custom-footer\/","url":"https:\/\/www.bremax.de\/custom-footer\/","name":"Custom footer - BREMAX","isPartOf":{"@id":"https:\/\/www.bremax.de\/#website"},"datePublished":"2016-10-21T12:58:37+00:00","breadcrumb":{"@id":"https:\/\/www.bremax.de\/custom-footer\/#breadcrumb"},"inLanguage":"en-GB","potentialAction":[{"@type":"ReadAction","target":["https:\/\/www.bremax.de\/custom-footer\/"]}]},{"@type":"BreadcrumbList","@id":"https:\/\/www.bremax.de\/custom-footer\/#breadcrumb","itemListElement":[{"@type":"ListItem","position":1,"name":"Startseite","item":"https:\/\/www.bremax.de\/"},{"@type":"ListItem","position":2,"name":"Custom footer"}]},{"@type":"WebSite","@id":"https:\/\/www.bremax.de\/#website","url":"https:\/\/www.bremax.de\/","name":"BREMAX","description":"","publisher":{"@id":"https:\/\/www.bremax.de\/#organization"},"potentialAction":[{"@type":"SearchAction","target":{"@type":"EntryPoint","urlTemplate":"https:\/\/www.bremax.de\/?s={search_term_string}"},"query-input":{"@type":"PropertyValueSpecification","valueRequired":true,"valueName":"search_term_string"}}],"inLanguage":"en-GB"},{"@type":"Organization","@id":"https:\/\/www.bremax.de\/#organization","name":"BREMAX","url":"https:\/\/www.bremax.de\/","logo":{"@type":"ImageObject","inLanguage":"en-GB","@id":"https:\/\/www.bremax.de\/#\/schema\/logo\/image\/","url":"https:\/\/www.bremax.de\/wp-content\/uploads\/2025\/09\/cropped-Logo_BREMAX_Gross_transp-3.png","contentUrl":"https:\/\/www.bremax.de\/wp-content\/uploads\/2025\/09\/cropped-Logo_BREMAX_Gross_transp-3.png","width":1000,"height":285,"caption":"BREMAX"},"image":{"@id":"https:\/\/www.bremax.de\/#\/schema\/logo\/image\/"},"sameAs":["https:\/\/www.facebook.com\/CemastirGermany\/"]}]}},"_links":{"self":[{"href":"https:\/\/www.bremax.de\/en\/wp-json\/wp\/v2\/pages\/2098","targetHints":{"allow":["GET"]}}],"collection":[{"href":"https:\/\/www.bremax.de\/en\/wp-json\/wp\/v2\/pages"}],"about":[{"href":"https:\/\/www.bremax.de\/en\/wp-json\/wp\/v2\/types\/page"}],"author":[{"embeddable":true,"href":"https:\/\/www.bremax.de\/en\/wp-json\/wp\/v2\/users\/3"}],"replies":[{"embeddable":true,"href":"https:\/\/www.bremax.de\/en\/wp-json\/wp\/v2\/comments?post=2098"}],"version-history":[{"count":0,"href":"https:\/\/www.bremax.de\/en\/wp-json\/wp\/v2\/pages\/2098\/revisions"}],"wp:attachment":[{"href":"https:\/\/www.bremax.de\/en\/wp-json\/wp\/v2\/media?parent=2098"}],"curies":[{"name":"what","href":"https:\/\/api.w.org\/{rel}","templated":true}]}}