{"id":3095,"date":"2017-12-08T12:13:42","date_gmt":"2017-12-08T11:13:42","guid":{"rendered":"http:\/\/www.cemastir.de\/?page_id=3095"},"modified":"2025-11-27T08:13:22","modified_gmt":"2025-11-27T07:13:22","slug":"databeskyttelse","status":"publish","type":"page","link":"https:\/\/www.bremax.de\/da\/datenschutz\/","title":{"rendered":"Beskyttelse af data"},"content":{"rendered":"<div data-elementor-type=\"wp-page\" data-elementor-id=\"3095\" class=\"elementor elementor-3095\" data-elementor-post-type=\"page\">\n\t\t\t\t<div class=\"elementor-element elementor-element-65bc90d e-flex e-con-boxed e-con e-parent\" data-id=\"65bc90d\" data-element_type=\"container\" data-e-type=\"container\" data-settings=\"{&quot;background_background&quot;:&quot;classic&quot;}\">\n\t\t\t\t\t<div class=\"e-con-inner\">\n\t\t<div class=\"elementor-element elementor-element-977f548 e-con-full e-flex e-con e-child\" data-id=\"977f548\" data-element_type=\"container\" data-e-type=\"container\">\n\t\t\t\t<div class=\"elementor-element elementor-element-bef9f69 elementor-widget-laptop__width-initial elementor-widget elementor-widget-heading\" data-id=\"bef9f69\" data-element_type=\"widget\" data-e-type=\"widget\" data-widget_type=\"heading.default\">\n\t\t\t\t\t<h1 class=\"elementor-heading-title elementor-size-default\">Beskyttelse af data<\/h1>\t\t\t\t<\/div>\n\t\t\t\t<\/div>\n\t\t\t\t\t<\/div>\n\t\t\t\t<\/div>\n\t\t<div class=\"elementor-element elementor-element-5a42353 e-flex e-con-boxed e-con e-parent\" data-id=\"5a42353\" data-element_type=\"container\" data-e-type=\"container\">\n\t\t\t\t\t<div class=\"e-con-inner\">\n\t\t\t\t<div class=\"elementor-element elementor-element-0018977 elementor-widget elementor-widget-heading\" data-id=\"0018977\" data-element_type=\"widget\" data-e-type=\"widget\" data-widget_type=\"heading.default\">\n\t\t\t\t\t<span class=\"elementor-heading-title elementor-size-default\">Brug af Google Analytics\n\n\n<\/span>\t\t\t\t<\/div>\n\t\t\t\t<div class=\"elementor-element elementor-element-5792e38 elementor-widget elementor-widget-text-editor\" data-id=\"5792e38\" data-element_type=\"widget\" data-e-type=\"widget\" data-widget_type=\"text-editor.default\">\n\t\t\t\t\t\t\t\t\tDette websted bruger Google Analytics, en webanalysetjeneste leveret af Google Inc (\u201eGoogle\u201c). Google Analytics bruger \u201ecookies\u201c, som er tekstfiler, der placeres p\u00e5 din computer, til at hj\u00e6lpe webstedet med at analysere, hvordan brugerne anvender webstedet. De oplysninger, der genereres af cookien om din brug af dette websted, overf\u00f8res normalt til en Google-server i USA og gemmes der. Men hvis IP-anonymisering er aktiveret p\u00e5 dette websted (dette er blevet gjort; operat\u00f8rens note), vil din IP-adresse f\u00f8rst blive afkortet af Google inden for medlemslandene i Den Europ\u00e6iske Union eller i andre stater, der har underskrevet aftalen om Det Europ\u00e6iske \u00d8konomiske Samarbejdsomr\u00e5de. Kun i undtagelsestilf\u00e6lde vil den fulde IP-adresse blive overf\u00f8rt til en Google-server i USA og afkortet der. P\u00e5 vegne af operat\u00f8ren af dette websted vil Google bruge disse oplysninger til at analysere din brug af webstedet, til at udarbejde rapporter om webstedsaktivitet og til at levere andre tjenester i forbindelse med webstedsaktivitet og internetbrug til webstedsoperat\u00f8ren. Den IP-adresse, der overf\u00f8res af din browser som en del af Google Analytics, vil ikke blive flettet med andre Google-data. Du kan afvise brugen af cookies ved at v\u00e6lge de relevante indstillinger i din browser, men v\u00e6r opm\u00e6rksom p\u00e5, at hvis du g\u00f8r dette, kan du muligvis ikke bruge alle funktionerne p\u00e5 dette websted. Du kan ogs\u00e5 forhindre Google i at indsamle de data, der genereres af cookien, og som vedr\u00f8rer din brug af webstedet (herunder din IP-adresse) og i at behandle disse data af Google ved at downloade og installere det browser-plug-in, der er tilg\u00e6ngeligt p\u00e5 f\u00f8lgende link.\n\n\t\t\t\t\t\t\t\t<\/div>\n\t\t\t\t<div class=\"elementor-element elementor-element-c5d0ab0 elementor-widget elementor-widget-heading\" data-id=\"c5d0ab0\" data-element_type=\"widget\" data-e-type=\"widget\" data-widget_type=\"heading.default\">\n\t\t\t\t\t<span class=\"elementor-heading-title elementor-size-default\">Kontaktformular\/foresp\u00f8rgsler\n\n\n<\/span>\t\t\t\t<\/div>\n\t\t\t\t<div class=\"elementor-element elementor-element-735fabb elementor-widget elementor-widget-text-editor\" data-id=\"735fabb\" data-element_type=\"widget\" data-e-type=\"widget\" data-widget_type=\"text-editor.default\">\n\t\t\t\t\t\t\t\t\t<p>Politik for beskyttelse af personlige oplysninger ( DSGVO ): Hvis du sender os foresp\u00f8rgsler via kontaktformularen, gemmer vi dine oplysninger fra foresp\u00f8rgselsformularen med henblik p\u00e5 at behandle foresp\u00f8rgslen og i tilf\u00e6lde af opf\u00f8lgende sp\u00f8rgsm\u00e5l. Vi videregiver ikke disse data uden dit samtykke. De data, der er indtastet i kontaktformularen, behandles derfor udelukkende p\u00e5 grundlag af dit samtykke (art. 6, stk. 1, litra a i GDPR). Du kan til enhver tid tilbagekalde dette samtykke. Alt, hvad du skal g\u00f8re, er at sende en uformel e-mail til info@bremax.de. Lovligheden af de databehandlingsoperationer, der er udf\u00f8rt indtil tilbagekaldelsen, forbliver up\u00e5virket af tilbagekaldelsen. Vi opbevarer de data, du angiver i kontaktformularen, indtil du beder om at f\u00e5 dem slettet, tilbagekalder dit samtykke til opbevaring, eller form\u00e5let med opbevaringen ikke l\u00e6ngere er relevant (f.eks. efter at have opfyldt din anmodning). Obligatoriske lovbestemmelser - is\u00e6r opbevaringsperioder - forbliver up\u00e5virket.<\/p>\t\t\t\t\t\t\t\t<\/div>\n\t\t\t\t<div class=\"elementor-element elementor-element-cfab3bf elementor-widget elementor-widget-heading\" data-id=\"cfab3bf\" data-element_type=\"widget\" data-e-type=\"widget\" data-widget_type=\"heading.default\">\n\t\t\t\t\t<span class=\"elementor-heading-title elementor-size-default\">Ansvarsfraskrivelse \/ Note om sp\u00f8rgsm\u00e5let om eksterne links\n\n\n\n<\/span>\t\t\t\t<\/div>\n\t\t\t\t<div class=\"elementor-element elementor-element-d3d5efd elementor-widget elementor-widget-text-editor\" data-id=\"d3d5efd\" data-element_type=\"widget\" data-e-type=\"widget\" data-widget_type=\"text-editor.default\">\n\t\t\t\t\t\t\t\t\t<p>BREMAX GmbH er som indholdsudbyder ansvarlig for sit \u201eeget indhold\u201c, som det stiller til r\u00e5dighed for brug i henhold til \u00a7 6, stk. 1, i medietjenesteaftalen og den generelle lovgivning. Der skal skelnes mellem eget indhold og krydshenvisninger (\u201elinks\u201c) til indhold fra andre udbydere. Gennem krydshenvisningen stiller BREMAX GmbH \u201etredjepartsindhold\u201c til r\u00e5dighed for brug, som er m\u00e6rket p\u00e5 denne m\u00e5de:<\/p><p>Links\u201e er altid \u201clevende\u201e (dynamiske) henvisninger. BREMAX GmbH har kontrolleret det eksterne indhold for muligt civil- eller strafferetligt ansvar, da linket blev oprettet. Det indhold, der henvises til p\u00e5 hjemmesiden, kontrolleres dog ikke l\u00f8bende for \u00e6ndringer, der kan medf\u00f8re et nyt ansvar. Hvis BREMAX GmbH konstaterer eller bliver informeret af andre om, at et bestemt tilbud, som vi har linket til, udl\u00f8ser et civil- eller strafferetligt ansvar, vil vi fjerne linket til dette tilbud.<\/p>\t\t\t\t\t\t\t\t<\/div>\n\t\t\t\t\t<\/div>\n\t\t\t\t<\/div>\n\t\t\t\t<\/div>","protected":false},"excerpt":{"rendered":"<p>Datenschutz Verwendung von Google Analytics Diese Website benutzt Google Analytics, einen Webanalysedienst der Google Inc. (\u201eGoogle\u201c). Google Analytics verwendet sog. \u201eCookies\u201c, Textdateien, die auf Ihrem Computer gespeichert werden und die eine Analyse der Benutzung der Website durch Sie erm\u00f6glichen. Die durch den Cookie erzeugten Informationen \u00fcber Ihre Benutzung dieser Website werden in der Regel an [&hellip;]<\/p>\n","protected":false},"author":3,"featured_media":0,"parent":0,"menu_order":0,"comment_status":"closed","ping_status":"closed","template":"","meta":{"footnotes":""},"class_list":["post-3095","page","type-page","status-publish","hentry"],"yoast_head":"<!-- This site is optimized with the Yoast SEO plugin v27.4 - https:\/\/yoast.com\/product\/yoast-seo-wordpress\/ -->\n<title>Datenschutz - BREMAX<\/title>\n<meta name=\"robots\" content=\"index, follow, max-snippet:-1, max-image-preview:large, max-video-preview:-1\" \/>\n<link rel=\"canonical\" href=\"https:\/\/www.bremax.de\/da\/databeskyttelse\/\" \/>\n<meta property=\"og:locale\" content=\"da_DK\" \/>\n<meta property=\"og:type\" content=\"article\" \/>\n<meta property=\"og:title\" content=\"Datenschutz - BREMAX\" \/>\n<meta property=\"og:description\" content=\"Datenschutz Verwendung von Google Analytics Diese Website benutzt Google Analytics, einen Webanalysedienst der Google Inc. (\u201eGoogle\u201c). Google Analytics verwendet sog. \u201eCookies\u201c, Textdateien, die auf Ihrem Computer gespeichert werden und die eine Analyse der Benutzung der Website durch Sie erm\u00f6glichen. Die durch den Cookie erzeugten Informationen \u00fcber Ihre Benutzung dieser Website werden in der Regel an [&hellip;]\" \/>\n<meta property=\"og:url\" content=\"https:\/\/www.bremax.de\/da\/databeskyttelse\/\" \/>\n<meta property=\"og:site_name\" content=\"BREMAX\" \/>\n<meta property=\"article:publisher\" content=\"https:\/\/www.facebook.com\/CemastirGermany\/\" \/>\n<meta property=\"article:modified_time\" content=\"2025-11-27T07:13:22+00:00\" \/>\n<meta name=\"twitter:card\" content=\"summary_large_image\" \/>\n<meta name=\"twitter:label1\" content=\"Estimeret l\u00e6setid\" \/>\n\t<meta name=\"twitter:data1\" content=\"4 minutter\" \/>\n<script type=\"application\/ld+json\" class=\"yoast-schema-graph\">{\"@context\":\"https:\\\/\\\/schema.org\",\"@graph\":[{\"@type\":\"WebPage\",\"@id\":\"https:\\\/\\\/www.bremax.de\\\/datenschutz\\\/\",\"url\":\"https:\\\/\\\/www.bremax.de\\\/datenschutz\\\/\",\"name\":\"Datenschutz - BREMAX\",\"isPartOf\":{\"@id\":\"https:\\\/\\\/www.bremax.de\\\/#website\"},\"datePublished\":\"2017-12-08T11:13:42+00:00\",\"dateModified\":\"2025-11-27T07:13:22+00:00\",\"breadcrumb\":{\"@id\":\"https:\\\/\\\/www.bremax.de\\\/datenschutz\\\/#breadcrumb\"},\"inLanguage\":\"da-DK\",\"potentialAction\":[{\"@type\":\"ReadAction\",\"target\":[\"https:\\\/\\\/www.bremax.de\\\/datenschutz\\\/\"]}]},{\"@type\":\"BreadcrumbList\",\"@id\":\"https:\\\/\\\/www.bremax.de\\\/datenschutz\\\/#breadcrumb\",\"itemListElement\":[{\"@type\":\"ListItem\",\"position\":1,\"name\":\"Startseite\",\"item\":\"https:\\\/\\\/www.bremax.de\\\/\"},{\"@type\":\"ListItem\",\"position\":2,\"name\":\"Datenschutz\"}]},{\"@type\":\"WebSite\",\"@id\":\"https:\\\/\\\/www.bremax.de\\\/#website\",\"url\":\"https:\\\/\\\/www.bremax.de\\\/\",\"name\":\"BREMAX\",\"description\":\"\",\"publisher\":{\"@id\":\"https:\\\/\\\/www.bremax.de\\\/#organization\"},\"potentialAction\":[{\"@type\":\"SearchAction\",\"target\":{\"@type\":\"EntryPoint\",\"urlTemplate\":\"https:\\\/\\\/www.bremax.de\\\/?s={search_term_string}\"},\"query-input\":{\"@type\":\"PropertyValueSpecification\",\"valueRequired\":true,\"valueName\":\"search_term_string\"}}],\"inLanguage\":\"da-DK\"},{\"@type\":\"Organization\",\"@id\":\"https:\\\/\\\/www.bremax.de\\\/#organization\",\"name\":\"BREMAX\",\"url\":\"https:\\\/\\\/www.bremax.de\\\/\",\"logo\":{\"@type\":\"ImageObject\",\"inLanguage\":\"da-DK\",\"@id\":\"https:\\\/\\\/www.bremax.de\\\/#\\\/schema\\\/logo\\\/image\\\/\",\"url\":\"https:\\\/\\\/www.bremax.de\\\/wp-content\\\/uploads\\\/2025\\\/09\\\/cropped-Logo_BREMAX_Gross_transp-3.png\",\"contentUrl\":\"https:\\\/\\\/www.bremax.de\\\/wp-content\\\/uploads\\\/2025\\\/09\\\/cropped-Logo_BREMAX_Gross_transp-3.png\",\"width\":1000,\"height\":285,\"caption\":\"BREMAX\"},\"image\":{\"@id\":\"https:\\\/\\\/www.bremax.de\\\/#\\\/schema\\\/logo\\\/image\\\/\"},\"sameAs\":[\"https:\\\/\\\/www.facebook.com\\\/CemastirGermany\\\/\"]}]}<\/script>\n<!-- \/ Yoast SEO plugin. -->","yoast_head_json":{"title":"Databeskyttelse - BREMAX","robots":{"index":"index","follow":"follow","max-snippet":"max-snippet:-1","max-image-preview":"max-image-preview:large","max-video-preview":"max-video-preview:-1"},"canonical":"https:\/\/www.bremax.de\/da\/databeskyttelse\/","og_locale":"da_DK","og_type":"article","og_title":"Datenschutz - BREMAX","og_description":"Datenschutz Verwendung von Google Analytics Diese Website benutzt Google Analytics, einen Webanalysedienst der Google Inc. (\u201eGoogle\u201c). Google Analytics verwendet sog. \u201eCookies\u201c, Textdateien, die auf Ihrem Computer gespeichert werden und die eine Analyse der Benutzung der Website durch Sie erm\u00f6glichen. Die durch den Cookie erzeugten Informationen \u00fcber Ihre Benutzung dieser Website werden in der Regel an [&hellip;]","og_url":"https:\/\/www.bremax.de\/da\/databeskyttelse\/","og_site_name":"BREMAX","article_publisher":"https:\/\/www.facebook.com\/CemastirGermany\/","article_modified_time":"2025-11-27T07:13:22+00:00","twitter_card":"summary_large_image","twitter_misc":{"Estimeret l\u00e6setid":"4 minutter"},"schema":{"@context":"https:\/\/schema.org","@graph":[{"@type":"WebPage","@id":"https:\/\/www.bremax.de\/datenschutz\/","url":"https:\/\/www.bremax.de\/datenschutz\/","name":"Databeskyttelse - BREMAX","isPartOf":{"@id":"https:\/\/www.bremax.de\/#website"},"datePublished":"2017-12-08T11:13:42+00:00","dateModified":"2025-11-27T07:13:22+00:00","breadcrumb":{"@id":"https:\/\/www.bremax.de\/datenschutz\/#breadcrumb"},"inLanguage":"da-DK","potentialAction":[{"@type":"ReadAction","target":["https:\/\/www.bremax.de\/datenschutz\/"]}]},{"@type":"BreadcrumbList","@id":"https:\/\/www.bremax.de\/datenschutz\/#breadcrumb","itemListElement":[{"@type":"ListItem","position":1,"name":"Startseite","item":"https:\/\/www.bremax.de\/"},{"@type":"ListItem","position":2,"name":"Datenschutz"}]},{"@type":"WebSite","@id":"https:\/\/www.bremax.de\/#website","url":"https:\/\/www.bremax.de\/","name":"BREMAX","description":"","publisher":{"@id":"https:\/\/www.bremax.de\/#organization"},"potentialAction":[{"@type":"SearchAction","target":{"@type":"EntryPoint","urlTemplate":"https:\/\/www.bremax.de\/?s={search_term_string}"},"query-input":{"@type":"PropertyValueSpecification","valueRequired":true,"valueName":"search_term_string"}}],"inLanguage":"da-DK"},{"@type":"Organization","@id":"https:\/\/www.bremax.de\/#organization","name":"BREMAX","url":"https:\/\/www.bremax.de\/","logo":{"@type":"ImageObject","inLanguage":"da-DK","@id":"https:\/\/www.bremax.de\/#\/schema\/logo\/image\/","url":"https:\/\/www.bremax.de\/wp-content\/uploads\/2025\/09\/cropped-Logo_BREMAX_Gross_transp-3.png","contentUrl":"https:\/\/www.bremax.de\/wp-content\/uploads\/2025\/09\/cropped-Logo_BREMAX_Gross_transp-3.png","width":1000,"height":285,"caption":"BREMAX"},"image":{"@id":"https:\/\/www.bremax.de\/#\/schema\/logo\/image\/"},"sameAs":["https:\/\/www.facebook.com\/CemastirGermany\/"]}]}},"_links":{"self":[{"href":"https:\/\/www.bremax.de\/da\/wp-json\/wp\/v2\/pages\/3095","targetHints":{"allow":["GET"]}}],"collection":[{"href":"https:\/\/www.bremax.de\/da\/wp-json\/wp\/v2\/pages"}],"about":[{"href":"https:\/\/www.bremax.de\/da\/wp-json\/wp\/v2\/types\/page"}],"author":[{"embeddable":true,"href":"https:\/\/www.bremax.de\/da\/wp-json\/wp\/v2\/users\/3"}],"replies":[{"embeddable":true,"href":"https:\/\/www.bremax.de\/da\/wp-json\/wp\/v2\/comments?post=3095"}],"version-history":[{"count":16,"href":"https:\/\/www.bremax.de\/da\/wp-json\/wp\/v2\/pages\/3095\/revisions"}],"predecessor-version":[{"id":13691,"href":"https:\/\/www.bremax.de\/da\/wp-json\/wp\/v2\/pages\/3095\/revisions\/13691"}],"wp:attachment":[{"href":"https:\/\/www.bremax.de\/da\/wp-json\/wp\/v2\/media?parent=3095"}],"curies":[{"name":"wp","href":"https:\/\/api.w.org\/{rel}","templated":true}]}}