{"id":3086,"date":"2017-12-08T12:12:02","date_gmt":"2017-12-08T11:12:02","guid":{"rendered":"http:\/\/www.cemastir.de\/?page_id=3086"},"modified":"2026-04-15T18:46:38","modified_gmt":"2026-04-15T16:46:38","slug":"aftryk","status":"publish","type":"page","link":"https:\/\/www.bremax.de\/da\/impressum\/","title":{"rendered":"P\u00e5tryk"},"content":{"rendered":"<div data-elementor-type=\"wp-page\" data-elementor-id=\"3086\" class=\"elementor elementor-3086\" data-elementor-post-type=\"page\">\n\t\t\t\t<div class=\"elementor-element elementor-element-878e5e7 e-flex e-con-boxed e-con e-parent\" data-id=\"878e5e7\" data-element_type=\"container\" data-e-type=\"container\" data-settings=\"{&quot;background_background&quot;:&quot;classic&quot;}\">\n\t\t\t\t\t<div class=\"e-con-inner\">\n\t\t<div class=\"elementor-element elementor-element-f9fd590 e-con-full e-flex e-con e-child\" data-id=\"f9fd590\" data-element_type=\"container\" data-e-type=\"container\">\n\t\t\t\t<div class=\"elementor-element elementor-element-9818d9c elementor-widget-laptop__width-initial elementor-widget elementor-widget-heading\" data-id=\"9818d9c\" data-element_type=\"widget\" data-e-type=\"widget\" data-widget_type=\"heading.default\">\n\t\t\t\t\t<h1 class=\"elementor-heading-title elementor-size-default\">P\u00e5tryk<\/h1>\t\t\t\t<\/div>\n\t\t\t\t<\/div>\n\t\t\t\t\t<\/div>\n\t\t\t\t<\/div>\n\t\t<div class=\"elementor-element elementor-element-951a2ff e-flex e-con-boxed e-con e-parent\" data-id=\"951a2ff\" data-element_type=\"container\" data-e-type=\"container\">\n\t\t\t\t\t<div class=\"e-con-inner\">\n\t\t\t\t<div class=\"elementor-element elementor-element-994884c elementor-widget elementor-widget-text-editor\" data-id=\"994884c\" data-element_type=\"widget\" data-e-type=\"widget\" data-widget_type=\"text-editor.default\">\n\t\t\t\t\t\t\t\t\t<p><span class=\"s1\"><b>BREMAX GmbH<\/b><\/span><br \/><b>Robert-Bosch-Str. 3<\/b><br \/><span class=\"s1\"><b>49393 Lohne<\/b><\/span><\/p><p class=\"p2\"><span class=\"s1\">Administrerende direkt\u00f8r | CEO | Ejer<br \/>Christian Mahnken<i><br \/><\/i><\/span><\/p><p class=\"p4\"><span class=\"s2\"><span class=\"s3\"><a href=\"mailto:info@bremax.de\">info@bremax.de<br \/><\/a><\/span><\/span>Tlf +49 (0) 4442 - 955 99 80<br \/>Fax +49 (0) 4442 - 955 99 89<\/p><p class=\"p4\"><a href=\"https:\/\/www.bremax.de\/da\/\">www.bremax.de<\/a><\/p><p class=\"p5\">Registerdomstol Oldenburg - HRB 217305<\/p><p>MOMS. IdNr.: DE314909831<\/p><p>Fotografi: BREMAX GmbH<\/p>\t\t\t\t\t\t\t\t<\/div>\n\t\t\t\t<div class=\"elementor-element elementor-element-54c6b08 elementor-widget elementor-widget-heading\" data-id=\"54c6b08\" data-element_type=\"widget\" data-e-type=\"widget\" data-widget_type=\"heading.default\">\n\t\t\t\t\t<span class=\"elementor-heading-title elementor-size-default\">Ansvarsfraskrivelse, ophavsret\n\n\n<\/span>\t\t\t\t<\/div>\n\t\t\t\t<div class=\"elementor-element elementor-element-8bc3b89 elementor-widget elementor-widget-text-editor\" data-id=\"8bc3b89\" data-element_type=\"widget\" data-e-type=\"widget\" data-widget_type=\"text-editor.default\">\n\t\t\t\t\t\t\t\t\t<p><span class=\"\">Det indhold, der tilbydes og vises p\u00e5 disse internetsider, m\u00e5 hverken helt eller delvist gemmes, kopieres eller videregives uden forudg\u00e5ende skriftlig tilladelse fra BREMAX GmbH. Den grafik, de tegninger og de fotos, der anvendes p\u00e5 internetsiderne, er underlagt BREMAX GmbH's, forfatterens eller det p\u00e5g\u00e6ldende fotoagenturs ophavsret. P\u00e5 trods af alle bestr\u00e6belser p\u00e5 at sikre ensartethed, <\/span><span class=\"\">Korrekthed<\/span>\u00a0og<span class=\"\"> BREMAX GmbH p\u00e5tager sig intet ansvar for fuldst\u00e6ndigheden af de oplysninger, der pr\u00e6senteres p\u00e5 denne hjemmeside.<\/span><br class=\"\" \/><br class=\"\" \/><span class=\"\">Disse internetsider indeholder et stort antal s\u00e5kaldte hyperlinks (henvisninger) til andre internetsider og tjenester, der ikke drives af BREMAX GmbH. BREMAX GmbH er p\u00e5 ingen m\u00e5de ansvarlig for indholdet af disse linkede sider.<\/span><\/p>\t\t\t\t\t\t\t\t<\/div>\n\t\t\t\t<div class=\"elementor-element elementor-element-5e47a50 elementor-widget elementor-widget-heading\" data-id=\"5e47a50\" data-element_type=\"widget\" data-e-type=\"widget\" data-widget_type=\"heading.default\">\n\t\t\t\t\t<span class=\"elementor-heading-title elementor-size-default\">Google Analytics:<\/span>\t\t\t\t<\/div>\n\t\t\t\t<div class=\"elementor-element elementor-element-9751968 elementor-widget elementor-widget-text-editor\" data-id=\"9751968\" data-element_type=\"widget\" data-e-type=\"widget\" data-widget_type=\"text-editor.default\">\n\t\t\t\t\t\t\t\t\t<p>Denne hjemmeside bruger cookies for at sikre, at du f\u00e5r den bedste oplevelse p\u00e5 vores hjemmeside. Ved at bruge hjemmesiden accepterer du brugen af cookies.<\/p><p>\u201eDette websted bruger Google Analytics, en webanalysetjeneste leveret af Google, Inc (\u201cGoogle\u201d). Google Analytics bruger \u201ccookies\u201d, som er tekstfiler, der placeres p\u00e5 din computer, til at hj\u00e6lpe webstedet med at analysere, hvordan brugerne anvender webstedet. De oplysninger, der genereres af cookien om din brug af webstedet (herunder din IP-adresse), overf\u00f8res til og gemmes af Google p\u00e5 servere i USA. I tilf\u00e6lde af aktivering af IP-anonymisering vil Google trunkere\/anonymisere den sidste oktet af IP-adressen for medlemsstater i Den Europ\u00e6iske Union samt for andre parter i aftalen om Det Europ\u00e6iske \u00d8konomiske Samarbejdsomr\u00e5de. Kun i undtagelsestilf\u00e6lde sendes den fulde IP-adresse til og forkortes af Googles servere i USA. P\u00e5 vegne af webstedsudbyderen vil Google bruge disse oplysninger til at evaluere din brug af webstedet, udarbejde rapporter om webstedsaktivitet for webstedsoperat\u00f8rer og levere andre tjenester vedr\u00f8rende webstedsaktivitet og internetbrug til webstedsudbyderen. Google vil ikke forbinde din IP-adresse med andre data, som Google er i besiddelse af. Du kan afvise brugen af cookies ved at v\u00e6lge de relevante indstillinger i din browser. Bem\u00e6rk dog, at hvis du g\u00f8r dette, kan du muligvis ikke bruge alle funktionerne p\u00e5 dette websted. Desuden kan du forhindre Googles indsamling og brug af data (cookies og IP-adresse) ved at downloade og installere det browser-plug-in, der er tilg\u00e6ngeligt p\u00e5 tools.google.com\/dlpage\/gaoptout?hl=da-GB.<\/p>\t\t\t\t\t\t\t\t<\/div>\n\t\t\t\t\t<\/div>\n\t\t\t\t<\/div>\n\t\t\t\t<\/div>","protected":false},"excerpt":{"rendered":"<p>Impressum BREMAX GmbHRobert-Bosch-Str. 349393 Lohne Gesch\u00e4ftsf\u00fchrer\u00a0|\u00a0CEO | InhaberChristian Mahnken info@bremax.deTel +49 (0) 4442 \u2013 955 99 80Fax +49 (0) 4442 \u2013 955 99 89 www.bremax.de Registergericht Oldenburg \u2013 HRB 217305 Ust. IdNr.: DE314909831 Fotografie: BREMAX GmbH Haftungsausschluss, Urheberrecht Die auf diesen Internetseiten angebotenen und dargestellten Inhalte d\u00fcrfen ohne vorherige schriftliche Genehmigung durch die BREMAX GmbH [&hellip;]<\/p>\n","protected":false},"author":3,"featured_media":0,"parent":0,"menu_order":0,"comment_status":"closed","ping_status":"closed","template":"","meta":{"footnotes":""},"class_list":["post-3086","page","type-page","status-publish","hentry"],"yoast_head":"<!-- This site is optimized with the Yoast SEO plugin v27.4 - https:\/\/yoast.com\/product\/yoast-seo-wordpress\/ -->\n<title>Impressum - BREMAX<\/title>\n<meta name=\"robots\" content=\"index, follow, max-snippet:-1, max-image-preview:large, max-video-preview:-1\" \/>\n<link rel=\"canonical\" href=\"https:\/\/www.bremax.de\/da\/aftryk\/\" \/>\n<meta property=\"og:locale\" content=\"da_DK\" \/>\n<meta property=\"og:type\" content=\"article\" \/>\n<meta property=\"og:title\" content=\"Impressum - BREMAX\" \/>\n<meta property=\"og:description\" content=\"Impressum BREMAX GmbHRobert-Bosch-Str. 349393 Lohne Gesch\u00e4ftsf\u00fchrer\u00a0|\u00a0CEO | InhaberChristian Mahnken info@bremax.deTel +49 (0) 4442 \u2013 955 99 80Fax +49 (0) 4442 \u2013 955 99 89 www.bremax.de Registergericht Oldenburg \u2013 HRB 217305 Ust. IdNr.: DE314909831 Fotografie: BREMAX GmbH Haftungsausschluss, Urheberrecht Die auf diesen Internetseiten angebotenen und dargestellten Inhalte d\u00fcrfen ohne vorherige schriftliche Genehmigung durch die BREMAX GmbH [&hellip;]\" \/>\n<meta property=\"og:url\" content=\"https:\/\/www.bremax.de\/da\/aftryk\/\" \/>\n<meta property=\"og:site_name\" content=\"BREMAX\" \/>\n<meta property=\"article:publisher\" content=\"https:\/\/www.facebook.com\/CemastirGermany\/\" \/>\n<meta property=\"article:modified_time\" content=\"2026-04-15T16:46:38+00:00\" \/>\n<meta name=\"twitter:card\" content=\"summary_large_image\" \/>\n<meta name=\"twitter:label1\" content=\"Estimeret l\u00e6setid\" \/>\n\t<meta name=\"twitter:data1\" content=\"3 minutter\" \/>\n<script type=\"application\/ld+json\" class=\"yoast-schema-graph\">{\"@context\":\"https:\\\/\\\/schema.org\",\"@graph\":[{\"@type\":\"WebPage\",\"@id\":\"https:\\\/\\\/www.bremax.de\\\/impressum\\\/\",\"url\":\"https:\\\/\\\/www.bremax.de\\\/impressum\\\/\",\"name\":\"Impressum - BREMAX\",\"isPartOf\":{\"@id\":\"https:\\\/\\\/www.bremax.de\\\/#website\"},\"datePublished\":\"2017-12-08T11:12:02+00:00\",\"dateModified\":\"2026-04-15T16:46:38+00:00\",\"breadcrumb\":{\"@id\":\"https:\\\/\\\/www.bremax.de\\\/impressum\\\/#breadcrumb\"},\"inLanguage\":\"da-DK\",\"potentialAction\":[{\"@type\":\"ReadAction\",\"target\":[\"https:\\\/\\\/www.bremax.de\\\/impressum\\\/\"]}]},{\"@type\":\"BreadcrumbList\",\"@id\":\"https:\\\/\\\/www.bremax.de\\\/impressum\\\/#breadcrumb\",\"itemListElement\":[{\"@type\":\"ListItem\",\"position\":1,\"name\":\"Startseite\",\"item\":\"https:\\\/\\\/www.bremax.de\\\/\"},{\"@type\":\"ListItem\",\"position\":2,\"name\":\"Impressum\"}]},{\"@type\":\"WebSite\",\"@id\":\"https:\\\/\\\/www.bremax.de\\\/#website\",\"url\":\"https:\\\/\\\/www.bremax.de\\\/\",\"name\":\"BREMAX\",\"description\":\"\",\"publisher\":{\"@id\":\"https:\\\/\\\/www.bremax.de\\\/#organization\"},\"potentialAction\":[{\"@type\":\"SearchAction\",\"target\":{\"@type\":\"EntryPoint\",\"urlTemplate\":\"https:\\\/\\\/www.bremax.de\\\/?s={search_term_string}\"},\"query-input\":{\"@type\":\"PropertyValueSpecification\",\"valueRequired\":true,\"valueName\":\"search_term_string\"}}],\"inLanguage\":\"da-DK\"},{\"@type\":\"Organization\",\"@id\":\"https:\\\/\\\/www.bremax.de\\\/#organization\",\"name\":\"BREMAX\",\"url\":\"https:\\\/\\\/www.bremax.de\\\/\",\"logo\":{\"@type\":\"ImageObject\",\"inLanguage\":\"da-DK\",\"@id\":\"https:\\\/\\\/www.bremax.de\\\/#\\\/schema\\\/logo\\\/image\\\/\",\"url\":\"https:\\\/\\\/www.bremax.de\\\/wp-content\\\/uploads\\\/2025\\\/09\\\/cropped-Logo_BREMAX_Gross_transp-3.png\",\"contentUrl\":\"https:\\\/\\\/www.bremax.de\\\/wp-content\\\/uploads\\\/2025\\\/09\\\/cropped-Logo_BREMAX_Gross_transp-3.png\",\"width\":1000,\"height\":285,\"caption\":\"BREMAX\"},\"image\":{\"@id\":\"https:\\\/\\\/www.bremax.de\\\/#\\\/schema\\\/logo\\\/image\\\/\"},\"sameAs\":[\"https:\\\/\\\/www.facebook.com\\\/CemastirGermany\\\/\"]}]}<\/script>\n<!-- \/ Yoast SEO plugin. -->","yoast_head_json":{"title":"Aftryk - BREMAX","robots":{"index":"index","follow":"follow","max-snippet":"max-snippet:-1","max-image-preview":"max-image-preview:large","max-video-preview":"max-video-preview:-1"},"canonical":"https:\/\/www.bremax.de\/da\/aftryk\/","og_locale":"da_DK","og_type":"article","og_title":"Impressum - BREMAX","og_description":"Impressum BREMAX GmbHRobert-Bosch-Str. 349393 Lohne Gesch\u00e4ftsf\u00fchrer\u00a0|\u00a0CEO | InhaberChristian Mahnken info@bremax.deTel +49 (0) 4442 \u2013 955 99 80Fax +49 (0) 4442 \u2013 955 99 89 www.bremax.de Registergericht Oldenburg \u2013 HRB 217305 Ust. IdNr.: DE314909831 Fotografie: BREMAX GmbH Haftungsausschluss, Urheberrecht Die auf diesen Internetseiten angebotenen und dargestellten Inhalte d\u00fcrfen ohne vorherige schriftliche Genehmigung durch die BREMAX GmbH [&hellip;]","og_url":"https:\/\/www.bremax.de\/da\/aftryk\/","og_site_name":"BREMAX","article_publisher":"https:\/\/www.facebook.com\/CemastirGermany\/","article_modified_time":"2026-04-15T16:46:38+00:00","twitter_card":"summary_large_image","twitter_misc":{"Estimeret l\u00e6setid":"3 minutter"},"schema":{"@context":"https:\/\/schema.org","@graph":[{"@type":"WebPage","@id":"https:\/\/www.bremax.de\/impressum\/","url":"https:\/\/www.bremax.de\/impressum\/","name":"Aftryk - BREMAX","isPartOf":{"@id":"https:\/\/www.bremax.de\/#website"},"datePublished":"2017-12-08T11:12:02+00:00","dateModified":"2026-04-15T16:46:38+00:00","breadcrumb":{"@id":"https:\/\/www.bremax.de\/impressum\/#breadcrumb"},"inLanguage":"da-DK","potentialAction":[{"@type":"ReadAction","target":["https:\/\/www.bremax.de\/impressum\/"]}]},{"@type":"BreadcrumbList","@id":"https:\/\/www.bremax.de\/impressum\/#breadcrumb","itemListElement":[{"@type":"ListItem","position":1,"name":"Startseite","item":"https:\/\/www.bremax.de\/"},{"@type":"ListItem","position":2,"name":"Impressum"}]},{"@type":"WebSite","@id":"https:\/\/www.bremax.de\/#website","url":"https:\/\/www.bremax.de\/","name":"BREMAX","description":"","publisher":{"@id":"https:\/\/www.bremax.de\/#organization"},"potentialAction":[{"@type":"SearchAction","target":{"@type":"EntryPoint","urlTemplate":"https:\/\/www.bremax.de\/?s={search_term_string}"},"query-input":{"@type":"PropertyValueSpecification","valueRequired":true,"valueName":"search_term_string"}}],"inLanguage":"da-DK"},{"@type":"Organization","@id":"https:\/\/www.bremax.de\/#organization","name":"BREMAX","url":"https:\/\/www.bremax.de\/","logo":{"@type":"ImageObject","inLanguage":"da-DK","@id":"https:\/\/www.bremax.de\/#\/schema\/logo\/image\/","url":"https:\/\/www.bremax.de\/wp-content\/uploads\/2025\/09\/cropped-Logo_BREMAX_Gross_transp-3.png","contentUrl":"https:\/\/www.bremax.de\/wp-content\/uploads\/2025\/09\/cropped-Logo_BREMAX_Gross_transp-3.png","width":1000,"height":285,"caption":"BREMAX"},"image":{"@id":"https:\/\/www.bremax.de\/#\/schema\/logo\/image\/"},"sameAs":["https:\/\/www.facebook.com\/CemastirGermany\/"]}]}},"_links":{"self":[{"href":"https:\/\/www.bremax.de\/da\/wp-json\/wp\/v2\/pages\/3086","targetHints":{"allow":["GET"]}}],"collection":[{"href":"https:\/\/www.bremax.de\/da\/wp-json\/wp\/v2\/pages"}],"about":[{"href":"https:\/\/www.bremax.de\/da\/wp-json\/wp\/v2\/types\/page"}],"author":[{"embeddable":true,"href":"https:\/\/www.bremax.de\/da\/wp-json\/wp\/v2\/users\/3"}],"replies":[{"embeddable":true,"href":"https:\/\/www.bremax.de\/da\/wp-json\/wp\/v2\/comments?post=3086"}],"version-history":[{"count":19,"href":"https:\/\/www.bremax.de\/da\/wp-json\/wp\/v2\/pages\/3086\/revisions"}],"predecessor-version":[{"id":13969,"href":"https:\/\/www.bremax.de\/da\/wp-json\/wp\/v2\/pages\/3086\/revisions\/13969"}],"wp:attachment":[{"href":"https:\/\/www.bremax.de\/da\/wp-json\/wp\/v2\/media?parent=3086"}],"curies":[{"name":"wp","href":"https:\/\/api.w.org\/{rel}","templated":true}]}}