{"id":3095,"date":"2017-12-08T12:13:42","date_gmt":"2017-12-08T11:13:42","guid":{"rendered":"http:\/\/www.cemastir.de\/?page_id=3095"},"modified":"2025-11-27T08:13:22","modified_gmt":"2025-11-27T07:13:22","slug":"ochrana-udaju","status":"publish","type":"page","link":"https:\/\/www.bremax.de\/cs\/datenschutz\/","title":{"rendered":"Ochrana \u00fadaj\u016f"},"content":{"rendered":"<div data-elementor-type=\"wp-page\" data-elementor-id=\"3095\" class=\"elementor elementor-3095\" data-elementor-post-type=\"page\">\n\t\t\t\t<div class=\"elementor-element elementor-element-65bc90d e-flex e-con-boxed e-con e-parent\" data-id=\"65bc90d\" data-element_type=\"container\" data-e-type=\"container\" data-settings=\"{&quot;background_background&quot;:&quot;classic&quot;}\">\n\t\t\t\t\t<div class=\"e-con-inner\">\n\t\t<div class=\"elementor-element elementor-element-977f548 e-con-full e-flex e-con e-child\" data-id=\"977f548\" data-element_type=\"container\" data-e-type=\"container\">\n\t\t\t\t<div class=\"elementor-element elementor-element-bef9f69 elementor-widget-laptop__width-initial elementor-widget elementor-widget-heading\" data-id=\"bef9f69\" data-element_type=\"widget\" data-e-type=\"widget\" data-widget_type=\"heading.default\">\n\t\t\t\t\t<h1 class=\"elementor-heading-title elementor-size-default\">Ochrana \u00fadaj\u016f<\/h1>\t\t\t\t<\/div>\n\t\t\t\t<\/div>\n\t\t\t\t\t<\/div>\n\t\t\t\t<\/div>\n\t\t<div class=\"elementor-element elementor-element-5a42353 e-flex e-con-boxed e-con e-parent\" data-id=\"5a42353\" data-element_type=\"container\" data-e-type=\"container\">\n\t\t\t\t\t<div class=\"e-con-inner\">\n\t\t\t\t<div class=\"elementor-element elementor-element-0018977 elementor-widget elementor-widget-heading\" data-id=\"0018977\" data-element_type=\"widget\" data-e-type=\"widget\" data-widget_type=\"heading.default\">\n\t\t\t\t\t<span class=\"elementor-heading-title elementor-size-default\">Pou\u017e\u00edv\u00e1n\u00ed slu\u017eby Google Analytics\n\n\n<\/span>\t\t\t\t<\/div>\n\t\t\t\t<div class=\"elementor-element elementor-element-5792e38 elementor-widget elementor-widget-text-editor\" data-id=\"5792e38\" data-element_type=\"widget\" data-e-type=\"widget\" data-widget_type=\"text-editor.default\">\n\t\t\t\t\t\t\t\t\tTyto webov\u00e9 str\u00e1nky pou\u017e\u00edvaj\u00ed slu\u017ebu Google Analytics, kterou poskytuje spole\u010dnost Google Inc (\u201eGoogle\u201c). Slu\u017eba Google Analytics pou\u017e\u00edv\u00e1 \u201ecookies\u201c, co\u017e jsou textov\u00e9 soubory um\u00edst\u011bn\u00e9 na va\u0161em po\u010d\u00edta\u010di, kter\u00e9 pom\u00e1haj\u00ed webov\u00e9 str\u00e1nce analyzovat, jak u\u017eivatel\u00e9 str\u00e1nky pou\u017e\u00edvaj\u00ed. Informace vygenerovan\u00e9 souborem cookie o va\u0161em pou\u017e\u00edv\u00e1n\u00ed t\u00e9to webov\u00e9 str\u00e1nky se obvykle p\u0159en\u00e1\u0161ej\u00ed na server spole\u010dnosti Google v USA a tam se ukl\u00e1daj\u00ed. Pokud je v\u0161ak na t\u011bchto webov\u00fdch str\u00e1nk\u00e1ch aktivov\u00e1na anonymizace IP (bylo provedeno; pozn\u00e1mka provozovatele), bude va\u0161e IP adresa nejprve zkr\u00e1cena spole\u010dnost\u00ed Google v \u010dlensk\u00fdch st\u00e1tech Evropsk\u00e9 unie nebo v jin\u00fdch signat\u00e1\u0159sk\u00fdch st\u00e1tech Dohody o Evropsk\u00e9m hospod\u00e1\u0159sk\u00e9m prostoru. Pouze ve v\u00fdjime\u010dn\u00fdch p\u0159\u00edpadech bude cel\u00e1 IP adresa p\u0159enesena na server spole\u010dnosti Google v USA a zkr\u00e1cena tam. Z pov\u011b\u0159en\u00ed provozovatele t\u011bchto webov\u00fdch str\u00e1nek bude spole\u010dnost Google tyto informace pou\u017e\u00edvat k anal\u00fdze va\u0161eho pou\u017e\u00edv\u00e1n\u00ed webov\u00fdch str\u00e1nek, k sestavov\u00e1n\u00ed zpr\u00e1v o \u010dinnosti na webov\u00fdch str\u00e1nk\u00e1ch a k poskytov\u00e1n\u00ed dal\u0161\u00edch slu\u017eeb souvisej\u00edc\u00edch s \u010dinnost\u00ed na webov\u00fdch str\u00e1nk\u00e1ch a pou\u017e\u00edv\u00e1n\u00edm internetu provozovateli webov\u00fdch str\u00e1nek. IP adresa p\u0159edan\u00e1 va\u0161\u00edm prohl\u00ed\u017ee\u010dem v r\u00e1mci slu\u017eby Google Analytics nebude slou\u010dena s jin\u00fdmi \u00fadaji spole\u010dnosti Google. Pou\u017e\u00edv\u00e1n\u00ed soubor\u016f cookie m\u016f\u017eete odm\u00edtnout v\u00fdb\u011brem p\u0159\u00edslu\u0161n\u00e9ho nastaven\u00ed ve sv\u00e9m prohl\u00ed\u017ee\u010di, av\u0161ak upozor\u0148ujeme, \u017ee v takov\u00e9m p\u0159\u00edpad\u011b nebudete moci vyu\u017e\u00edvat v\u0161echny funkce t\u00e9to webov\u00e9 str\u00e1nky. M\u016f\u017eete tak\u00e9 zabr\u00e1nit tomu, aby spole\u010dnost Google shroma\u017e\u010fovala \u00fadaje generovan\u00e9 souborem cookie a souvisej\u00edc\u00ed s va\u0161\u00edm pou\u017e\u00edv\u00e1n\u00edm webov\u00fdch str\u00e1nek (v\u010detn\u011b va\u0161\u00ed IP adresy) a aby spole\u010dnost Google tyto \u00fadaje zpracov\u00e1vala, a to tak, \u017ee si st\u00e1hnete a nainstalujete z\u00e1suvn\u00fd modul prohl\u00ed\u017ee\u010de, kter\u00fd je k dispozici na n\u00e1sleduj\u00edc\u00edm odkazu.\n\n\t\t\t\t\t\t\t\t<\/div>\n\t\t\t\t<div class=\"elementor-element elementor-element-c5d0ab0 elementor-widget elementor-widget-heading\" data-id=\"c5d0ab0\" data-element_type=\"widget\" data-e-type=\"widget\" data-widget_type=\"heading.default\">\n\t\t\t\t\t<span class=\"elementor-heading-title elementor-size-default\">Kontaktn\u00ed formul\u00e1\u0159 \/ dotazy\n\n\n<\/span>\t\t\t\t<\/div>\n\t\t\t\t<div class=\"elementor-element elementor-element-735fabb elementor-widget elementor-widget-text-editor\" data-id=\"735fabb\" data-element_type=\"widget\" data-e-type=\"widget\" data-widget_type=\"text-editor.default\">\n\t\t\t\t\t\t\t\t\t<p>Z\u00e1sady ochrany osobn\u00edch \u00fadaj\u016f ( DSGVO ): Pokud n\u00e1m za\u0161lete dotaz prost\u0159ednictv\u00edm kontaktn\u00edho formul\u00e1\u0159e, budou va\u0161e \u00fadaje z dotazovac\u00edho formul\u00e1\u0159e ulo\u017eeny pro \u00fa\u010dely zpracov\u00e1n\u00ed dotazu a v p\u0159\u00edpad\u011b dal\u0161\u00edch dotaz\u016f. Tyto \u00fadaje nebudeme p\u0159ed\u00e1vat d\u00e1le bez va\u0161eho souhlasu. \u00dadaje zadan\u00e9 v kontaktn\u00edm formul\u00e1\u0159i jsou tedy zpracov\u00e1v\u00e1ny v\u00fdhradn\u011b na z\u00e1klad\u011b va\u0161eho souhlasu (\u010dl. 6 odst. 1 p\u00edsm. a GDPR). Tento souhlas m\u016f\u017eete kdykoli odvolat. Sta\u010d\u00ed, kdy\u017e za\u0161lete neform\u00e1ln\u00ed e-mail na adresu info@bremax.de. Z\u00e1konnost operac\u00ed zpracov\u00e1n\u00ed \u00fadaj\u016f proveden\u00fdch do odvol\u00e1n\u00ed z\u016fst\u00e1v\u00e1 odvol\u00e1n\u00edm nedot\u010dena. \u00dadaje, kter\u00e9 n\u00e1m poskytnete v kontaktn\u00edm formul\u00e1\u0159i, budeme uchov\u00e1vat, dokud nepo\u017e\u00e1d\u00e1te o jejich vymaz\u00e1n\u00ed, neodvol\u00e1te souhlas s jejich ulo\u017een\u00edm nebo dokud nezanikne \u00fa\u010del jejich ulo\u017een\u00ed (nap\u0159. po vy\u0159\u00edzen\u00ed va\u0161\u00ed \u017e\u00e1dosti). Z\u00e1vazn\u00e1 z\u00e1konn\u00e1 ustanoven\u00ed - zejm\u00e9na doby uchov\u00e1v\u00e1n\u00ed - z\u016fst\u00e1vaj\u00ed nedot\u010dena.<\/p>\t\t\t\t\t\t\t\t<\/div>\n\t\t\t\t<div class=\"elementor-element elementor-element-cfab3bf elementor-widget elementor-widget-heading\" data-id=\"cfab3bf\" data-element_type=\"widget\" data-e-type=\"widget\" data-widget_type=\"heading.default\">\n\t\t\t\t\t<span class=\"elementor-heading-title elementor-size-default\">Z\u0159eknut\u00ed se odpov\u011bdnosti \/ Pozn\u00e1mka k problematice extern\u00edch odkaz\u016f\n\n\n\n<\/span>\t\t\t\t<\/div>\n\t\t\t\t<div class=\"elementor-element elementor-element-d3d5efd elementor-widget elementor-widget-text-editor\" data-id=\"d3d5efd\" data-element_type=\"widget\" data-e-type=\"widget\" data-widget_type=\"text-editor.default\">\n\t\t\t\t\t\t\t\t\t<p>Spole\u010dnost BREMAX GmbH je jako poskytovatel obsahu odpov\u011bdn\u00e1 za sv\u016fj \u201evlastn\u00ed obsah\u201c, kter\u00fd poskytuje k pou\u017eit\u00ed v souladu s \u00a7 6 odst. 1 Smlouvy o mezist\u00e1tn\u00edch medi\u00e1ln\u00edch slu\u017eb\u00e1ch a obecn\u00fdmi pr\u00e1vn\u00edmi p\u0159edpisy. Tento vlastn\u00ed obsah je t\u0159eba odli\u0161ovat od k\u0159\u00ed\u017eov\u00fdch odkaz\u016f (\u201elink\u016f\u201c) na obsah poskytovan\u00fd jin\u00fdmi poskytovateli. Prost\u0159ednictv\u00edm k\u0159\u00ed\u017eov\u00e9ho odkazu spole\u010dnost BREMAX GmbH zp\u0159\u00edstup\u0148uje k u\u017e\u00edv\u00e1n\u00ed \u201eobsah t\u0159et\u00edch stran\u201c, kter\u00fd je takto ozna\u010den:<\/p><p>Odkazy\u201e jsou v\u017edy \u201c\u017eiv\u00e9\u201e (dynamick\u00e9) odkazy. Spole\u010dnost BREMAX GmbH p\u0159i prvn\u00edm vytvo\u0159en\u00ed odkazu zkontrolovala extern\u00ed obsah z hlediska mo\u017en\u00e9 ob\u010danskopr\u00e1vn\u00ed nebo trestn\u011bpr\u00e1vn\u00ed odpov\u011bdnosti. Obsah, na kter\u00fd odkazuje na sv\u00fdch webov\u00fdch str\u00e1nk\u00e1ch, v\u0161ak nekontroluje pr\u016fb\u011b\u017en\u011b, zda nedo\u0161lo ke zm\u011bn\u00e1m, kter\u00e9 by mohly v\u00e9st ke vzniku nov\u00e9 odpov\u011bdnosti. Pokud zjist\u00ed nebo je jin\u00fdmi osobami informov\u00e1na, \u017ee konkr\u00e9tn\u00ed nab\u00eddka, na kterou poskytla odkaz, zakl\u00e1d\u00e1 ob\u010danskopr\u00e1vn\u00ed nebo trestn\u011bpr\u00e1vn\u00ed odpov\u011bdnost, odkaz na tuto nab\u00eddku odstran\u00ed.<\/p>\t\t\t\t\t\t\t\t<\/div>\n\t\t\t\t\t<\/div>\n\t\t\t\t<\/div>\n\t\t\t\t<\/div>","protected":false},"excerpt":{"rendered":"<p>Datenschutz Verwendung von Google Analytics Diese Website benutzt Google Analytics, einen Webanalysedienst der Google Inc. (\u201eGoogle\u201c). Google Analytics verwendet sog. \u201eCookies\u201c, Textdateien, die auf Ihrem Computer gespeichert werden und die eine Analyse der Benutzung der Website durch Sie erm\u00f6glichen. Die durch den Cookie erzeugten Informationen \u00fcber Ihre Benutzung dieser Website werden in der Regel an [&hellip;]<\/p>\n","protected":false},"author":3,"featured_media":0,"parent":0,"menu_order":0,"comment_status":"closed","ping_status":"closed","template":"","meta":{"footnotes":""},"class_list":["post-3095","page","type-page","status-publish","hentry"],"yoast_head":"<!-- This site is optimized with the Yoast SEO plugin v27.4 - https:\/\/yoast.com\/product\/yoast-seo-wordpress\/ -->\n<title>Datenschutz - BREMAX<\/title>\n<meta name=\"robots\" content=\"index, follow, max-snippet:-1, max-image-preview:large, max-video-preview:-1\" \/>\n<link rel=\"canonical\" href=\"https:\/\/www.bremax.de\/cs\/ochrana-udaju\/\" \/>\n<meta property=\"og:locale\" content=\"cs_CZ\" \/>\n<meta property=\"og:type\" content=\"article\" \/>\n<meta property=\"og:title\" content=\"Datenschutz - BREMAX\" \/>\n<meta property=\"og:description\" content=\"Datenschutz Verwendung von Google Analytics Diese Website benutzt Google Analytics, einen Webanalysedienst der Google Inc. (\u201eGoogle\u201c). Google Analytics verwendet sog. \u201eCookies\u201c, Textdateien, die auf Ihrem Computer gespeichert werden und die eine Analyse der Benutzung der Website durch Sie erm\u00f6glichen. Die durch den Cookie erzeugten Informationen \u00fcber Ihre Benutzung dieser Website werden in der Regel an [&hellip;]\" \/>\n<meta property=\"og:url\" content=\"https:\/\/www.bremax.de\/cs\/ochrana-udaju\/\" \/>\n<meta property=\"og:site_name\" content=\"BREMAX\" \/>\n<meta property=\"article:publisher\" content=\"https:\/\/www.facebook.com\/CemastirGermany\/\" \/>\n<meta property=\"article:modified_time\" content=\"2025-11-27T07:13:22+00:00\" \/>\n<meta name=\"twitter:card\" content=\"summary_large_image\" \/>\n<meta name=\"twitter:label1\" content=\"Odhadovan\u00e1 doba \u010dten\u00ed\" \/>\n\t<meta name=\"twitter:data1\" content=\"4 minuty\" \/>\n<script type=\"application\/ld+json\" class=\"yoast-schema-graph\">{\"@context\":\"https:\\\/\\\/schema.org\",\"@graph\":[{\"@type\":\"WebPage\",\"@id\":\"https:\\\/\\\/www.bremax.de\\\/datenschutz\\\/\",\"url\":\"https:\\\/\\\/www.bremax.de\\\/datenschutz\\\/\",\"name\":\"Datenschutz - BREMAX\",\"isPartOf\":{\"@id\":\"https:\\\/\\\/www.bremax.de\\\/#website\"},\"datePublished\":\"2017-12-08T11:13:42+00:00\",\"dateModified\":\"2025-11-27T07:13:22+00:00\",\"breadcrumb\":{\"@id\":\"https:\\\/\\\/www.bremax.de\\\/datenschutz\\\/#breadcrumb\"},\"inLanguage\":\"cs\",\"potentialAction\":[{\"@type\":\"ReadAction\",\"target\":[\"https:\\\/\\\/www.bremax.de\\\/datenschutz\\\/\"]}]},{\"@type\":\"BreadcrumbList\",\"@id\":\"https:\\\/\\\/www.bremax.de\\\/datenschutz\\\/#breadcrumb\",\"itemListElement\":[{\"@type\":\"ListItem\",\"position\":1,\"name\":\"Startseite\",\"item\":\"https:\\\/\\\/www.bremax.de\\\/\"},{\"@type\":\"ListItem\",\"position\":2,\"name\":\"Datenschutz\"}]},{\"@type\":\"WebSite\",\"@id\":\"https:\\\/\\\/www.bremax.de\\\/#website\",\"url\":\"https:\\\/\\\/www.bremax.de\\\/\",\"name\":\"BREMAX\",\"description\":\"\",\"publisher\":{\"@id\":\"https:\\\/\\\/www.bremax.de\\\/#organization\"},\"potentialAction\":[{\"@type\":\"SearchAction\",\"target\":{\"@type\":\"EntryPoint\",\"urlTemplate\":\"https:\\\/\\\/www.bremax.de\\\/?s={search_term_string}\"},\"query-input\":{\"@type\":\"PropertyValueSpecification\",\"valueRequired\":true,\"valueName\":\"search_term_string\"}}],\"inLanguage\":\"cs\"},{\"@type\":\"Organization\",\"@id\":\"https:\\\/\\\/www.bremax.de\\\/#organization\",\"name\":\"BREMAX\",\"url\":\"https:\\\/\\\/www.bremax.de\\\/\",\"logo\":{\"@type\":\"ImageObject\",\"inLanguage\":\"cs\",\"@id\":\"https:\\\/\\\/www.bremax.de\\\/#\\\/schema\\\/logo\\\/image\\\/\",\"url\":\"https:\\\/\\\/www.bremax.de\\\/wp-content\\\/uploads\\\/2025\\\/09\\\/cropped-Logo_BREMAX_Gross_transp-3.png\",\"contentUrl\":\"https:\\\/\\\/www.bremax.de\\\/wp-content\\\/uploads\\\/2025\\\/09\\\/cropped-Logo_BREMAX_Gross_transp-3.png\",\"width\":1000,\"height\":285,\"caption\":\"BREMAX\"},\"image\":{\"@id\":\"https:\\\/\\\/www.bremax.de\\\/#\\\/schema\\\/logo\\\/image\\\/\"},\"sameAs\":[\"https:\\\/\\\/www.facebook.com\\\/CemastirGermany\\\/\"]}]}<\/script>\n<!-- \/ Yoast SEO plugin. -->","yoast_head_json":{"title":"Ochrana \u00fadaj\u016f - BREMAX","robots":{"index":"index","follow":"follow","max-snippet":"max-snippet:-1","max-image-preview":"max-image-preview:large","max-video-preview":"max-video-preview:-1"},"canonical":"https:\/\/www.bremax.de\/cs\/ochrana-udaju\/","og_locale":"cs_CZ","og_type":"article","og_title":"Datenschutz - BREMAX","og_description":"Datenschutz Verwendung von Google Analytics Diese Website benutzt Google Analytics, einen Webanalysedienst der Google Inc. (\u201eGoogle\u201c). Google Analytics verwendet sog. \u201eCookies\u201c, Textdateien, die auf Ihrem Computer gespeichert werden und die eine Analyse der Benutzung der Website durch Sie erm\u00f6glichen. Die durch den Cookie erzeugten Informationen \u00fcber Ihre Benutzung dieser Website werden in der Regel an [&hellip;]","og_url":"https:\/\/www.bremax.de\/cs\/ochrana-udaju\/","og_site_name":"BREMAX","article_publisher":"https:\/\/www.facebook.com\/CemastirGermany\/","article_modified_time":"2025-11-27T07:13:22+00:00","twitter_card":"summary_large_image","twitter_misc":{"Odhadovan\u00e1 doba \u010dten\u00ed":"4 minuty"},"schema":{"@context":"https:\/\/schema.org","@graph":[{"@type":"WebPage","@id":"https:\/\/www.bremax.de\/datenschutz\/","url":"https:\/\/www.bremax.de\/datenschutz\/","name":"Ochrana \u00fadaj\u016f - BREMAX","isPartOf":{"@id":"https:\/\/www.bremax.de\/#website"},"datePublished":"2017-12-08T11:13:42+00:00","dateModified":"2025-11-27T07:13:22+00:00","breadcrumb":{"@id":"https:\/\/www.bremax.de\/datenschutz\/#breadcrumb"},"inLanguage":"cs","potentialAction":[{"@type":"ReadAction","target":["https:\/\/www.bremax.de\/datenschutz\/"]}]},{"@type":"BreadcrumbList","@id":"https:\/\/www.bremax.de\/datenschutz\/#breadcrumb","itemListElement":[{"@type":"ListItem","position":1,"name":"Startseite","item":"https:\/\/www.bremax.de\/"},{"@type":"ListItem","position":2,"name":"Datenschutz"}]},{"@type":"WebSite","@id":"https:\/\/www.bremax.de\/#website","url":"https:\/\/www.bremax.de\/","name":"BREMAX","description":"","publisher":{"@id":"https:\/\/www.bremax.de\/#organization"},"potentialAction":[{"@type":"SearchAction","target":{"@type":"EntryPoint","urlTemplate":"https:\/\/www.bremax.de\/?s={search_term_string}"},"query-input":{"@type":"PropertyValueSpecification","valueRequired":true,"valueName":"search_term_string"}}],"inLanguage":"cs"},{"@type":"Organization","@id":"https:\/\/www.bremax.de\/#organization","name":"BREMAX","url":"https:\/\/www.bremax.de\/","logo":{"@type":"ImageObject","inLanguage":"cs","@id":"https:\/\/www.bremax.de\/#\/schema\/logo\/image\/","url":"https:\/\/www.bremax.de\/wp-content\/uploads\/2025\/09\/cropped-Logo_BREMAX_Gross_transp-3.png","contentUrl":"https:\/\/www.bremax.de\/wp-content\/uploads\/2025\/09\/cropped-Logo_BREMAX_Gross_transp-3.png","width":1000,"height":285,"caption":"BREMAX"},"image":{"@id":"https:\/\/www.bremax.de\/#\/schema\/logo\/image\/"},"sameAs":["https:\/\/www.facebook.com\/CemastirGermany\/"]}]}},"_links":{"self":[{"href":"https:\/\/www.bremax.de\/cs\/wp-json\/wp\/v2\/pages\/3095","targetHints":{"allow":["GET"]}}],"collection":[{"href":"https:\/\/www.bremax.de\/cs\/wp-json\/wp\/v2\/pages"}],"about":[{"href":"https:\/\/www.bremax.de\/cs\/wp-json\/wp\/v2\/types\/page"}],"author":[{"embeddable":true,"href":"https:\/\/www.bremax.de\/cs\/wp-json\/wp\/v2\/users\/3"}],"replies":[{"embeddable":true,"href":"https:\/\/www.bremax.de\/cs\/wp-json\/wp\/v2\/comments?post=3095"}],"version-history":[{"count":16,"href":"https:\/\/www.bremax.de\/cs\/wp-json\/wp\/v2\/pages\/3095\/revisions"}],"predecessor-version":[{"id":13691,"href":"https:\/\/www.bremax.de\/cs\/wp-json\/wp\/v2\/pages\/3095\/revisions\/13691"}],"wp:attachment":[{"href":"https:\/\/www.bremax.de\/cs\/wp-json\/wp\/v2\/media?parent=3095"}],"curies":[{"name":"wp","href":"https:\/\/api.w.org\/{rel}","templated":true}]}}