{"id":3086,"date":"2017-12-08T12:12:02","date_gmt":"2017-12-08T11:12:02","guid":{"rendered":"http:\/\/www.cemastir.de\/?page_id=3086"},"modified":"2026-04-15T18:46:38","modified_gmt":"2026-04-15T16:46:38","slug":"otisk","status":"publish","type":"page","link":"https:\/\/www.bremax.de\/cs\/impressum\/","title":{"rendered":"Otisk"},"content":{"rendered":"<div data-elementor-type=\"wp-page\" data-elementor-id=\"3086\" class=\"elementor elementor-3086\" data-elementor-post-type=\"page\">\n\t\t\t\t<div class=\"elementor-element elementor-element-878e5e7 e-flex e-con-boxed e-con e-parent\" data-id=\"878e5e7\" data-element_type=\"container\" data-e-type=\"container\" data-settings=\"{&quot;background_background&quot;:&quot;classic&quot;}\">\n\t\t\t\t\t<div class=\"e-con-inner\">\n\t\t<div class=\"elementor-element elementor-element-f9fd590 e-con-full e-flex e-con e-child\" data-id=\"f9fd590\" data-element_type=\"container\" data-e-type=\"container\">\n\t\t\t\t<div class=\"elementor-element elementor-element-9818d9c elementor-widget-laptop__width-initial elementor-widget elementor-widget-heading\" data-id=\"9818d9c\" data-element_type=\"widget\" data-e-type=\"widget\" data-widget_type=\"heading.default\">\n\t\t\t\t\t<h1 class=\"elementor-heading-title elementor-size-default\">Otisk<\/h1>\t\t\t\t<\/div>\n\t\t\t\t<\/div>\n\t\t\t\t\t<\/div>\n\t\t\t\t<\/div>\n\t\t<div class=\"elementor-element elementor-element-951a2ff e-flex e-con-boxed e-con e-parent\" data-id=\"951a2ff\" data-element_type=\"container\" data-e-type=\"container\">\n\t\t\t\t\t<div class=\"e-con-inner\">\n\t\t\t\t<div class=\"elementor-element elementor-element-994884c elementor-widget elementor-widget-text-editor\" data-id=\"994884c\" data-element_type=\"widget\" data-e-type=\"widget\" data-widget_type=\"text-editor.default\">\n\t\t\t\t\t\t\t\t\t<p><span class=\"s1\"><b>BREMAX GmbH<\/b><\/span><br \/><b>Robert-Bosch-Str. 3<\/b><br \/><span class=\"s1\"><b>49393 Lohne<\/b><\/span><\/p><p class=\"p2\"><span class=\"s1\">Jednatel | Gener\u00e1ln\u00ed \u0159editel | Majitel<br \/>Christian Mahnken<i><br \/><\/i><\/span><\/p><p class=\"p4\"><span class=\"s2\"><span class=\"s3\"><a href=\"mailto:info@bremax.de\">info@bremax.de<br \/><\/a><\/span><\/span>Tel +49 (0) 4442 - 955 99 80<br \/>Fax +49 (0) 4442 - 955 99 89<\/p><p class=\"p4\"><a href=\"https:\/\/www.bremax.de\/cs\/\">www.bremax.de<\/a><\/p><p class=\"p5\">Rejst\u0159\u00edkov\u00fd soud Oldenburg - HRB 217305<\/p><p>DPH. IdNr.: DE314909831<\/p><p>Fotografie: BREMAX GmbH<\/p>\t\t\t\t\t\t\t\t<\/div>\n\t\t\t\t<div class=\"elementor-element elementor-element-54c6b08 elementor-widget elementor-widget-heading\" data-id=\"54c6b08\" data-element_type=\"widget\" data-e-type=\"widget\" data-widget_type=\"heading.default\">\n\t\t\t\t\t<span class=\"elementor-heading-title elementor-size-default\">Z\u0159eknut\u00ed se odpov\u011bdnosti, autorsk\u00e1 pr\u00e1va\n\n\n<\/span>\t\t\t\t<\/div>\n\t\t\t\t<div class=\"elementor-element elementor-element-8bc3b89 elementor-widget elementor-widget-text-editor\" data-id=\"8bc3b89\" data-element_type=\"widget\" data-e-type=\"widget\" data-widget_type=\"text-editor.default\">\n\t\t\t\t\t\t\t\t\t<p><span class=\"\">Obsah nab\u00edzen\u00fd a zobrazovan\u00fd na t\u011bchto internetov\u00fdch str\u00e1nk\u00e1ch nesm\u00ed b\u00fdt ukl\u00e1d\u00e1n, kop\u00edrov\u00e1n nebo p\u0159ed\u00e1v\u00e1n d\u00e1l, a to ani jako celek, ani po \u010d\u00e1stech, bez p\u0159edchoz\u00edho p\u00edsemn\u00e9ho souhlasu spole\u010dnosti BREMAX GmbH. Grafika, kresby a fotografie pou\u017eit\u00e9 na internetov\u00fdch str\u00e1nk\u00e1ch podl\u00e9haj\u00ed autorsk\u00fdm pr\u00e1v\u016fm spole\u010dnosti BREMAX GmbH, autora nebo p\u0159\u00edslu\u0161n\u00e9 fotografick\u00e9 agentury. P\u0159es ve\u0161kerou snahu o zaji\u0161t\u011bn\u00ed konzistence, <\/span><span class=\"\">Spr\u00e1vnost<\/span>\u00a0a<span class=\"\"> Spole\u010dnost BREMAX GmbH nenese \u017e\u00e1dnou odpov\u011bdnost za \u00faplnost informac\u00ed uveden\u00fdch na t\u011bchto webov\u00fdch str\u00e1nk\u00e1ch.<\/span><br class=\"\" \/><br class=\"\" \/><span class=\"\">Tyto internetov\u00e9 str\u00e1nky obsahuj\u00ed velk\u00e9 mno\u017estv\u00ed tzv. hypertextov\u00fdch odkaz\u016f (referenc\u00ed) na jin\u00e9 internetov\u00e9 str\u00e1nky a slu\u017eby, kter\u00e9 nejsou provozov\u00e1ny spole\u010dnost\u00ed BREMAX GmbH. Spole\u010dnost BREMAX GmbH v \u017e\u00e1dn\u00e9m p\u0159\u00edpad\u011b neodpov\u00edd\u00e1 za obsah t\u011bchto odkazovan\u00fdch str\u00e1nek.<\/span><\/p>\t\t\t\t\t\t\t\t<\/div>\n\t\t\t\t<div class=\"elementor-element elementor-element-5e47a50 elementor-widget elementor-widget-heading\" data-id=\"5e47a50\" data-element_type=\"widget\" data-e-type=\"widget\" data-widget_type=\"heading.default\">\n\t\t\t\t\t<span class=\"elementor-heading-title elementor-size-default\">Google Analytics:<\/span>\t\t\t\t<\/div>\n\t\t\t\t<div class=\"elementor-element elementor-element-9751968 elementor-widget elementor-widget-text-editor\" data-id=\"9751968\" data-element_type=\"widget\" data-e-type=\"widget\" data-widget_type=\"text-editor.default\">\n\t\t\t\t\t\t\t\t\t<p>Tyto webov\u00e9 str\u00e1nky pou\u017e\u00edvaj\u00ed soubory cookie, aby v\u00e1m zajistily co nejlep\u0161\u00ed z\u00e1\u017eitek z na\u0161ich webov\u00fdch str\u00e1nek. Pou\u017e\u00edv\u00e1n\u00edm webov\u00fdch str\u00e1nek souhlas\u00edte s pou\u017e\u00edv\u00e1n\u00edm soubor\u016f cookie.<\/p><p>\u201eTyto webov\u00e9 str\u00e1nky pou\u017e\u00edvaj\u00ed slu\u017ebu Google Analytics, kterou poskytuje spole\u010dnost Google, Inc (\u201cGoogle\u201d). Slu\u017eba Google Analytics pou\u017e\u00edv\u00e1 \u201ccookies\u201d, co\u017e jsou textov\u00e9 soubory um\u00edst\u011bn\u00e9 na va\u0161em po\u010d\u00edta\u010di, kter\u00e9 pom\u00e1haj\u00ed webov\u00e9 str\u00e1nce analyzovat, jak u\u017eivatel\u00e9 str\u00e1nky pou\u017e\u00edvaj\u00ed. Informace vygenerovan\u00e9 souborem cookie o va\u0161em pou\u017e\u00edv\u00e1n\u00ed webov\u00fdch str\u00e1nek (v\u010detn\u011b va\u0161\u00ed IP adresy) budou p\u0159eneseny a ulo\u017eeny spole\u010dnost\u00ed Google na serverech ve Spojen\u00fdch st\u00e1tech. V p\u0159\u00edpad\u011b aktivace anonymizace IP adresy bude spole\u010dnost Google zkracovat\/anonymizovat posledn\u00ed oktet IP adresy pro \u010dlensk\u00e9 st\u00e1ty Evropsk\u00e9 unie i pro dal\u0161\u00ed smluvn\u00ed strany Dohody o Evropsk\u00e9m hospod\u00e1\u0159sk\u00e9m prostoru. Pouze ve v\u00fdjime\u010dn\u00fdch p\u0159\u00edpadech je cel\u00e1 IP adresa odesl\u00e1na a zkr\u00e1cena servery spole\u010dnosti Google v USA. Z pov\u011b\u0159en\u00ed provozovatele webov\u00fdch str\u00e1nek bude spole\u010dnost Google tyto informace pou\u017e\u00edvat za \u00fa\u010delem vyhodnocov\u00e1n\u00ed va\u0161eho pou\u017e\u00edv\u00e1n\u00ed webov\u00fdch str\u00e1nek, sestavov\u00e1n\u00ed zpr\u00e1v o aktivit\u011b na webov\u00fdch str\u00e1nk\u00e1ch pro provozovatele webov\u00fdch str\u00e1nek a poskytov\u00e1n\u00ed dal\u0161\u00edch slu\u017eeb souvisej\u00edc\u00edch s aktivitou na webov\u00fdch str\u00e1nk\u00e1ch a pou\u017e\u00edv\u00e1n\u00edm internetu provozovateli webov\u00fdch str\u00e1nek. Spole\u010dnost Google nebude spojovat va\u0161i IP adresu s \u017e\u00e1dn\u00fdmi jin\u00fdmi \u00fadaji, kter\u00e9 m\u00e1 k dispozici. Pou\u017e\u00edv\u00e1n\u00ed soubor\u016f cookie m\u016f\u017eete odm\u00edtnout v\u00fdb\u011brem p\u0159\u00edslu\u0161n\u00e9ho nastaven\u00ed ve sv\u00e9m prohl\u00ed\u017ee\u010di. Upozor\u0148ujeme v\u0161ak, \u017ee pokud tak u\u010din\u00edte, mo\u017en\u00e1 nebudete moci vyu\u017e\u00edvat v\u0161echny funkce t\u011bchto webov\u00fdch str\u00e1nek. Krom\u011b toho m\u016f\u017eete shroma\u017e\u010fov\u00e1n\u00ed a pou\u017e\u00edv\u00e1n\u00ed \u00fadaj\u016f (soubor\u016f cookie a IP adresy) spole\u010dnost\u00ed Google zabr\u00e1nit sta\u017een\u00edm a instalac\u00ed dopl\u0148ku prohl\u00ed\u017ee\u010de, kter\u00fd je k dispozici na adrese tools.google.com\/dlpage\/gaoptout?hl=en-GB.<\/p>\t\t\t\t\t\t\t\t<\/div>\n\t\t\t\t\t<\/div>\n\t\t\t\t<\/div>\n\t\t\t\t<\/div>","protected":false},"excerpt":{"rendered":"<p>Impressum BREMAX GmbHRobert-Bosch-Str. 349393 Lohne Gesch\u00e4ftsf\u00fchrer\u00a0|\u00a0CEO | InhaberChristian Mahnken info@bremax.deTel +49 (0) 4442 \u2013 955 99 80Fax +49 (0) 4442 \u2013 955 99 89 www.bremax.de Registergericht Oldenburg \u2013 HRB 217305 Ust. IdNr.: DE314909831 Fotografie: BREMAX GmbH Haftungsausschluss, Urheberrecht Die auf diesen Internetseiten angebotenen und dargestellten Inhalte d\u00fcrfen ohne vorherige schriftliche Genehmigung durch die BREMAX GmbH [&hellip;]<\/p>\n","protected":false},"author":3,"featured_media":0,"parent":0,"menu_order":0,"comment_status":"closed","ping_status":"closed","template":"","meta":{"footnotes":""},"class_list":["post-3086","page","type-page","status-publish","hentry"],"yoast_head":"<!-- This site is optimized with the Yoast SEO plugin v27.4 - https:\/\/yoast.com\/product\/yoast-seo-wordpress\/ -->\n<title>Impressum - BREMAX<\/title>\n<meta name=\"robots\" content=\"index, follow, max-snippet:-1, max-image-preview:large, max-video-preview:-1\" \/>\n<link rel=\"canonical\" href=\"https:\/\/www.bremax.de\/cs\/otisk\/\" \/>\n<meta property=\"og:locale\" content=\"cs_CZ\" \/>\n<meta property=\"og:type\" content=\"article\" \/>\n<meta property=\"og:title\" content=\"Impressum - BREMAX\" \/>\n<meta property=\"og:description\" content=\"Impressum BREMAX GmbHRobert-Bosch-Str. 349393 Lohne Gesch\u00e4ftsf\u00fchrer\u00a0|\u00a0CEO | InhaberChristian Mahnken info@bremax.deTel +49 (0) 4442 \u2013 955 99 80Fax +49 (0) 4442 \u2013 955 99 89 www.bremax.de Registergericht Oldenburg \u2013 HRB 217305 Ust. IdNr.: DE314909831 Fotografie: BREMAX GmbH Haftungsausschluss, Urheberrecht Die auf diesen Internetseiten angebotenen und dargestellten Inhalte d\u00fcrfen ohne vorherige schriftliche Genehmigung durch die BREMAX GmbH [&hellip;]\" \/>\n<meta property=\"og:url\" content=\"https:\/\/www.bremax.de\/cs\/otisk\/\" \/>\n<meta property=\"og:site_name\" content=\"BREMAX\" \/>\n<meta property=\"article:publisher\" content=\"https:\/\/www.facebook.com\/CemastirGermany\/\" \/>\n<meta property=\"article:modified_time\" content=\"2026-04-15T16:46:38+00:00\" \/>\n<meta name=\"twitter:card\" content=\"summary_large_image\" \/>\n<meta name=\"twitter:label1\" content=\"Odhadovan\u00e1 doba \u010dten\u00ed\" \/>\n\t<meta name=\"twitter:data1\" content=\"3 minuty\" \/>\n<script type=\"application\/ld+json\" class=\"yoast-schema-graph\">{\"@context\":\"https:\\\/\\\/schema.org\",\"@graph\":[{\"@type\":\"WebPage\",\"@id\":\"https:\\\/\\\/www.bremax.de\\\/impressum\\\/\",\"url\":\"https:\\\/\\\/www.bremax.de\\\/impressum\\\/\",\"name\":\"Impressum - BREMAX\",\"isPartOf\":{\"@id\":\"https:\\\/\\\/www.bremax.de\\\/#website\"},\"datePublished\":\"2017-12-08T11:12:02+00:00\",\"dateModified\":\"2026-04-15T16:46:38+00:00\",\"breadcrumb\":{\"@id\":\"https:\\\/\\\/www.bremax.de\\\/impressum\\\/#breadcrumb\"},\"inLanguage\":\"cs\",\"potentialAction\":[{\"@type\":\"ReadAction\",\"target\":[\"https:\\\/\\\/www.bremax.de\\\/impressum\\\/\"]}]},{\"@type\":\"BreadcrumbList\",\"@id\":\"https:\\\/\\\/www.bremax.de\\\/impressum\\\/#breadcrumb\",\"itemListElement\":[{\"@type\":\"ListItem\",\"position\":1,\"name\":\"Startseite\",\"item\":\"https:\\\/\\\/www.bremax.de\\\/\"},{\"@type\":\"ListItem\",\"position\":2,\"name\":\"Impressum\"}]},{\"@type\":\"WebSite\",\"@id\":\"https:\\\/\\\/www.bremax.de\\\/#website\",\"url\":\"https:\\\/\\\/www.bremax.de\\\/\",\"name\":\"BREMAX\",\"description\":\"\",\"publisher\":{\"@id\":\"https:\\\/\\\/www.bremax.de\\\/#organization\"},\"potentialAction\":[{\"@type\":\"SearchAction\",\"target\":{\"@type\":\"EntryPoint\",\"urlTemplate\":\"https:\\\/\\\/www.bremax.de\\\/?s={search_term_string}\"},\"query-input\":{\"@type\":\"PropertyValueSpecification\",\"valueRequired\":true,\"valueName\":\"search_term_string\"}}],\"inLanguage\":\"cs\"},{\"@type\":\"Organization\",\"@id\":\"https:\\\/\\\/www.bremax.de\\\/#organization\",\"name\":\"BREMAX\",\"url\":\"https:\\\/\\\/www.bremax.de\\\/\",\"logo\":{\"@type\":\"ImageObject\",\"inLanguage\":\"cs\",\"@id\":\"https:\\\/\\\/www.bremax.de\\\/#\\\/schema\\\/logo\\\/image\\\/\",\"url\":\"https:\\\/\\\/www.bremax.de\\\/wp-content\\\/uploads\\\/2025\\\/09\\\/cropped-Logo_BREMAX_Gross_transp-3.png\",\"contentUrl\":\"https:\\\/\\\/www.bremax.de\\\/wp-content\\\/uploads\\\/2025\\\/09\\\/cropped-Logo_BREMAX_Gross_transp-3.png\",\"width\":1000,\"height\":285,\"caption\":\"BREMAX\"},\"image\":{\"@id\":\"https:\\\/\\\/www.bremax.de\\\/#\\\/schema\\\/logo\\\/image\\\/\"},\"sameAs\":[\"https:\\\/\\\/www.facebook.com\\\/CemastirGermany\\\/\"]}]}<\/script>\n<!-- \/ Yoast SEO plugin. -->","yoast_head_json":{"title":"Otisk - BREMAX","robots":{"index":"index","follow":"follow","max-snippet":"max-snippet:-1","max-image-preview":"max-image-preview:large","max-video-preview":"max-video-preview:-1"},"canonical":"https:\/\/www.bremax.de\/cs\/otisk\/","og_locale":"cs_CZ","og_type":"article","og_title":"Impressum - BREMAX","og_description":"Impressum BREMAX GmbHRobert-Bosch-Str. 349393 Lohne Gesch\u00e4ftsf\u00fchrer\u00a0|\u00a0CEO | InhaberChristian Mahnken info@bremax.deTel +49 (0) 4442 \u2013 955 99 80Fax +49 (0) 4442 \u2013 955 99 89 www.bremax.de Registergericht Oldenburg \u2013 HRB 217305 Ust. IdNr.: DE314909831 Fotografie: BREMAX GmbH Haftungsausschluss, Urheberrecht Die auf diesen Internetseiten angebotenen und dargestellten Inhalte d\u00fcrfen ohne vorherige schriftliche Genehmigung durch die BREMAX GmbH [&hellip;]","og_url":"https:\/\/www.bremax.de\/cs\/otisk\/","og_site_name":"BREMAX","article_publisher":"https:\/\/www.facebook.com\/CemastirGermany\/","article_modified_time":"2026-04-15T16:46:38+00:00","twitter_card":"summary_large_image","twitter_misc":{"Odhadovan\u00e1 doba \u010dten\u00ed":"3 minuty"},"schema":{"@context":"https:\/\/schema.org","@graph":[{"@type":"WebPage","@id":"https:\/\/www.bremax.de\/impressum\/","url":"https:\/\/www.bremax.de\/impressum\/","name":"Otisk - BREMAX","isPartOf":{"@id":"https:\/\/www.bremax.de\/#website"},"datePublished":"2017-12-08T11:12:02+00:00","dateModified":"2026-04-15T16:46:38+00:00","breadcrumb":{"@id":"https:\/\/www.bremax.de\/impressum\/#breadcrumb"},"inLanguage":"cs","potentialAction":[{"@type":"ReadAction","target":["https:\/\/www.bremax.de\/impressum\/"]}]},{"@type":"BreadcrumbList","@id":"https:\/\/www.bremax.de\/impressum\/#breadcrumb","itemListElement":[{"@type":"ListItem","position":1,"name":"Startseite","item":"https:\/\/www.bremax.de\/"},{"@type":"ListItem","position":2,"name":"Impressum"}]},{"@type":"WebSite","@id":"https:\/\/www.bremax.de\/#website","url":"https:\/\/www.bremax.de\/","name":"BREMAX","description":"","publisher":{"@id":"https:\/\/www.bremax.de\/#organization"},"potentialAction":[{"@type":"SearchAction","target":{"@type":"EntryPoint","urlTemplate":"https:\/\/www.bremax.de\/?s={search_term_string}"},"query-input":{"@type":"PropertyValueSpecification","valueRequired":true,"valueName":"search_term_string"}}],"inLanguage":"cs"},{"@type":"Organization","@id":"https:\/\/www.bremax.de\/#organization","name":"BREMAX","url":"https:\/\/www.bremax.de\/","logo":{"@type":"ImageObject","inLanguage":"cs","@id":"https:\/\/www.bremax.de\/#\/schema\/logo\/image\/","url":"https:\/\/www.bremax.de\/wp-content\/uploads\/2025\/09\/cropped-Logo_BREMAX_Gross_transp-3.png","contentUrl":"https:\/\/www.bremax.de\/wp-content\/uploads\/2025\/09\/cropped-Logo_BREMAX_Gross_transp-3.png","width":1000,"height":285,"caption":"BREMAX"},"image":{"@id":"https:\/\/www.bremax.de\/#\/schema\/logo\/image\/"},"sameAs":["https:\/\/www.facebook.com\/CemastirGermany\/"]}]}},"_links":{"self":[{"href":"https:\/\/www.bremax.de\/cs\/wp-json\/wp\/v2\/pages\/3086","targetHints":{"allow":["GET"]}}],"collection":[{"href":"https:\/\/www.bremax.de\/cs\/wp-json\/wp\/v2\/pages"}],"about":[{"href":"https:\/\/www.bremax.de\/cs\/wp-json\/wp\/v2\/types\/page"}],"author":[{"embeddable":true,"href":"https:\/\/www.bremax.de\/cs\/wp-json\/wp\/v2\/users\/3"}],"replies":[{"embeddable":true,"href":"https:\/\/www.bremax.de\/cs\/wp-json\/wp\/v2\/comments?post=3086"}],"version-history":[{"count":19,"href":"https:\/\/www.bremax.de\/cs\/wp-json\/wp\/v2\/pages\/3086\/revisions"}],"predecessor-version":[{"id":13969,"href":"https:\/\/www.bremax.de\/cs\/wp-json\/wp\/v2\/pages\/3086\/revisions\/13969"}],"wp:attachment":[{"href":"https:\/\/www.bremax.de\/cs\/wp-json\/wp\/v2\/media?parent=3086"}],"curies":[{"name":"wp","href":"https:\/\/api.w.org\/{rel}","templated":true}]}}